{"id":5785,"date":"2025-11-05T18:21:32","date_gmt":"2025-11-05T18:21:32","guid":{"rendered":"https:\/\/jungle-grower.com\/?post_type=product&#038;p=5785"},"modified":"2026-02-23T20:21:43","modified_gmt":"2026-02-23T20:21:43","slug":"charras-2025-fr-thc-free-0-free-thc-0","status":"publish","type":"product","link":"https:\/\/jungle-grower.com\/es\/product\/charras-2025-fr-thc-free-0-free-thc-0\/","title":{"rendered":"Hash &#8211; Charras THC Free 0%"},"content":{"rendered":"<p>Prix de vente conseill\u00e9 : 6\u20ac \u00e0 10\u20ac \/ gr<\/p>","protected":false},"excerpt":{"rendered":"<p><strong>Hash &#8211; Charras THC Free 0%<\/strong><\/p>\n<p data-path-to-node=\"1\">Inspir\u00e9 des m\u00e9thodes ancestrales de frottage \u00e0 la main, ce <b data-path-to-node=\"1\" data-index-in-node=\"59\">Charas<\/b> se pr\u00e9sente avec une robe noire luisante et une texture <b data-path-to-node=\"1\" data-index-in-node=\"122\">ultra-grasse et mall\u00e9able<\/b>. Bien qu&#8217;il soit totalement <b data-path-to-node=\"1\" data-index-in-node=\"176\">libre de THC (0%)<\/b>, il conserve une souplesse exceptionnelle et une densit\u00e9 remarquable. Sous les doigts, il se travaille comme une p\u00e2te onctueuse, lib\u00e9rant des terp\u00e8nes puissants de bois de santal, de terre \u00e9pic\u00e9e et de r\u00e9sine fra\u00eeche. Une prouesse technique qui offre l&#8217;aspect et l&#8217;odeur d&#8217;un Charas traditionnel pour une s\u00e9r\u00e9nit\u00e9 totale.<\/p>","protected":false},"featured_media":4789,"comment_status":"open","ping_status":"closed","template":"","meta":[],"product_cat":[54],"product_tag":[68],"class_list":{"0":"post-5785","1":"product","2":"type-product","3":"status-publish","4":"has-post-thumbnail","6":"product_cat-france","7":"product_tag-resine","9":"first","10":"instock","11":"taxable","12":"shipping-taxable","13":"purchasable","14":"product-type-variable"},"acf":[],"yoast_head":"<!-- This site is optimized with the Yoast SEO plugin v26.3 - https:\/\/yoast.com\/wordpress\/plugins\/seo\/ -->\n<title>Charras 2025 FR THC Free 0% - FREE THC 0%<\/title>\n<meta name=\"robots\" content=\"index, follow, max-snippet:-1, max-image-preview:large, max-video-preview:-1\" \/>\n<link rel=\"canonical\" href=\"https:\/\/jungle-grower.com\/es\/product\/charras-2025-fr-thc-free-0-free-thc-0\/\" \/>\n<meta property=\"og:locale\" content=\"es_ES\" \/>\n<meta property=\"og:type\" content=\"article\" \/>\n<meta property=\"og:title\" content=\"Charras 2025 FR THC Free 0% - FREE THC 0%\" \/>\n<meta property=\"og:description\" content=\"Hash - Charras THC Free 0% Inspir\u00e9 des m\u00e9thodes ancestrales de frottage \u00e0 la main, ce Charas se pr\u00e9sente avec une robe noire luisante et une texture ultra-grasse et mall\u00e9able. Bien qu&#039;il soit totalement libre de THC (0%), il conserve une souplesse exceptionnelle et une densit\u00e9 remarquable. Sous les doigts, il se travaille comme une p\u00e2te onctueuse, lib\u00e9rant des terp\u00e8nes puissants de bois de santal, de terre \u00e9pic\u00e9e et de r\u00e9sine fra\u00eeche. Une prouesse technique qui offre l&#039;aspect et l&#039;odeur d&#039;un Charas traditionnel pour une s\u00e9r\u00e9nit\u00e9 totale.\" \/>\n<meta property=\"og:url\" content=\"https:\/\/jungle-grower.com\/es\/product\/charras-2025-fr-thc-free-0-free-thc-0\/\" \/>\n<meta property=\"og:site_name\" content=\"Jungle Grower\" \/>\n<meta property=\"article:modified_time\" content=\"2026-02-23T20:21:43+00:00\" \/>\n<meta property=\"og:image\" content=\"https:\/\/jungle-grower.com\/wp-content\/uploads\/2024\/11\/chara-0-461.png\" \/>\n\t<meta property=\"og:image:width\" content=\"279\" \/>\n\t<meta property=\"og:image:height\" content=\"388\" \/>\n\t<meta property=\"og:image:type\" content=\"image\/png\" \/>\n<meta name=\"twitter:card\" content=\"summary_large_image\" \/>\n<meta name=\"twitter:label1\" content=\"Tiempo de lectura\" \/>\n\t<meta name=\"twitter:data1\" content=\"1 minuto\" \/>\n<script type=\"application\/ld+json\" class=\"yoast-schema-graph\">{\"@context\":\"https:\/\/schema.org\",\"@graph\":[{\"@type\":\"WebPage\",\"@id\":\"https:\/\/jungle-grower.com\/produit\/charras-2025-fr-thc-free-0-free-thc-0\/\",\"url\":\"https:\/\/jungle-grower.com\/produit\/charras-2025-fr-thc-free-0-free-thc-0\/\",\"name\":\"Charras 2025 FR THC Free 0% - FREE THC 0%\",\"isPartOf\":{\"@id\":\"https:\/\/jungle-grower.com\/#website\"},\"primaryImageOfPage\":{\"@id\":\"https:\/\/jungle-grower.com\/produit\/charras-2025-fr-thc-free-0-free-thc-0\/#primaryimage\"},\"image\":{\"@id\":\"https:\/\/jungle-grower.com\/produit\/charras-2025-fr-thc-free-0-free-thc-0\/#primaryimage\"},\"thumbnailUrl\":\"https:\/\/jungle-grower.com\/wp-content\/uploads\/2024\/11\/chara-0-461.png\",\"datePublished\":\"2025-11-05T18:21:32+00:00\",\"dateModified\":\"2026-02-23T20:21:43+00:00\",\"breadcrumb\":{\"@id\":\"https:\/\/jungle-grower.com\/produit\/charras-2025-fr-thc-free-0-free-thc-0\/#breadcrumb\"},\"inLanguage\":\"es\",\"potentialAction\":[{\"@type\":\"ReadAction\",\"target\":[\"https:\/\/jungle-grower.com\/produit\/charras-2025-fr-thc-free-0-free-thc-0\/\"]}]},{\"@type\":\"ImageObject\",\"inLanguage\":\"es\",\"@id\":\"https:\/\/jungle-grower.com\/produit\/charras-2025-fr-thc-free-0-free-thc-0\/#primaryimage\",\"url\":\"https:\/\/jungle-grower.com\/wp-content\/uploads\/2024\/11\/chara-0-461.png\",\"contentUrl\":\"https:\/\/jungle-grower.com\/wp-content\/uploads\/2024\/11\/chara-0-461.png\",\"width\":279,\"height\":388},{\"@type\":\"BreadcrumbList\",\"@id\":\"https:\/\/jungle-grower.com\/produit\/charras-2025-fr-thc-free-0-free-thc-0\/#breadcrumb\",\"itemListElement\":[{\"@type\":\"ListItem\",\"position\":1,\"name\":\"Accueil\",\"item\":\"https:\/\/jungle-grower.com\/\"},{\"@type\":\"ListItem\",\"position\":2,\"name\":\"Boutique PRO\",\"item\":\"https:\/\/jungle-grower.com\/boutique\/\"},{\"@type\":\"ListItem\",\"position\":3,\"name\":\"Hash &#8211; Charras THC Free 0%\"}]},{\"@type\":\"WebSite\",\"@id\":\"https:\/\/jungle-grower.com\/#website\",\"url\":\"https:\/\/jungle-grower.com\/\",\"name\":\"Jungle Grower\",\"description\":\"Grossiste CBD en France\",\"publisher\":{\"@id\":\"https:\/\/jungle-grower.com\/#organization\"},\"potentialAction\":[{\"@type\":\"SearchAction\",\"target\":{\"@type\":\"EntryPoint\",\"urlTemplate\":\"https:\/\/jungle-grower.com\/?s={search_term_string}\"},\"query-input\":{\"@type\":\"PropertyValueSpecification\",\"valueRequired\":true,\"valueName\":\"search_term_string\"}}],\"inLanguage\":\"es\"},{\"@type\":\"Organization\",\"@id\":\"https:\/\/jungle-grower.com\/#organization\",\"name\":\"Jungle Grower\",\"url\":\"https:\/\/jungle-grower.com\/\",\"logo\":{\"@type\":\"ImageObject\",\"inLanguage\":\"es\",\"@id\":\"https:\/\/jungle-grower.com\/#\/schema\/logo\/image\/\",\"url\":\"https:\/\/jungle-grower.com\/wp-content\/uploads\/2023\/08\/3904b720-b34f-4707-8345-cf9ad0a3bc06.jpg\",\"contentUrl\":\"https:\/\/jungle-grower.com\/wp-content\/uploads\/2023\/08\/3904b720-b34f-4707-8345-cf9ad0a3bc06.jpg\",\"width\":1080,\"height\":1080,\"caption\":\"Jungle Grower\"},\"image\":{\"@id\":\"https:\/\/jungle-grower.com\/#\/schema\/logo\/image\/\"}}]}<\/script>\n<!-- \/ Yoast SEO plugin. -->","yoast_head_json":{"title":"Charras 2025 FR THC Free 0% - FREE THC 0%","robots":{"index":"index","follow":"follow","max-snippet":"max-snippet:-1","max-image-preview":"max-image-preview:large","max-video-preview":"max-video-preview:-1"},"canonical":"https:\/\/jungle-grower.com\/es\/product\/charras-2025-fr-thc-free-0-free-thc-0\/","og_locale":"es_ES","og_type":"article","og_title":"Charras 2025 FR THC Free 0% - FREE THC 0%","og_description":"Hash - Charras THC Free 0% Inspir\u00e9 des m\u00e9thodes ancestrales de frottage \u00e0 la main, ce Charas se pr\u00e9sente avec une robe noire luisante et une texture ultra-grasse et mall\u00e9able. Bien qu'il soit totalement libre de THC (0%), il conserve une souplesse exceptionnelle et une densit\u00e9 remarquable. Sous les doigts, il se travaille comme une p\u00e2te onctueuse, lib\u00e9rant des terp\u00e8nes puissants de bois de santal, de terre \u00e9pic\u00e9e et de r\u00e9sine fra\u00eeche. Une prouesse technique qui offre l'aspect et l'odeur d'un Charas traditionnel pour une s\u00e9r\u00e9nit\u00e9 totale.","og_url":"https:\/\/jungle-grower.com\/es\/product\/charras-2025-fr-thc-free-0-free-thc-0\/","og_site_name":"Jungle Grower","article_modified_time":"2026-02-23T20:21:43+00:00","og_image":[{"width":279,"height":388,"url":"https:\/\/jungle-grower.com\/wp-content\/uploads\/2024\/11\/chara-0-461.png","type":"image\/png"}],"twitter_card":"summary_large_image","twitter_misc":{"Tiempo de lectura":"1 minuto"},"schema":{"@context":"https:\/\/schema.org","@graph":[{"@type":"WebPage","@id":"https:\/\/jungle-grower.com\/produit\/charras-2025-fr-thc-free-0-free-thc-0\/","url":"https:\/\/jungle-grower.com\/produit\/charras-2025-fr-thc-free-0-free-thc-0\/","name":"Charras 2025 FR THC Free 0% - FREE THC 0%","isPartOf":{"@id":"https:\/\/jungle-grower.com\/#website"},"primaryImageOfPage":{"@id":"https:\/\/jungle-grower.com\/produit\/charras-2025-fr-thc-free-0-free-thc-0\/#primaryimage"},"image":{"@id":"https:\/\/jungle-grower.com\/produit\/charras-2025-fr-thc-free-0-free-thc-0\/#primaryimage"},"thumbnailUrl":"https:\/\/jungle-grower.com\/wp-content\/uploads\/2024\/11\/chara-0-461.png","datePublished":"2025-11-05T18:21:32+00:00","dateModified":"2026-02-23T20:21:43+00:00","breadcrumb":{"@id":"https:\/\/jungle-grower.com\/produit\/charras-2025-fr-thc-free-0-free-thc-0\/#breadcrumb"},"inLanguage":"es","potentialAction":[{"@type":"ReadAction","target":["https:\/\/jungle-grower.com\/produit\/charras-2025-fr-thc-free-0-free-thc-0\/"]}]},{"@type":"ImageObject","inLanguage":"es","@id":"https:\/\/jungle-grower.com\/produit\/charras-2025-fr-thc-free-0-free-thc-0\/#primaryimage","url":"https:\/\/jungle-grower.com\/wp-content\/uploads\/2024\/11\/chara-0-461.png","contentUrl":"https:\/\/jungle-grower.com\/wp-content\/uploads\/2024\/11\/chara-0-461.png","width":279,"height":388},{"@type":"BreadcrumbList","@id":"https:\/\/jungle-grower.com\/produit\/charras-2025-fr-thc-free-0-free-thc-0\/#breadcrumb","itemListElement":[{"@type":"ListItem","position":1,"name":"Accueil","item":"https:\/\/jungle-grower.com\/"},{"@type":"ListItem","position":2,"name":"Boutique PRO","item":"https:\/\/jungle-grower.com\/boutique\/"},{"@type":"ListItem","position":3,"name":"Hash &#8211; Charras THC Free 0%"}]},{"@type":"WebSite","@id":"https:\/\/jungle-grower.com\/#website","url":"https:\/\/jungle-grower.com\/","name":"Jungle Grower","description":"Grossiste CBD en France","publisher":{"@id":"https:\/\/jungle-grower.com\/#organization"},"potentialAction":[{"@type":"SearchAction","target":{"@type":"EntryPoint","urlTemplate":"https:\/\/jungle-grower.com\/?s={search_term_string}"},"query-input":{"@type":"PropertyValueSpecification","valueRequired":true,"valueName":"search_term_string"}}],"inLanguage":"es"},{"@type":"Organization","@id":"https:\/\/jungle-grower.com\/#organization","name":"Jungle Grower","url":"https:\/\/jungle-grower.com\/","logo":{"@type":"ImageObject","inLanguage":"es","@id":"https:\/\/jungle-grower.com\/#\/schema\/logo\/image\/","url":"https:\/\/jungle-grower.com\/wp-content\/uploads\/2023\/08\/3904b720-b34f-4707-8345-cf9ad0a3bc06.jpg","contentUrl":"https:\/\/jungle-grower.com\/wp-content\/uploads\/2023\/08\/3904b720-b34f-4707-8345-cf9ad0a3bc06.jpg","width":1080,"height":1080,"caption":"Jungle Grower"},"image":{"@id":"https:\/\/jungle-grower.com\/#\/schema\/logo\/image\/"}}]}},"jetpack_sharing_enabled":true,"_links":{"self":[{"href":"https:\/\/jungle-grower.com\/es\/wp-json\/wp\/v2\/product\/5785","targetHints":{"allow":["GET"]}}],"collection":[{"href":"https:\/\/jungle-grower.com\/es\/wp-json\/wp\/v2\/product"}],"about":[{"href":"https:\/\/jungle-grower.com\/es\/wp-json\/wp\/v2\/types\/product"}],"replies":[{"embeddable":true,"href":"https:\/\/jungle-grower.com\/es\/wp-json\/wp\/v2\/comments?post=5785"}],"wp:featuredmedia":[{"embeddable":true,"href":"https:\/\/jungle-grower.com\/es\/wp-json\/wp\/v2\/media\/4789"}],"wp:attachment":[{"href":"https:\/\/jungle-grower.com\/es\/wp-json\/wp\/v2\/media?parent=5785"}],"wp:term":[{"taxonomy":"product_cat","embeddable":true,"href":"https:\/\/jungle-grower.com\/es\/wp-json\/wp\/v2\/product_cat?post=5785"},{"taxonomy":"product_tag","embeddable":true,"href":"https:\/\/jungle-grower.com\/es\/wp-json\/wp\/v2\/product_tag?post=5785"}],"curies":[{"name":"wp","href":"https:\/\/api.w.org\/{rel}","templated":true}]}}