{"id":5770,"date":"2025-11-05T18:11:37","date_gmt":"2025-11-05T18:11:37","guid":{"rendered":"https:\/\/jungle-grower.com\/?post_type=product&#038;p=5770"},"modified":"2026-04-02T13:44:12","modified_gmt":"2026-04-02T13:44:12","slug":"sub-zero-pepites","status":"publish","type":"product","link":"https:\/\/jungle-grower.com\/es\/product\/sub-zero-pepites\/","title":{"rendered":"SUB ZERO &#8211; Fleurs &amp; Rock"},"content":{"rendered":"<p>Prix de vente conseill\u00e9 : 6\u20ac \u00e0 10\u20ac \/ gr<\/p>","protected":false},"excerpt":{"rendered":"<p><strong>SUB ZERO &#8211; Premium Flower CBD<\/strong><\/p>\n<p data-path-to-node=\"1\">Issue d&#8217;une s\u00e9lection de nos plus belles fleurs de <b data-path-to-node=\"1\" data-index-in-node=\"51\">Ar\u00e1ndanos<\/b>, la Sub Zero offre une allure remarquable avec son enrobage de <b data-path-to-node=\"1\" data-index-in-node=\"124\">pollen ultra-concentr\u00e9 blanc<\/b> qui lui donne un aspect givr\u00e9 unique. Sa texture est dense et extr\u00eamement r\u00e9sineuse, combinant la fermet\u00e9 du bud bio \u00e0 la finesse d&#8217;un manteau de cristaux pur. En bouche, c&#8217;est une explosion de saveurs : le go\u00fbt puissant de baies sauvages et de myrtille s&#8217;allie \u00e0 la richesse du pollen pour une exp\u00e9rience aromatique intense et persistante.<\/p>\n<p data-path-to-node=\"2\">Prix de vente conseill\u00e9 : 6\u20ac \u00e0 10\u20ac \/ gr<\/p>","protected":false},"featured_media":5849,"comment_status":"open","ping_status":"closed","template":"","meta":[],"product_cat":[54],"product_tag":[68],"class_list":{"0":"post-5770","1":"product","2":"type-product","3":"status-publish","4":"has-post-thumbnail","6":"product_cat-france","7":"product_tag-resine","9":"first","10":"instock","11":"taxable","12":"shipping-taxable","13":"purchasable","14":"product-type-variable","15":"has-default-attributes"},"acf":[],"yoast_head":"<!-- This site is optimized with the Yoast SEO plugin v26.3 - https:\/\/yoast.com\/wordpress\/plugins\/seo\/ -->\n<title>SUB ZERO - Premium Flower CBD<\/title>\n<meta name=\"robots\" content=\"index, follow, max-snippet:-1, max-image-preview:large, max-video-preview:-1\" \/>\n<link rel=\"canonical\" href=\"https:\/\/jungle-grower.com\/es\/product\/sub-zero-pepites\/\" \/>\n<meta property=\"og:locale\" content=\"es_ES\" \/>\n<meta property=\"og:type\" content=\"article\" \/>\n<meta property=\"og:title\" content=\"SUB ZERO - Premium Flower CBD\" \/>\n<meta property=\"og:description\" content=\"SUB ZERO - Premium Flower CBD Issue d&#039;une s\u00e9lection de nos plus belles fleurs de Blueberry, la Sub Zero offre une allure remarquable avec son enrobage de pollen ultra-concentr\u00e9 blanc qui lui donne un aspect givr\u00e9 unique. Sa texture est dense et extr\u00eamement r\u00e9sineuse, combinant la fermet\u00e9 du bud bio \u00e0 la finesse d&#039;un manteau de cristaux pur. En bouche, c&#039;est une explosion de saveurs : le go\u00fbt puissant de baies sauvages et de myrtille s&#039;allie \u00e0 la richesse du pollen pour une exp\u00e9rience aromatique intense et persistante. Prix de vente conseill\u00e9 : 6\u20ac \u00e0 10\u20ac \/ gr\" \/>\n<meta property=\"og:url\" content=\"https:\/\/jungle-grower.com\/es\/product\/sub-zero-pepites\/\" \/>\n<meta property=\"og:site_name\" content=\"Jungle Grower\" \/>\n<meta property=\"article:modified_time\" content=\"2026-04-02T13:44:12+00:00\" \/>\n<meta property=\"og:image\" content=\"https:\/\/jungle-grower.com\/wp-content\/uploads\/2025\/11\/Sub-Zero.png\" \/>\n\t<meta property=\"og:image:width\" content=\"794\" \/>\n\t<meta property=\"og:image:height\" content=\"647\" \/>\n\t<meta property=\"og:image:type\" content=\"image\/png\" \/>\n<meta name=\"twitter:card\" content=\"summary_large_image\" \/>\n<meta name=\"twitter:label1\" content=\"Tiempo de lectura\" \/>\n\t<meta name=\"twitter:data1\" content=\"1 minuto\" \/>\n<script type=\"application\/ld+json\" class=\"yoast-schema-graph\">{\"@context\":\"https:\/\/schema.org\",\"@graph\":[{\"@type\":\"WebPage\",\"@id\":\"https:\/\/jungle-grower.com\/produit\/sub-zero-pepites\/\",\"url\":\"https:\/\/jungle-grower.com\/produit\/sub-zero-pepites\/\",\"name\":\"SUB ZERO - Premium Flower CBD\",\"isPartOf\":{\"@id\":\"https:\/\/jungle-grower.com\/#website\"},\"primaryImageOfPage\":{\"@id\":\"https:\/\/jungle-grower.com\/produit\/sub-zero-pepites\/#primaryimage\"},\"image\":{\"@id\":\"https:\/\/jungle-grower.com\/produit\/sub-zero-pepites\/#primaryimage\"},\"thumbnailUrl\":\"https:\/\/jungle-grower.com\/wp-content\/uploads\/2025\/11\/Sub-Zero.png\",\"datePublished\":\"2025-11-05T18:11:37+00:00\",\"dateModified\":\"2026-04-02T13:44:12+00:00\",\"breadcrumb\":{\"@id\":\"https:\/\/jungle-grower.com\/produit\/sub-zero-pepites\/#breadcrumb\"},\"inLanguage\":\"es\",\"potentialAction\":[{\"@type\":\"ReadAction\",\"target\":[\"https:\/\/jungle-grower.com\/produit\/sub-zero-pepites\/\"]}]},{\"@type\":\"ImageObject\",\"inLanguage\":\"es\",\"@id\":\"https:\/\/jungle-grower.com\/produit\/sub-zero-pepites\/#primaryimage\",\"url\":\"https:\/\/jungle-grower.com\/wp-content\/uploads\/2025\/11\/Sub-Zero.png\",\"contentUrl\":\"https:\/\/jungle-grower.com\/wp-content\/uploads\/2025\/11\/Sub-Zero.png\",\"width\":794,\"height\":647,\"caption\":\"Sub Zero\"},{\"@type\":\"BreadcrumbList\",\"@id\":\"https:\/\/jungle-grower.com\/produit\/sub-zero-pepites\/#breadcrumb\",\"itemListElement\":[{\"@type\":\"ListItem\",\"position\":1,\"name\":\"Accueil\",\"item\":\"https:\/\/jungle-grower.com\/\"},{\"@type\":\"ListItem\",\"position\":2,\"name\":\"Boutique PRO\",\"item\":\"https:\/\/jungle-grower.com\/boutique\/\"},{\"@type\":\"ListItem\",\"position\":3,\"name\":\"SUB ZERO &#8211; Fleurs &amp; Rock\"}]},{\"@type\":\"WebSite\",\"@id\":\"https:\/\/jungle-grower.com\/#website\",\"url\":\"https:\/\/jungle-grower.com\/\",\"name\":\"Jungle Grower\",\"description\":\"Grossiste CBD en France\",\"publisher\":{\"@id\":\"https:\/\/jungle-grower.com\/#organization\"},\"potentialAction\":[{\"@type\":\"SearchAction\",\"target\":{\"@type\":\"EntryPoint\",\"urlTemplate\":\"https:\/\/jungle-grower.com\/?s={search_term_string}\"},\"query-input\":{\"@type\":\"PropertyValueSpecification\",\"valueRequired\":true,\"valueName\":\"search_term_string\"}}],\"inLanguage\":\"es\"},{\"@type\":\"Organization\",\"@id\":\"https:\/\/jungle-grower.com\/#organization\",\"name\":\"Jungle Grower\",\"url\":\"https:\/\/jungle-grower.com\/\",\"logo\":{\"@type\":\"ImageObject\",\"inLanguage\":\"es\",\"@id\":\"https:\/\/jungle-grower.com\/#\/schema\/logo\/image\/\",\"url\":\"https:\/\/jungle-grower.com\/wp-content\/uploads\/2023\/08\/3904b720-b34f-4707-8345-cf9ad0a3bc06.jpg\",\"contentUrl\":\"https:\/\/jungle-grower.com\/wp-content\/uploads\/2023\/08\/3904b720-b34f-4707-8345-cf9ad0a3bc06.jpg\",\"width\":1080,\"height\":1080,\"caption\":\"Jungle Grower\"},\"image\":{\"@id\":\"https:\/\/jungle-grower.com\/#\/schema\/logo\/image\/\"}}]}<\/script>\n<!-- \/ Yoast SEO plugin. -->","yoast_head_json":{"title":"SUB ZERO - Premium Flower CBD","robots":{"index":"index","follow":"follow","max-snippet":"max-snippet:-1","max-image-preview":"max-image-preview:large","max-video-preview":"max-video-preview:-1"},"canonical":"https:\/\/jungle-grower.com\/es\/product\/sub-zero-pepites\/","og_locale":"es_ES","og_type":"article","og_title":"SUB ZERO - Premium Flower CBD","og_description":"SUB ZERO - Premium Flower CBD Issue d'une s\u00e9lection de nos plus belles fleurs de Blueberry, la Sub Zero offre une allure remarquable avec son enrobage de pollen ultra-concentr\u00e9 blanc qui lui donne un aspect givr\u00e9 unique. Sa texture est dense et extr\u00eamement r\u00e9sineuse, combinant la fermet\u00e9 du bud bio \u00e0 la finesse d'un manteau de cristaux pur. En bouche, c'est une explosion de saveurs : le go\u00fbt puissant de baies sauvages et de myrtille s'allie \u00e0 la richesse du pollen pour une exp\u00e9rience aromatique intense et persistante. Prix de vente conseill\u00e9 : 6\u20ac \u00e0 10\u20ac \/ gr","og_url":"https:\/\/jungle-grower.com\/es\/product\/sub-zero-pepites\/","og_site_name":"Jungle Grower","article_modified_time":"2026-04-02T13:44:12+00:00","og_image":[{"width":794,"height":647,"url":"https:\/\/jungle-grower.com\/wp-content\/uploads\/2025\/11\/Sub-Zero.png","type":"image\/png"}],"twitter_card":"summary_large_image","twitter_misc":{"Tiempo de lectura":"1 minuto"},"schema":{"@context":"https:\/\/schema.org","@graph":[{"@type":"WebPage","@id":"https:\/\/jungle-grower.com\/produit\/sub-zero-pepites\/","url":"https:\/\/jungle-grower.com\/produit\/sub-zero-pepites\/","name":"SUB ZERO - Premium Flower CBD","isPartOf":{"@id":"https:\/\/jungle-grower.com\/#website"},"primaryImageOfPage":{"@id":"https:\/\/jungle-grower.com\/produit\/sub-zero-pepites\/#primaryimage"},"image":{"@id":"https:\/\/jungle-grower.com\/produit\/sub-zero-pepites\/#primaryimage"},"thumbnailUrl":"https:\/\/jungle-grower.com\/wp-content\/uploads\/2025\/11\/Sub-Zero.png","datePublished":"2025-11-05T18:11:37+00:00","dateModified":"2026-04-02T13:44:12+00:00","breadcrumb":{"@id":"https:\/\/jungle-grower.com\/produit\/sub-zero-pepites\/#breadcrumb"},"inLanguage":"es","potentialAction":[{"@type":"ReadAction","target":["https:\/\/jungle-grower.com\/produit\/sub-zero-pepites\/"]}]},{"@type":"ImageObject","inLanguage":"es","@id":"https:\/\/jungle-grower.com\/produit\/sub-zero-pepites\/#primaryimage","url":"https:\/\/jungle-grower.com\/wp-content\/uploads\/2025\/11\/Sub-Zero.png","contentUrl":"https:\/\/jungle-grower.com\/wp-content\/uploads\/2025\/11\/Sub-Zero.png","width":794,"height":647,"caption":"Sub Zero"},{"@type":"BreadcrumbList","@id":"https:\/\/jungle-grower.com\/produit\/sub-zero-pepites\/#breadcrumb","itemListElement":[{"@type":"ListItem","position":1,"name":"Accueil","item":"https:\/\/jungle-grower.com\/"},{"@type":"ListItem","position":2,"name":"Boutique PRO","item":"https:\/\/jungle-grower.com\/boutique\/"},{"@type":"ListItem","position":3,"name":"SUB ZERO &#8211; Fleurs &amp; Rock"}]},{"@type":"WebSite","@id":"https:\/\/jungle-grower.com\/#website","url":"https:\/\/jungle-grower.com\/","name":"Jungle Grower","description":"Grossiste CBD en France","publisher":{"@id":"https:\/\/jungle-grower.com\/#organization"},"potentialAction":[{"@type":"SearchAction","target":{"@type":"EntryPoint","urlTemplate":"https:\/\/jungle-grower.com\/?s={search_term_string}"},"query-input":{"@type":"PropertyValueSpecification","valueRequired":true,"valueName":"search_term_string"}}],"inLanguage":"es"},{"@type":"Organization","@id":"https:\/\/jungle-grower.com\/#organization","name":"Jungle Grower","url":"https:\/\/jungle-grower.com\/","logo":{"@type":"ImageObject","inLanguage":"es","@id":"https:\/\/jungle-grower.com\/#\/schema\/logo\/image\/","url":"https:\/\/jungle-grower.com\/wp-content\/uploads\/2023\/08\/3904b720-b34f-4707-8345-cf9ad0a3bc06.jpg","contentUrl":"https:\/\/jungle-grower.com\/wp-content\/uploads\/2023\/08\/3904b720-b34f-4707-8345-cf9ad0a3bc06.jpg","width":1080,"height":1080,"caption":"Jungle Grower"},"image":{"@id":"https:\/\/jungle-grower.com\/#\/schema\/logo\/image\/"}}]}},"jetpack_sharing_enabled":true,"_links":{"self":[{"href":"https:\/\/jungle-grower.com\/es\/wp-json\/wp\/v2\/product\/5770","targetHints":{"allow":["GET"]}}],"collection":[{"href":"https:\/\/jungle-grower.com\/es\/wp-json\/wp\/v2\/product"}],"about":[{"href":"https:\/\/jungle-grower.com\/es\/wp-json\/wp\/v2\/types\/product"}],"replies":[{"embeddable":true,"href":"https:\/\/jungle-grower.com\/es\/wp-json\/wp\/v2\/comments?post=5770"}],"wp:featuredmedia":[{"embeddable":true,"href":"https:\/\/jungle-grower.com\/es\/wp-json\/wp\/v2\/media\/5849"}],"wp:attachment":[{"href":"https:\/\/jungle-grower.com\/es\/wp-json\/wp\/v2\/media?parent=5770"}],"wp:term":[{"taxonomy":"product_cat","embeddable":true,"href":"https:\/\/jungle-grower.com\/es\/wp-json\/wp\/v2\/product_cat?post=5770"},{"taxonomy":"product_tag","embeddable":true,"href":"https:\/\/jungle-grower.com\/es\/wp-json\/wp\/v2\/product_tag?post=5770"}],"curies":[{"name":"wp","href":"https:\/\/api.w.org\/{rel}","templated":true}]}}