{"id":5725,"date":"2025-11-05T17:46:31","date_gmt":"2025-11-05T17:46:31","guid":{"rendered":"https:\/\/jungle-grower.com\/?post_type=product&#038;p=5725"},"modified":"2026-04-24T12:24:28","modified_gmt":"2026-04-24T12:24:28","slug":"nepal-cream-les-classiques","status":"publish","type":"product","link":"https:\/\/jungle-grower.com\/es\/product\/nepal-cream-les-classiques\/","title":{"rendered":"Hash &#8211; Nepal Cream"},"content":{"rendered":"<p>Prix de vente conseill\u00e9 : 4\u20ac \u00e0 8\u20ac \/ gr<\/p>","protected":false},"excerpt":{"rendered":"<p><strong>Hash &#8211; Nepal Cream<\/strong><\/p>\n<p data-path-to-node=\"1\">Ce hash se distingue par sa texture <b data-path-to-node=\"1\" data-index-in-node=\"36\">ultra-cr\u00e9meuse et mousseuse<\/b>, une consistance grasse qui t\u00e9moigne d&#8217;une haute concentration en r\u00e9sine. Sous sa robe sombre et luisante, il r\u00e9v\u00e8le un c\u0153ur souple, presque fondant. Son profil aromatique est profond : des terp\u00e8nes de santal, d&#8217;encens et de r\u00e9sine de pin s&#8217;entrem\u00ealent pour offrir une exp\u00e9rience ronde en bouche, typique des meilleures extractions de montagne.<\/p>","protected":false},"featured_media":5820,"comment_status":"open","ping_status":"closed","template":"","meta":[],"product_cat":[54],"product_tag":[68],"class_list":{"0":"post-5725","1":"product","2":"type-product","3":"status-publish","4":"has-post-thumbnail","6":"product_cat-france","7":"product_tag-resine","9":"first","10":"instock","11":"taxable","12":"shipping-taxable","13":"purchasable","14":"product-type-variable","15":"has-default-attributes"},"acf":[],"yoast_head":"<!-- This site is optimized with the Yoast SEO plugin v26.3 - https:\/\/yoast.com\/wordpress\/plugins\/seo\/ -->\n<title>Nepal Cream - Les Classiques<\/title>\n<meta name=\"robots\" content=\"index, follow, max-snippet:-1, max-image-preview:large, max-video-preview:-1\" \/>\n<link rel=\"canonical\" href=\"https:\/\/jungle-grower.com\/es\/product\/nepal-cream-les-classiques\/\" \/>\n<meta property=\"og:locale\" content=\"es_ES\" \/>\n<meta property=\"og:type\" content=\"article\" \/>\n<meta property=\"og:title\" content=\"Nepal Cream - Les Classiques\" \/>\n<meta property=\"og:description\" content=\"Hash - Nepal Cream Ce hash se distingue par sa texture ultra-cr\u00e9meuse et mousseuse, une consistance grasse qui t\u00e9moigne d&#039;une haute concentration en r\u00e9sine. Sous sa robe sombre et luisante, il r\u00e9v\u00e8le un c\u0153ur souple, presque fondant. Son profil aromatique est profond : des terp\u00e8nes de santal, d&#039;encens et de r\u00e9sine de pin s&#039;entrem\u00ealent pour offrir une exp\u00e9rience ronde en bouche, typique des meilleures extractions de montagne.\" \/>\n<meta property=\"og:url\" content=\"https:\/\/jungle-grower.com\/es\/product\/nepal-cream-les-classiques\/\" \/>\n<meta property=\"og:site_name\" content=\"Jungle Grower\" \/>\n<meta property=\"article:modified_time\" content=\"2026-04-24T12:24:28+00:00\" \/>\n<meta property=\"og:image\" content=\"https:\/\/jungle-grower.com\/wp-content\/uploads\/2025\/01\/Nepal-Cream-2.png\" \/>\n\t<meta property=\"og:image:width\" content=\"1248\" \/>\n\t<meta property=\"og:image:height\" content=\"832\" \/>\n\t<meta property=\"og:image:type\" content=\"image\/png\" \/>\n<meta name=\"twitter:card\" content=\"summary_large_image\" \/>\n<meta name=\"twitter:label1\" content=\"Tiempo de lectura\" \/>\n\t<meta name=\"twitter:data1\" content=\"1 minuto\" \/>\n<script type=\"application\/ld+json\" class=\"yoast-schema-graph\">{\"@context\":\"https:\/\/schema.org\",\"@graph\":[{\"@type\":\"WebPage\",\"@id\":\"https:\/\/jungle-grower.com\/produit\/nepal-cream-les-classiques\/\",\"url\":\"https:\/\/jungle-grower.com\/produit\/nepal-cream-les-classiques\/\",\"name\":\"Nepal Cream - Les Classiques\",\"isPartOf\":{\"@id\":\"https:\/\/jungle-grower.com\/#website\"},\"primaryImageOfPage\":{\"@id\":\"https:\/\/jungle-grower.com\/produit\/nepal-cream-les-classiques\/#primaryimage\"},\"image\":{\"@id\":\"https:\/\/jungle-grower.com\/produit\/nepal-cream-les-classiques\/#primaryimage\"},\"thumbnailUrl\":\"https:\/\/jungle-grower.com\/wp-content\/uploads\/2025\/01\/Nepal-Cream-2.png\",\"datePublished\":\"2025-11-05T17:46:31+00:00\",\"dateModified\":\"2026-04-24T12:24:28+00:00\",\"breadcrumb\":{\"@id\":\"https:\/\/jungle-grower.com\/produit\/nepal-cream-les-classiques\/#breadcrumb\"},\"inLanguage\":\"es\",\"potentialAction\":[{\"@type\":\"ReadAction\",\"target\":[\"https:\/\/jungle-grower.com\/produit\/nepal-cream-les-classiques\/\"]}]},{\"@type\":\"ImageObject\",\"inLanguage\":\"es\",\"@id\":\"https:\/\/jungle-grower.com\/produit\/nepal-cream-les-classiques\/#primaryimage\",\"url\":\"https:\/\/jungle-grower.com\/wp-content\/uploads\/2025\/01\/Nepal-Cream-2.png\",\"contentUrl\":\"https:\/\/jungle-grower.com\/wp-content\/uploads\/2025\/01\/Nepal-Cream-2.png\",\"width\":1248,\"height\":832,\"caption\":\"Nepal Cream 2\"},{\"@type\":\"BreadcrumbList\",\"@id\":\"https:\/\/jungle-grower.com\/produit\/nepal-cream-les-classiques\/#breadcrumb\",\"itemListElement\":[{\"@type\":\"ListItem\",\"position\":1,\"name\":\"Accueil\",\"item\":\"https:\/\/jungle-grower.com\/\"},{\"@type\":\"ListItem\",\"position\":2,\"name\":\"Boutique PRO\",\"item\":\"https:\/\/jungle-grower.com\/boutique\/\"},{\"@type\":\"ListItem\",\"position\":3,\"name\":\"Hash &#8211; Nepal Cream\"}]},{\"@type\":\"WebSite\",\"@id\":\"https:\/\/jungle-grower.com\/#website\",\"url\":\"https:\/\/jungle-grower.com\/\",\"name\":\"Jungle Grower\",\"description\":\"Grossiste CBD en France\",\"publisher\":{\"@id\":\"https:\/\/jungle-grower.com\/#organization\"},\"potentialAction\":[{\"@type\":\"SearchAction\",\"target\":{\"@type\":\"EntryPoint\",\"urlTemplate\":\"https:\/\/jungle-grower.com\/?s={search_term_string}\"},\"query-input\":{\"@type\":\"PropertyValueSpecification\",\"valueRequired\":true,\"valueName\":\"search_term_string\"}}],\"inLanguage\":\"es\"},{\"@type\":\"Organization\",\"@id\":\"https:\/\/jungle-grower.com\/#organization\",\"name\":\"Jungle Grower\",\"url\":\"https:\/\/jungle-grower.com\/\",\"logo\":{\"@type\":\"ImageObject\",\"inLanguage\":\"es\",\"@id\":\"https:\/\/jungle-grower.com\/#\/schema\/logo\/image\/\",\"url\":\"https:\/\/jungle-grower.com\/wp-content\/uploads\/2023\/08\/3904b720-b34f-4707-8345-cf9ad0a3bc06.jpg\",\"contentUrl\":\"https:\/\/jungle-grower.com\/wp-content\/uploads\/2023\/08\/3904b720-b34f-4707-8345-cf9ad0a3bc06.jpg\",\"width\":1080,\"height\":1080,\"caption\":\"Jungle Grower\"},\"image\":{\"@id\":\"https:\/\/jungle-grower.com\/#\/schema\/logo\/image\/\"}}]}<\/script>\n<!-- \/ Yoast SEO plugin. -->","yoast_head_json":{"title":"Nepal Cream - Les Classiques","robots":{"index":"index","follow":"follow","max-snippet":"max-snippet:-1","max-image-preview":"max-image-preview:large","max-video-preview":"max-video-preview:-1"},"canonical":"https:\/\/jungle-grower.com\/es\/product\/nepal-cream-les-classiques\/","og_locale":"es_ES","og_type":"article","og_title":"Nepal Cream - Les Classiques","og_description":"Hash - Nepal Cream Ce hash se distingue par sa texture ultra-cr\u00e9meuse et mousseuse, une consistance grasse qui t\u00e9moigne d'une haute concentration en r\u00e9sine. Sous sa robe sombre et luisante, il r\u00e9v\u00e8le un c\u0153ur souple, presque fondant. Son profil aromatique est profond : des terp\u00e8nes de santal, d'encens et de r\u00e9sine de pin s'entrem\u00ealent pour offrir une exp\u00e9rience ronde en bouche, typique des meilleures extractions de montagne.","og_url":"https:\/\/jungle-grower.com\/es\/product\/nepal-cream-les-classiques\/","og_site_name":"Jungle Grower","article_modified_time":"2026-04-24T12:24:28+00:00","og_image":[{"width":1248,"height":832,"url":"https:\/\/jungle-grower.com\/wp-content\/uploads\/2025\/01\/Nepal-Cream-2.png","type":"image\/png"}],"twitter_card":"summary_large_image","twitter_misc":{"Tiempo de lectura":"1 minuto"},"schema":{"@context":"https:\/\/schema.org","@graph":[{"@type":"WebPage","@id":"https:\/\/jungle-grower.com\/produit\/nepal-cream-les-classiques\/","url":"https:\/\/jungle-grower.com\/produit\/nepal-cream-les-classiques\/","name":"Nepal Cream - Les Classiques","isPartOf":{"@id":"https:\/\/jungle-grower.com\/#website"},"primaryImageOfPage":{"@id":"https:\/\/jungle-grower.com\/produit\/nepal-cream-les-classiques\/#primaryimage"},"image":{"@id":"https:\/\/jungle-grower.com\/produit\/nepal-cream-les-classiques\/#primaryimage"},"thumbnailUrl":"https:\/\/jungle-grower.com\/wp-content\/uploads\/2025\/01\/Nepal-Cream-2.png","datePublished":"2025-11-05T17:46:31+00:00","dateModified":"2026-04-24T12:24:28+00:00","breadcrumb":{"@id":"https:\/\/jungle-grower.com\/produit\/nepal-cream-les-classiques\/#breadcrumb"},"inLanguage":"es","potentialAction":[{"@type":"ReadAction","target":["https:\/\/jungle-grower.com\/produit\/nepal-cream-les-classiques\/"]}]},{"@type":"ImageObject","inLanguage":"es","@id":"https:\/\/jungle-grower.com\/produit\/nepal-cream-les-classiques\/#primaryimage","url":"https:\/\/jungle-grower.com\/wp-content\/uploads\/2025\/01\/Nepal-Cream-2.png","contentUrl":"https:\/\/jungle-grower.com\/wp-content\/uploads\/2025\/01\/Nepal-Cream-2.png","width":1248,"height":832,"caption":"Nepal Cream 2"},{"@type":"BreadcrumbList","@id":"https:\/\/jungle-grower.com\/produit\/nepal-cream-les-classiques\/#breadcrumb","itemListElement":[{"@type":"ListItem","position":1,"name":"Accueil","item":"https:\/\/jungle-grower.com\/"},{"@type":"ListItem","position":2,"name":"Boutique PRO","item":"https:\/\/jungle-grower.com\/boutique\/"},{"@type":"ListItem","position":3,"name":"Hash &#8211; Nepal Cream"}]},{"@type":"WebSite","@id":"https:\/\/jungle-grower.com\/#website","url":"https:\/\/jungle-grower.com\/","name":"Jungle Grower","description":"Grossiste CBD en France","publisher":{"@id":"https:\/\/jungle-grower.com\/#organization"},"potentialAction":[{"@type":"SearchAction","target":{"@type":"EntryPoint","urlTemplate":"https:\/\/jungle-grower.com\/?s={search_term_string}"},"query-input":{"@type":"PropertyValueSpecification","valueRequired":true,"valueName":"search_term_string"}}],"inLanguage":"es"},{"@type":"Organization","@id":"https:\/\/jungle-grower.com\/#organization","name":"Jungle Grower","url":"https:\/\/jungle-grower.com\/","logo":{"@type":"ImageObject","inLanguage":"es","@id":"https:\/\/jungle-grower.com\/#\/schema\/logo\/image\/","url":"https:\/\/jungle-grower.com\/wp-content\/uploads\/2023\/08\/3904b720-b34f-4707-8345-cf9ad0a3bc06.jpg","contentUrl":"https:\/\/jungle-grower.com\/wp-content\/uploads\/2023\/08\/3904b720-b34f-4707-8345-cf9ad0a3bc06.jpg","width":1080,"height":1080,"caption":"Jungle Grower"},"image":{"@id":"https:\/\/jungle-grower.com\/#\/schema\/logo\/image\/"}}]}},"jetpack_sharing_enabled":true,"_links":{"self":[{"href":"https:\/\/jungle-grower.com\/es\/wp-json\/wp\/v2\/product\/5725","targetHints":{"allow":["GET"]}}],"collection":[{"href":"https:\/\/jungle-grower.com\/es\/wp-json\/wp\/v2\/product"}],"about":[{"href":"https:\/\/jungle-grower.com\/es\/wp-json\/wp\/v2\/types\/product"}],"replies":[{"embeddable":true,"href":"https:\/\/jungle-grower.com\/es\/wp-json\/wp\/v2\/comments?post=5725"}],"wp:featuredmedia":[{"embeddable":true,"href":"https:\/\/jungle-grower.com\/es\/wp-json\/wp\/v2\/media\/5820"}],"wp:attachment":[{"href":"https:\/\/jungle-grower.com\/es\/wp-json\/wp\/v2\/media?parent=5725"}],"wp:term":[{"taxonomy":"product_cat","embeddable":true,"href":"https:\/\/jungle-grower.com\/es\/wp-json\/wp\/v2\/product_cat?post=5725"},{"taxonomy":"product_tag","embeddable":true,"href":"https:\/\/jungle-grower.com\/es\/wp-json\/wp\/v2\/product_tag?post=5725"}],"curies":[{"name":"wp","href":"https:\/\/api.w.org\/{rel}","templated":true}]}}