{"id":5629,"date":"2025-11-05T11:55:44","date_gmt":"2025-11-05T11:55:44","guid":{"rendered":"https:\/\/jungle-grower.com\/?post_type=product&#038;p=5629"},"modified":"2026-01-07T17:34:33","modified_gmt":"2026-01-07T17:34:33","slug":"amnesia-nos-valeurs-sures","status":"publish","type":"product","link":"https:\/\/jungle-grower.com\/es\/product\/amnesia-nos-valeurs-sures\/","title":{"rendered":"Amnesia &#8211; Greenhouse"},"content":{"rendered":"","protected":false},"excerpt":{"rendered":"<p data-path-to-node=\"1\">Profitant de la ventilation naturelle de nos tunnels sur les collines, cette Amnesia exprime une vigueur authentique propre aux cultures sur sols bio. Le cycle solaire complet permet \u00e0 ses terp\u00e8nes de se d\u00e9velopper pleinement, offrant cette signature iconique d&#8217;agrumes poivr\u00e9s et de notes de santal, magnifi\u00e9e par une terre vivante qui offre une structure florale a\u00e9r\u00e9e et cristallis\u00e9e.<\/p>\n<p data-path-to-node=\"2\">Prix de vente conseill\u00e9 : 4\u20ac \u00e0 6\u20ac \/ gr<\/p>","protected":false},"featured_media":5900,"comment_status":"open","ping_status":"closed","template":"","meta":[],"product_cat":[54],"product_tag":[47],"class_list":{"0":"post-5629","1":"product","2":"type-product","3":"status-publish","4":"has-post-thumbnail","6":"product_cat-france","7":"product_tag-big","9":"first","10":"instock","11":"taxable","12":"shipping-taxable","13":"purchasable","14":"product-type-variable"},"acf":[],"yoast_head":"<!-- This site is optimized with the Yoast SEO plugin v26.3 - https:\/\/yoast.com\/wordpress\/plugins\/seo\/ -->\n<title>Amnesia - GreenHouse<\/title>\n<meta name=\"robots\" content=\"index, follow, max-snippet:-1, max-image-preview:large, max-video-preview:-1\" \/>\n<link rel=\"canonical\" href=\"https:\/\/jungle-grower.com\/es\/product\/amnesia-nos-valeurs-sures\/\" \/>\n<meta property=\"og:locale\" content=\"es_ES\" \/>\n<meta property=\"og:type\" content=\"article\" \/>\n<meta property=\"og:title\" content=\"Amnesia - GreenHouse\" \/>\n<meta property=\"og:description\" content=\"Profitant de la ventilation naturelle de nos tunnels sur les collines, cette Amnesia exprime une vigueur authentique propre aux cultures sur sols bio. Le cycle solaire complet permet \u00e0 ses terp\u00e8nes de se d\u00e9velopper pleinement, offrant cette signature iconique d&#039;agrumes poivr\u00e9s et de notes de santal, magnifi\u00e9e par une terre vivante qui offre une structure florale a\u00e9r\u00e9e et cristallis\u00e9e. Prix de vente conseill\u00e9 : 4\u20ac \u00e0 6\u20ac \/ gr\" \/>\n<meta property=\"og:url\" content=\"https:\/\/jungle-grower.com\/es\/product\/amnesia-nos-valeurs-sures\/\" \/>\n<meta property=\"og:site_name\" content=\"Jungle Grower\" \/>\n<meta property=\"article:modified_time\" content=\"2026-01-07T17:34:33+00:00\" \/>\n<meta property=\"og:image\" content=\"https:\/\/jungle-grower.com\/wp-content\/uploads\/2025\/11\/Amnesia.1JPG.jpg\" \/>\n\t<meta property=\"og:image:width\" content=\"863\" \/>\n\t<meta property=\"og:image:height\" content=\"1087\" \/>\n\t<meta property=\"og:image:type\" content=\"image\/jpeg\" \/>\n<meta name=\"twitter:card\" content=\"summary_large_image\" \/>\n<meta name=\"twitter:label1\" content=\"Tiempo de lectura\" \/>\n\t<meta name=\"twitter:data1\" content=\"1 minuto\" \/>\n<script type=\"application\/ld+json\" class=\"yoast-schema-graph\">{\"@context\":\"https:\/\/schema.org\",\"@graph\":[{\"@type\":\"WebPage\",\"@id\":\"https:\/\/jungle-grower.com\/produit\/amnesia-nos-valeurs-sures\/\",\"url\":\"https:\/\/jungle-grower.com\/produit\/amnesia-nos-valeurs-sures\/\",\"name\":\"Amnesia - GreenHouse\",\"isPartOf\":{\"@id\":\"https:\/\/jungle-grower.com\/#website\"},\"primaryImageOfPage\":{\"@id\":\"https:\/\/jungle-grower.com\/produit\/amnesia-nos-valeurs-sures\/#primaryimage\"},\"image\":{\"@id\":\"https:\/\/jungle-grower.com\/produit\/amnesia-nos-valeurs-sures\/#primaryimage\"},\"thumbnailUrl\":\"https:\/\/jungle-grower.com\/wp-content\/uploads\/2025\/11\/Amnesia.1JPG.jpg\",\"datePublished\":\"2025-11-05T11:55:44+00:00\",\"dateModified\":\"2026-01-07T17:34:33+00:00\",\"breadcrumb\":{\"@id\":\"https:\/\/jungle-grower.com\/produit\/amnesia-nos-valeurs-sures\/#breadcrumb\"},\"inLanguage\":\"es\",\"potentialAction\":[{\"@type\":\"ReadAction\",\"target\":[\"https:\/\/jungle-grower.com\/produit\/amnesia-nos-valeurs-sures\/\"]}]},{\"@type\":\"ImageObject\",\"inLanguage\":\"es\",\"@id\":\"https:\/\/jungle-grower.com\/produit\/amnesia-nos-valeurs-sures\/#primaryimage\",\"url\":\"https:\/\/jungle-grower.com\/wp-content\/uploads\/2025\/11\/Amnesia.1JPG.jpg\",\"contentUrl\":\"https:\/\/jungle-grower.com\/wp-content\/uploads\/2025\/11\/Amnesia.1JPG.jpg\",\"width\":863,\"height\":1087,\"caption\":\"Amnesia\"},{\"@type\":\"BreadcrumbList\",\"@id\":\"https:\/\/jungle-grower.com\/produit\/amnesia-nos-valeurs-sures\/#breadcrumb\",\"itemListElement\":[{\"@type\":\"ListItem\",\"position\":1,\"name\":\"Accueil\",\"item\":\"https:\/\/jungle-grower.com\/\"},{\"@type\":\"ListItem\",\"position\":2,\"name\":\"Boutique PRO\",\"item\":\"https:\/\/jungle-grower.com\/boutique\/\"},{\"@type\":\"ListItem\",\"position\":3,\"name\":\"Amnesia &#8211; Greenhouse\"}]},{\"@type\":\"WebSite\",\"@id\":\"https:\/\/jungle-grower.com\/#website\",\"url\":\"https:\/\/jungle-grower.com\/\",\"name\":\"Jungle Grower\",\"description\":\"Grossiste CBD en France\",\"publisher\":{\"@id\":\"https:\/\/jungle-grower.com\/#organization\"},\"potentialAction\":[{\"@type\":\"SearchAction\",\"target\":{\"@type\":\"EntryPoint\",\"urlTemplate\":\"https:\/\/jungle-grower.com\/?s={search_term_string}\"},\"query-input\":{\"@type\":\"PropertyValueSpecification\",\"valueRequired\":true,\"valueName\":\"search_term_string\"}}],\"inLanguage\":\"es\"},{\"@type\":\"Organization\",\"@id\":\"https:\/\/jungle-grower.com\/#organization\",\"name\":\"Jungle Grower\",\"url\":\"https:\/\/jungle-grower.com\/\",\"logo\":{\"@type\":\"ImageObject\",\"inLanguage\":\"es\",\"@id\":\"https:\/\/jungle-grower.com\/#\/schema\/logo\/image\/\",\"url\":\"https:\/\/jungle-grower.com\/wp-content\/uploads\/2023\/08\/3904b720-b34f-4707-8345-cf9ad0a3bc06.jpg\",\"contentUrl\":\"https:\/\/jungle-grower.com\/wp-content\/uploads\/2023\/08\/3904b720-b34f-4707-8345-cf9ad0a3bc06.jpg\",\"width\":1080,\"height\":1080,\"caption\":\"Jungle Grower\"},\"image\":{\"@id\":\"https:\/\/jungle-grower.com\/#\/schema\/logo\/image\/\"}}]}<\/script>\n<!-- \/ Yoast SEO plugin. -->","yoast_head_json":{"title":"Amnesia - GreenHouse","robots":{"index":"index","follow":"follow","max-snippet":"max-snippet:-1","max-image-preview":"max-image-preview:large","max-video-preview":"max-video-preview:-1"},"canonical":"https:\/\/jungle-grower.com\/es\/product\/amnesia-nos-valeurs-sures\/","og_locale":"es_ES","og_type":"article","og_title":"Amnesia - GreenHouse","og_description":"Profitant de la ventilation naturelle de nos tunnels sur les collines, cette Amnesia exprime une vigueur authentique propre aux cultures sur sols bio. Le cycle solaire complet permet \u00e0 ses terp\u00e8nes de se d\u00e9velopper pleinement, offrant cette signature iconique d'agrumes poivr\u00e9s et de notes de santal, magnifi\u00e9e par une terre vivante qui offre une structure florale a\u00e9r\u00e9e et cristallis\u00e9e. Prix de vente conseill\u00e9 : 4\u20ac \u00e0 6\u20ac \/ gr","og_url":"https:\/\/jungle-grower.com\/es\/product\/amnesia-nos-valeurs-sures\/","og_site_name":"Jungle Grower","article_modified_time":"2026-01-07T17:34:33+00:00","og_image":[{"width":863,"height":1087,"url":"https:\/\/jungle-grower.com\/wp-content\/uploads\/2025\/11\/Amnesia.1JPG.jpg","type":"image\/jpeg"}],"twitter_card":"summary_large_image","twitter_misc":{"Tiempo de lectura":"1 minuto"},"schema":{"@context":"https:\/\/schema.org","@graph":[{"@type":"WebPage","@id":"https:\/\/jungle-grower.com\/produit\/amnesia-nos-valeurs-sures\/","url":"https:\/\/jungle-grower.com\/produit\/amnesia-nos-valeurs-sures\/","name":"Amnesia - GreenHouse","isPartOf":{"@id":"https:\/\/jungle-grower.com\/#website"},"primaryImageOfPage":{"@id":"https:\/\/jungle-grower.com\/produit\/amnesia-nos-valeurs-sures\/#primaryimage"},"image":{"@id":"https:\/\/jungle-grower.com\/produit\/amnesia-nos-valeurs-sures\/#primaryimage"},"thumbnailUrl":"https:\/\/jungle-grower.com\/wp-content\/uploads\/2025\/11\/Amnesia.1JPG.jpg","datePublished":"2025-11-05T11:55:44+00:00","dateModified":"2026-01-07T17:34:33+00:00","breadcrumb":{"@id":"https:\/\/jungle-grower.com\/produit\/amnesia-nos-valeurs-sures\/#breadcrumb"},"inLanguage":"es","potentialAction":[{"@type":"ReadAction","target":["https:\/\/jungle-grower.com\/produit\/amnesia-nos-valeurs-sures\/"]}]},{"@type":"ImageObject","inLanguage":"es","@id":"https:\/\/jungle-grower.com\/produit\/amnesia-nos-valeurs-sures\/#primaryimage","url":"https:\/\/jungle-grower.com\/wp-content\/uploads\/2025\/11\/Amnesia.1JPG.jpg","contentUrl":"https:\/\/jungle-grower.com\/wp-content\/uploads\/2025\/11\/Amnesia.1JPG.jpg","width":863,"height":1087,"caption":"Amnesia"},{"@type":"BreadcrumbList","@id":"https:\/\/jungle-grower.com\/produit\/amnesia-nos-valeurs-sures\/#breadcrumb","itemListElement":[{"@type":"ListItem","position":1,"name":"Accueil","item":"https:\/\/jungle-grower.com\/"},{"@type":"ListItem","position":2,"name":"Boutique PRO","item":"https:\/\/jungle-grower.com\/boutique\/"},{"@type":"ListItem","position":3,"name":"Amnesia &#8211; Greenhouse"}]},{"@type":"WebSite","@id":"https:\/\/jungle-grower.com\/#website","url":"https:\/\/jungle-grower.com\/","name":"Jungle Grower","description":"Grossiste CBD en France","publisher":{"@id":"https:\/\/jungle-grower.com\/#organization"},"potentialAction":[{"@type":"SearchAction","target":{"@type":"EntryPoint","urlTemplate":"https:\/\/jungle-grower.com\/?s={search_term_string}"},"query-input":{"@type":"PropertyValueSpecification","valueRequired":true,"valueName":"search_term_string"}}],"inLanguage":"es"},{"@type":"Organization","@id":"https:\/\/jungle-grower.com\/#organization","name":"Jungle Grower","url":"https:\/\/jungle-grower.com\/","logo":{"@type":"ImageObject","inLanguage":"es","@id":"https:\/\/jungle-grower.com\/#\/schema\/logo\/image\/","url":"https:\/\/jungle-grower.com\/wp-content\/uploads\/2023\/08\/3904b720-b34f-4707-8345-cf9ad0a3bc06.jpg","contentUrl":"https:\/\/jungle-grower.com\/wp-content\/uploads\/2023\/08\/3904b720-b34f-4707-8345-cf9ad0a3bc06.jpg","width":1080,"height":1080,"caption":"Jungle Grower"},"image":{"@id":"https:\/\/jungle-grower.com\/#\/schema\/logo\/image\/"}}]}},"jetpack_sharing_enabled":true,"_links":{"self":[{"href":"https:\/\/jungle-grower.com\/es\/wp-json\/wp\/v2\/product\/5629","targetHints":{"allow":["GET"]}}],"collection":[{"href":"https:\/\/jungle-grower.com\/es\/wp-json\/wp\/v2\/product"}],"about":[{"href":"https:\/\/jungle-grower.com\/es\/wp-json\/wp\/v2\/types\/product"}],"replies":[{"embeddable":true,"href":"https:\/\/jungle-grower.com\/es\/wp-json\/wp\/v2\/comments?post=5629"}],"wp:featuredmedia":[{"embeddable":true,"href":"https:\/\/jungle-grower.com\/es\/wp-json\/wp\/v2\/media\/5900"}],"wp:attachment":[{"href":"https:\/\/jungle-grower.com\/es\/wp-json\/wp\/v2\/media?parent=5629"}],"wp:term":[{"taxonomy":"product_cat","embeddable":true,"href":"https:\/\/jungle-grower.com\/es\/wp-json\/wp\/v2\/product_cat?post=5629"},{"taxonomy":"product_tag","embeddable":true,"href":"https:\/\/jungle-grower.com\/es\/wp-json\/wp\/v2\/product_tag?post=5629"}],"curies":[{"name":"wp","href":"https:\/\/api.w.org\/{rel}","templated":true}]}}