{"id":5603,"date":"2025-11-05T11:26:31","date_gmt":"2025-11-05T11:26:31","guid":{"rendered":"https:\/\/jungle-grower.com\/?post_type=product&#038;p=5603"},"modified":"2026-01-05T23:12:56","modified_gmt":"2026-01-05T23:12:56","slug":"hawaiian-haze-glasshouse-classic","status":"publish","type":"product","link":"https:\/\/jungle-grower.com\/es\/product\/hawaiian-haze-glasshouse-classic\/","title":{"rendered":"Hawaiian Haze &#8211; USA &#8211; GlassHouse"},"content":{"rendered":"","protected":false},"excerpt":{"rendered":"<p data-path-to-node=\"1\">Directement issue de nos <b data-path-to-node=\"1\" data-index-in-node=\"25\">GlassHouse<\/b>, cette g\u00e9n\u00e9tique tropicale exprime tout le savoir-faire am\u00e9ricain \u00e0 travers des fleurs magnifiques et a\u00e9r\u00e9es, port\u00e9es par un profil terp\u00e9nique exotique o\u00f9 les notes d&#8217;ananas m\u00fbr et de mangue sauvage dominent pour une exp\u00e9rience organoleptique solaire.<\/p>\n<p data-path-to-node=\"2\">Prix de vente conseill\u00e9 : 4\u20ac \u00e0 6\u20ac \/ gr<\/p>","protected":false},"featured_media":5914,"comment_status":"open","ping_status":"closed","template":"","meta":[],"product_cat":[66],"product_tag":[47],"class_list":{"0":"post-5603","1":"product","2":"type-product","3":"status-publish","4":"has-post-thumbnail","6":"product_cat-usa","7":"product_tag-big","9":"first","10":"instock","11":"taxable","12":"shipping-taxable","13":"purchasable","14":"product-type-variable"},"acf":[],"yoast_head":"<!-- This site is optimized with the Yoast SEO plugin v26.3 - https:\/\/yoast.com\/wordpress\/plugins\/seo\/ -->\n<title>Hawaiian Haze - GlassHouse Classic<\/title>\n<meta name=\"robots\" content=\"index, follow, max-snippet:-1, max-image-preview:large, max-video-preview:-1\" \/>\n<link rel=\"canonical\" href=\"https:\/\/jungle-grower.com\/es\/product\/hawaiian-haze-glasshouse-classic\/\" \/>\n<meta property=\"og:locale\" content=\"es_ES\" \/>\n<meta property=\"og:type\" content=\"article\" \/>\n<meta property=\"og:title\" content=\"Hawaiian Haze - GlassHouse Classic\" \/>\n<meta property=\"og:description\" content=\"Directement issue de nos GlassHouse, cette g\u00e9n\u00e9tique tropicale exprime tout le savoir-faire am\u00e9ricain \u00e0 travers des fleurs magnifiques et a\u00e9r\u00e9es, port\u00e9es par un profil terp\u00e9nique exotique o\u00f9 les notes d&#039;ananas m\u00fbr et de mangue sauvage dominent pour une exp\u00e9rience organoleptique solaire. Prix de vente conseill\u00e9 : 4\u20ac \u00e0 6\u20ac \/ gr\" \/>\n<meta property=\"og:url\" content=\"https:\/\/jungle-grower.com\/es\/product\/hawaiian-haze-glasshouse-classic\/\" \/>\n<meta property=\"og:site_name\" content=\"Jungle Grower\" \/>\n<meta property=\"article:modified_time\" content=\"2026-01-05T23:12:56+00:00\" \/>\n<meta property=\"og:image\" content=\"https:\/\/jungle-grower.com\/wp-content\/uploads\/2025\/11\/IMG_0354.jpg\" \/>\n\t<meta property=\"og:image:width\" content=\"864\" \/>\n\t<meta property=\"og:image:height\" content=\"1077\" \/>\n\t<meta property=\"og:image:type\" content=\"image\/jpeg\" \/>\n<meta name=\"twitter:card\" content=\"summary_large_image\" \/>\n<meta name=\"twitter:label1\" content=\"Tiempo de lectura\" \/>\n\t<meta name=\"twitter:data1\" content=\"1 minuto\" \/>\n<script type=\"application\/ld+json\" class=\"yoast-schema-graph\">{\"@context\":\"https:\/\/schema.org\",\"@graph\":[{\"@type\":\"WebPage\",\"@id\":\"https:\/\/jungle-grower.com\/produit\/hawaiian-haze-glasshouse-classic\/\",\"url\":\"https:\/\/jungle-grower.com\/produit\/hawaiian-haze-glasshouse-classic\/\",\"name\":\"Hawaiian Haze - GlassHouse Classic\",\"isPartOf\":{\"@id\":\"https:\/\/jungle-grower.com\/#website\"},\"primaryImageOfPage\":{\"@id\":\"https:\/\/jungle-grower.com\/produit\/hawaiian-haze-glasshouse-classic\/#primaryimage\"},\"image\":{\"@id\":\"https:\/\/jungle-grower.com\/produit\/hawaiian-haze-glasshouse-classic\/#primaryimage\"},\"thumbnailUrl\":\"https:\/\/jungle-grower.com\/wp-content\/uploads\/2025\/11\/IMG_0354.jpg\",\"datePublished\":\"2025-11-05T11:26:31+00:00\",\"dateModified\":\"2026-01-05T23:12:56+00:00\",\"breadcrumb\":{\"@id\":\"https:\/\/jungle-grower.com\/produit\/hawaiian-haze-glasshouse-classic\/#breadcrumb\"},\"inLanguage\":\"es\",\"potentialAction\":[{\"@type\":\"ReadAction\",\"target\":[\"https:\/\/jungle-grower.com\/produit\/hawaiian-haze-glasshouse-classic\/\"]}]},{\"@type\":\"ImageObject\",\"inLanguage\":\"es\",\"@id\":\"https:\/\/jungle-grower.com\/produit\/hawaiian-haze-glasshouse-classic\/#primaryimage\",\"url\":\"https:\/\/jungle-grower.com\/wp-content\/uploads\/2025\/11\/IMG_0354.jpg\",\"contentUrl\":\"https:\/\/jungle-grower.com\/wp-content\/uploads\/2025\/11\/IMG_0354.jpg\",\"width\":864,\"height\":1077,\"caption\":\"Hawaiian\"},{\"@type\":\"BreadcrumbList\",\"@id\":\"https:\/\/jungle-grower.com\/produit\/hawaiian-haze-glasshouse-classic\/#breadcrumb\",\"itemListElement\":[{\"@type\":\"ListItem\",\"position\":1,\"name\":\"Accueil\",\"item\":\"https:\/\/jungle-grower.com\/\"},{\"@type\":\"ListItem\",\"position\":2,\"name\":\"Boutique PRO\",\"item\":\"https:\/\/jungle-grower.com\/boutique\/\"},{\"@type\":\"ListItem\",\"position\":3,\"name\":\"Hawaiian Haze &#8211; USA &#8211; GlassHouse\"}]},{\"@type\":\"WebSite\",\"@id\":\"https:\/\/jungle-grower.com\/#website\",\"url\":\"https:\/\/jungle-grower.com\/\",\"name\":\"Jungle Grower\",\"description\":\"Grossiste CBD en France\",\"publisher\":{\"@id\":\"https:\/\/jungle-grower.com\/#organization\"},\"potentialAction\":[{\"@type\":\"SearchAction\",\"target\":{\"@type\":\"EntryPoint\",\"urlTemplate\":\"https:\/\/jungle-grower.com\/?s={search_term_string}\"},\"query-input\":{\"@type\":\"PropertyValueSpecification\",\"valueRequired\":true,\"valueName\":\"search_term_string\"}}],\"inLanguage\":\"es\"},{\"@type\":\"Organization\",\"@id\":\"https:\/\/jungle-grower.com\/#organization\",\"name\":\"Jungle Grower\",\"url\":\"https:\/\/jungle-grower.com\/\",\"logo\":{\"@type\":\"ImageObject\",\"inLanguage\":\"es\",\"@id\":\"https:\/\/jungle-grower.com\/#\/schema\/logo\/image\/\",\"url\":\"https:\/\/jungle-grower.com\/wp-content\/uploads\/2023\/08\/3904b720-b34f-4707-8345-cf9ad0a3bc06.jpg\",\"contentUrl\":\"https:\/\/jungle-grower.com\/wp-content\/uploads\/2023\/08\/3904b720-b34f-4707-8345-cf9ad0a3bc06.jpg\",\"width\":1080,\"height\":1080,\"caption\":\"Jungle Grower\"},\"image\":{\"@id\":\"https:\/\/jungle-grower.com\/#\/schema\/logo\/image\/\"}}]}<\/script>\n<!-- \/ Yoast SEO plugin. -->","yoast_head_json":{"title":"Hawaiian Haze - GlassHouse Classic","robots":{"index":"index","follow":"follow","max-snippet":"max-snippet:-1","max-image-preview":"max-image-preview:large","max-video-preview":"max-video-preview:-1"},"canonical":"https:\/\/jungle-grower.com\/es\/product\/hawaiian-haze-glasshouse-classic\/","og_locale":"es_ES","og_type":"article","og_title":"Hawaiian Haze - GlassHouse Classic","og_description":"Directement issue de nos GlassHouse, cette g\u00e9n\u00e9tique tropicale exprime tout le savoir-faire am\u00e9ricain \u00e0 travers des fleurs magnifiques et a\u00e9r\u00e9es, port\u00e9es par un profil terp\u00e9nique exotique o\u00f9 les notes d'ananas m\u00fbr et de mangue sauvage dominent pour une exp\u00e9rience organoleptique solaire. Prix de vente conseill\u00e9 : 4\u20ac \u00e0 6\u20ac \/ gr","og_url":"https:\/\/jungle-grower.com\/es\/product\/hawaiian-haze-glasshouse-classic\/","og_site_name":"Jungle Grower","article_modified_time":"2026-01-05T23:12:56+00:00","og_image":[{"width":864,"height":1077,"url":"https:\/\/jungle-grower.com\/wp-content\/uploads\/2025\/11\/IMG_0354.jpg","type":"image\/jpeg"}],"twitter_card":"summary_large_image","twitter_misc":{"Tiempo de lectura":"1 minuto"},"schema":{"@context":"https:\/\/schema.org","@graph":[{"@type":"WebPage","@id":"https:\/\/jungle-grower.com\/produit\/hawaiian-haze-glasshouse-classic\/","url":"https:\/\/jungle-grower.com\/produit\/hawaiian-haze-glasshouse-classic\/","name":"Hawaiian Haze - GlassHouse Classic","isPartOf":{"@id":"https:\/\/jungle-grower.com\/#website"},"primaryImageOfPage":{"@id":"https:\/\/jungle-grower.com\/produit\/hawaiian-haze-glasshouse-classic\/#primaryimage"},"image":{"@id":"https:\/\/jungle-grower.com\/produit\/hawaiian-haze-glasshouse-classic\/#primaryimage"},"thumbnailUrl":"https:\/\/jungle-grower.com\/wp-content\/uploads\/2025\/11\/IMG_0354.jpg","datePublished":"2025-11-05T11:26:31+00:00","dateModified":"2026-01-05T23:12:56+00:00","breadcrumb":{"@id":"https:\/\/jungle-grower.com\/produit\/hawaiian-haze-glasshouse-classic\/#breadcrumb"},"inLanguage":"es","potentialAction":[{"@type":"ReadAction","target":["https:\/\/jungle-grower.com\/produit\/hawaiian-haze-glasshouse-classic\/"]}]},{"@type":"ImageObject","inLanguage":"es","@id":"https:\/\/jungle-grower.com\/produit\/hawaiian-haze-glasshouse-classic\/#primaryimage","url":"https:\/\/jungle-grower.com\/wp-content\/uploads\/2025\/11\/IMG_0354.jpg","contentUrl":"https:\/\/jungle-grower.com\/wp-content\/uploads\/2025\/11\/IMG_0354.jpg","width":864,"height":1077,"caption":"Hawaiian"},{"@type":"BreadcrumbList","@id":"https:\/\/jungle-grower.com\/produit\/hawaiian-haze-glasshouse-classic\/#breadcrumb","itemListElement":[{"@type":"ListItem","position":1,"name":"Accueil","item":"https:\/\/jungle-grower.com\/"},{"@type":"ListItem","position":2,"name":"Boutique PRO","item":"https:\/\/jungle-grower.com\/boutique\/"},{"@type":"ListItem","position":3,"name":"Hawaiian Haze &#8211; USA &#8211; GlassHouse"}]},{"@type":"WebSite","@id":"https:\/\/jungle-grower.com\/#website","url":"https:\/\/jungle-grower.com\/","name":"Jungle Grower","description":"Grossiste CBD en France","publisher":{"@id":"https:\/\/jungle-grower.com\/#organization"},"potentialAction":[{"@type":"SearchAction","target":{"@type":"EntryPoint","urlTemplate":"https:\/\/jungle-grower.com\/?s={search_term_string}"},"query-input":{"@type":"PropertyValueSpecification","valueRequired":true,"valueName":"search_term_string"}}],"inLanguage":"es"},{"@type":"Organization","@id":"https:\/\/jungle-grower.com\/#organization","name":"Jungle Grower","url":"https:\/\/jungle-grower.com\/","logo":{"@type":"ImageObject","inLanguage":"es","@id":"https:\/\/jungle-grower.com\/#\/schema\/logo\/image\/","url":"https:\/\/jungle-grower.com\/wp-content\/uploads\/2023\/08\/3904b720-b34f-4707-8345-cf9ad0a3bc06.jpg","contentUrl":"https:\/\/jungle-grower.com\/wp-content\/uploads\/2023\/08\/3904b720-b34f-4707-8345-cf9ad0a3bc06.jpg","width":1080,"height":1080,"caption":"Jungle Grower"},"image":{"@id":"https:\/\/jungle-grower.com\/#\/schema\/logo\/image\/"}}]}},"jetpack_sharing_enabled":true,"_links":{"self":[{"href":"https:\/\/jungle-grower.com\/es\/wp-json\/wp\/v2\/product\/5603","targetHints":{"allow":["GET"]}}],"collection":[{"href":"https:\/\/jungle-grower.com\/es\/wp-json\/wp\/v2\/product"}],"about":[{"href":"https:\/\/jungle-grower.com\/es\/wp-json\/wp\/v2\/types\/product"}],"replies":[{"embeddable":true,"href":"https:\/\/jungle-grower.com\/es\/wp-json\/wp\/v2\/comments?post=5603"}],"wp:featuredmedia":[{"embeddable":true,"href":"https:\/\/jungle-grower.com\/es\/wp-json\/wp\/v2\/media\/5914"}],"wp:attachment":[{"href":"https:\/\/jungle-grower.com\/es\/wp-json\/wp\/v2\/media?parent=5603"}],"wp:term":[{"taxonomy":"product_cat","embeddable":true,"href":"https:\/\/jungle-grower.com\/es\/wp-json\/wp\/v2\/product_cat?post=5603"},{"taxonomy":"product_tag","embeddable":true,"href":"https:\/\/jungle-grower.com\/es\/wp-json\/wp\/v2\/product_tag?post=5603"}],"curies":[{"name":"wp","href":"https:\/\/api.w.org\/{rel}","templated":true}]}}