{"id":5566,"date":"2025-11-04T15:15:54","date_gmt":"2025-11-04T15:15:54","guid":{"rendered":"https:\/\/jungle-grower.com\/?post_type=product&#038;p=5566"},"modified":"2026-02-23T18:29:51","modified_gmt":"2026-02-23T18:29:51","slug":"lemon-haze-og-glasshouse-premium","status":"publish","type":"product","link":"https:\/\/jungle-grower.com\/es\/product\/lemon-haze-og-glasshouse-premium\/","title":{"rendered":"Lemon Haze OG &#8211; GlassHouse Premium"},"content":{"rendered":"","protected":false},"excerpt":{"rendered":"<p data-path-to-node=\"1\">Cette s\u00e9lection Glasshouse se distingue par une concentration naturelle \u00e9lev\u00e9e en limon\u00e8ne, offrant une structure florale rigide et un profil terp\u00e9nique explosif o\u00f9 l&#8217;acidit\u00e9 du citron frais fusionne avec les notes organiques et terreuses de l&#8217;h\u00e9ritage OG.<\/p>\n<p data-path-to-node=\"2\">Prix de vente conseill\u00e9 : 4\u20ac \u00e0 6\u20ac \/ gr<\/p>","protected":false},"featured_media":6155,"comment_status":"open","ping_status":"closed","template":"","meta":[],"product_cat":[54],"product_tag":[47],"class_list":{"0":"post-5566","1":"product","2":"type-product","3":"status-publish","4":"has-post-thumbnail","6":"product_cat-france","7":"product_tag-big","9":"first","10":"instock","11":"taxable","12":"shipping-taxable","13":"purchasable","14":"product-type-variable"},"acf":[],"yoast_head":"<!-- This site is optimized with the Yoast SEO plugin v26.3 - https:\/\/yoast.com\/wordpress\/plugins\/seo\/ -->\n<title>Lemon Haze OG - GlassHouse Premium<\/title>\n<meta name=\"robots\" content=\"index, follow, max-snippet:-1, max-image-preview:large, max-video-preview:-1\" \/>\n<link rel=\"canonical\" href=\"https:\/\/jungle-grower.com\/es\/product\/lemon-haze-og-glasshouse-premium\/\" \/>\n<meta property=\"og:locale\" content=\"es_ES\" \/>\n<meta property=\"og:type\" content=\"article\" \/>\n<meta property=\"og:title\" content=\"Lemon Haze OG - GlassHouse Premium\" \/>\n<meta property=\"og:description\" content=\"Cette s\u00e9lection Glasshouse se distingue par une concentration naturelle \u00e9lev\u00e9e en limon\u00e8ne, offrant une structure florale rigide et un profil terp\u00e9nique explosif o\u00f9 l&#039;acidit\u00e9 du citron frais fusionne avec les notes organiques et terreuses de l&#039;h\u00e9ritage OG. Prix de vente conseill\u00e9 : 4\u20ac \u00e0 6\u20ac \/ gr\" \/>\n<meta property=\"og:url\" content=\"https:\/\/jungle-grower.com\/es\/product\/lemon-haze-og-glasshouse-premium\/\" \/>\n<meta property=\"og:site_name\" content=\"Jungle Grower\" \/>\n<meta property=\"article:modified_time\" content=\"2026-02-23T18:29:51+00:00\" \/>\n<meta property=\"og:image\" content=\"https:\/\/jungle-grower.com\/wp-content\/uploads\/2025\/11\/Lemon-Haze-6-scaled.jpg\" \/>\n\t<meta property=\"og:image:width\" content=\"1702\" \/>\n\t<meta property=\"og:image:height\" content=\"2560\" \/>\n\t<meta property=\"og:image:type\" content=\"image\/jpeg\" \/>\n<meta name=\"twitter:card\" content=\"summary_large_image\" \/>\n<meta name=\"twitter:label1\" content=\"Tiempo de lectura\" \/>\n\t<meta name=\"twitter:data1\" content=\"1 minuto\" \/>\n<script type=\"application\/ld+json\" class=\"yoast-schema-graph\">{\"@context\":\"https:\/\/schema.org\",\"@graph\":[{\"@type\":\"WebPage\",\"@id\":\"https:\/\/jungle-grower.com\/produit\/lemon-haze-og-glasshouse-premium\/\",\"url\":\"https:\/\/jungle-grower.com\/produit\/lemon-haze-og-glasshouse-premium\/\",\"name\":\"Lemon Haze OG - GlassHouse Premium\",\"isPartOf\":{\"@id\":\"https:\/\/jungle-grower.com\/#website\"},\"primaryImageOfPage\":{\"@id\":\"https:\/\/jungle-grower.com\/produit\/lemon-haze-og-glasshouse-premium\/#primaryimage\"},\"image\":{\"@id\":\"https:\/\/jungle-grower.com\/produit\/lemon-haze-og-glasshouse-premium\/#primaryimage\"},\"thumbnailUrl\":\"https:\/\/jungle-grower.com\/wp-content\/uploads\/2025\/11\/Lemon-Haze-6-scaled.jpg\",\"datePublished\":\"2025-11-04T15:15:54+00:00\",\"dateModified\":\"2026-02-23T18:29:51+00:00\",\"breadcrumb\":{\"@id\":\"https:\/\/jungle-grower.com\/produit\/lemon-haze-og-glasshouse-premium\/#breadcrumb\"},\"inLanguage\":\"es\",\"potentialAction\":[{\"@type\":\"ReadAction\",\"target\":[\"https:\/\/jungle-grower.com\/produit\/lemon-haze-og-glasshouse-premium\/\"]}]},{\"@type\":\"ImageObject\",\"inLanguage\":\"es\",\"@id\":\"https:\/\/jungle-grower.com\/produit\/lemon-haze-og-glasshouse-premium\/#primaryimage\",\"url\":\"https:\/\/jungle-grower.com\/wp-content\/uploads\/2025\/11\/Lemon-Haze-6-scaled.jpg\",\"contentUrl\":\"https:\/\/jungle-grower.com\/wp-content\/uploads\/2025\/11\/Lemon-Haze-6-scaled.jpg\",\"width\":1702,\"height\":2560,\"caption\":\"Lemon Haze 6\"},{\"@type\":\"BreadcrumbList\",\"@id\":\"https:\/\/jungle-grower.com\/produit\/lemon-haze-og-glasshouse-premium\/#breadcrumb\",\"itemListElement\":[{\"@type\":\"ListItem\",\"position\":1,\"name\":\"Accueil\",\"item\":\"https:\/\/jungle-grower.com\/\"},{\"@type\":\"ListItem\",\"position\":2,\"name\":\"Boutique PRO\",\"item\":\"https:\/\/jungle-grower.com\/boutique\/\"},{\"@type\":\"ListItem\",\"position\":3,\"name\":\"Lemon Haze OG &#8211; GlassHouse Premium\"}]},{\"@type\":\"WebSite\",\"@id\":\"https:\/\/jungle-grower.com\/#website\",\"url\":\"https:\/\/jungle-grower.com\/\",\"name\":\"Jungle Grower\",\"description\":\"Grossiste CBD en France\",\"publisher\":{\"@id\":\"https:\/\/jungle-grower.com\/#organization\"},\"potentialAction\":[{\"@type\":\"SearchAction\",\"target\":{\"@type\":\"EntryPoint\",\"urlTemplate\":\"https:\/\/jungle-grower.com\/?s={search_term_string}\"},\"query-input\":{\"@type\":\"PropertyValueSpecification\",\"valueRequired\":true,\"valueName\":\"search_term_string\"}}],\"inLanguage\":\"es\"},{\"@type\":\"Organization\",\"@id\":\"https:\/\/jungle-grower.com\/#organization\",\"name\":\"Jungle Grower\",\"url\":\"https:\/\/jungle-grower.com\/\",\"logo\":{\"@type\":\"ImageObject\",\"inLanguage\":\"es\",\"@id\":\"https:\/\/jungle-grower.com\/#\/schema\/logo\/image\/\",\"url\":\"https:\/\/jungle-grower.com\/wp-content\/uploads\/2023\/08\/3904b720-b34f-4707-8345-cf9ad0a3bc06.jpg\",\"contentUrl\":\"https:\/\/jungle-grower.com\/wp-content\/uploads\/2023\/08\/3904b720-b34f-4707-8345-cf9ad0a3bc06.jpg\",\"width\":1080,\"height\":1080,\"caption\":\"Jungle Grower\"},\"image\":{\"@id\":\"https:\/\/jungle-grower.com\/#\/schema\/logo\/image\/\"}}]}<\/script>\n<!-- \/ Yoast SEO plugin. -->","yoast_head_json":{"title":"Lemon Haze OG - GlassHouse Premium","robots":{"index":"index","follow":"follow","max-snippet":"max-snippet:-1","max-image-preview":"max-image-preview:large","max-video-preview":"max-video-preview:-1"},"canonical":"https:\/\/jungle-grower.com\/es\/product\/lemon-haze-og-glasshouse-premium\/","og_locale":"es_ES","og_type":"article","og_title":"Lemon Haze OG - GlassHouse Premium","og_description":"Cette s\u00e9lection Glasshouse se distingue par une concentration naturelle \u00e9lev\u00e9e en limon\u00e8ne, offrant une structure florale rigide et un profil terp\u00e9nique explosif o\u00f9 l'acidit\u00e9 du citron frais fusionne avec les notes organiques et terreuses de l'h\u00e9ritage OG. Prix de vente conseill\u00e9 : 4\u20ac \u00e0 6\u20ac \/ gr","og_url":"https:\/\/jungle-grower.com\/es\/product\/lemon-haze-og-glasshouse-premium\/","og_site_name":"Jungle Grower","article_modified_time":"2026-02-23T18:29:51+00:00","og_image":[{"width":1702,"height":2560,"url":"https:\/\/jungle-grower.com\/wp-content\/uploads\/2025\/11\/Lemon-Haze-6-scaled.jpg","type":"image\/jpeg"}],"twitter_card":"summary_large_image","twitter_misc":{"Tiempo de lectura":"1 minuto"},"schema":{"@context":"https:\/\/schema.org","@graph":[{"@type":"WebPage","@id":"https:\/\/jungle-grower.com\/produit\/lemon-haze-og-glasshouse-premium\/","url":"https:\/\/jungle-grower.com\/produit\/lemon-haze-og-glasshouse-premium\/","name":"Lemon Haze OG - GlassHouse Premium","isPartOf":{"@id":"https:\/\/jungle-grower.com\/#website"},"primaryImageOfPage":{"@id":"https:\/\/jungle-grower.com\/produit\/lemon-haze-og-glasshouse-premium\/#primaryimage"},"image":{"@id":"https:\/\/jungle-grower.com\/produit\/lemon-haze-og-glasshouse-premium\/#primaryimage"},"thumbnailUrl":"https:\/\/jungle-grower.com\/wp-content\/uploads\/2025\/11\/Lemon-Haze-6-scaled.jpg","datePublished":"2025-11-04T15:15:54+00:00","dateModified":"2026-02-23T18:29:51+00:00","breadcrumb":{"@id":"https:\/\/jungle-grower.com\/produit\/lemon-haze-og-glasshouse-premium\/#breadcrumb"},"inLanguage":"es","potentialAction":[{"@type":"ReadAction","target":["https:\/\/jungle-grower.com\/produit\/lemon-haze-og-glasshouse-premium\/"]}]},{"@type":"ImageObject","inLanguage":"es","@id":"https:\/\/jungle-grower.com\/produit\/lemon-haze-og-glasshouse-premium\/#primaryimage","url":"https:\/\/jungle-grower.com\/wp-content\/uploads\/2025\/11\/Lemon-Haze-6-scaled.jpg","contentUrl":"https:\/\/jungle-grower.com\/wp-content\/uploads\/2025\/11\/Lemon-Haze-6-scaled.jpg","width":1702,"height":2560,"caption":"Lemon Haze 6"},{"@type":"BreadcrumbList","@id":"https:\/\/jungle-grower.com\/produit\/lemon-haze-og-glasshouse-premium\/#breadcrumb","itemListElement":[{"@type":"ListItem","position":1,"name":"Accueil","item":"https:\/\/jungle-grower.com\/"},{"@type":"ListItem","position":2,"name":"Boutique PRO","item":"https:\/\/jungle-grower.com\/boutique\/"},{"@type":"ListItem","position":3,"name":"Lemon Haze OG &#8211; GlassHouse Premium"}]},{"@type":"WebSite","@id":"https:\/\/jungle-grower.com\/#website","url":"https:\/\/jungle-grower.com\/","name":"Jungle Grower","description":"Grossiste CBD en France","publisher":{"@id":"https:\/\/jungle-grower.com\/#organization"},"potentialAction":[{"@type":"SearchAction","target":{"@type":"EntryPoint","urlTemplate":"https:\/\/jungle-grower.com\/?s={search_term_string}"},"query-input":{"@type":"PropertyValueSpecification","valueRequired":true,"valueName":"search_term_string"}}],"inLanguage":"es"},{"@type":"Organization","@id":"https:\/\/jungle-grower.com\/#organization","name":"Jungle Grower","url":"https:\/\/jungle-grower.com\/","logo":{"@type":"ImageObject","inLanguage":"es","@id":"https:\/\/jungle-grower.com\/#\/schema\/logo\/image\/","url":"https:\/\/jungle-grower.com\/wp-content\/uploads\/2023\/08\/3904b720-b34f-4707-8345-cf9ad0a3bc06.jpg","contentUrl":"https:\/\/jungle-grower.com\/wp-content\/uploads\/2023\/08\/3904b720-b34f-4707-8345-cf9ad0a3bc06.jpg","width":1080,"height":1080,"caption":"Jungle Grower"},"image":{"@id":"https:\/\/jungle-grower.com\/#\/schema\/logo\/image\/"}}]}},"jetpack_sharing_enabled":true,"_links":{"self":[{"href":"https:\/\/jungle-grower.com\/es\/wp-json\/wp\/v2\/product\/5566","targetHints":{"allow":["GET"]}}],"collection":[{"href":"https:\/\/jungle-grower.com\/es\/wp-json\/wp\/v2\/product"}],"about":[{"href":"https:\/\/jungle-grower.com\/es\/wp-json\/wp\/v2\/types\/product"}],"replies":[{"embeddable":true,"href":"https:\/\/jungle-grower.com\/es\/wp-json\/wp\/v2\/comments?post=5566"}],"wp:featuredmedia":[{"embeddable":true,"href":"https:\/\/jungle-grower.com\/es\/wp-json\/wp\/v2\/media\/6155"}],"wp:attachment":[{"href":"https:\/\/jungle-grower.com\/es\/wp-json\/wp\/v2\/media?parent=5566"}],"wp:term":[{"taxonomy":"product_cat","embeddable":true,"href":"https:\/\/jungle-grower.com\/es\/wp-json\/wp\/v2\/product_cat?post=5566"},{"taxonomy":"product_tag","embeddable":true,"href":"https:\/\/jungle-grower.com\/es\/wp-json\/wp\/v2\/product_tag?post=5566"}],"curies":[{"name":"wp","href":"https:\/\/api.w.org\/{rel}","templated":true}]}}