{"id":5551,"date":"2025-11-04T14:52:40","date_gmt":"2025-11-04T14:52:40","guid":{"rendered":"https:\/\/jungle-grower.com\/?post_type=product&#038;p=5551"},"modified":"2026-02-23T18:30:17","modified_gmt":"2026-02-23T18:30:17","slug":"wedding-cake-glasshouse-avec-lampes","status":"publish","type":"product","link":"https:\/\/jungle-grower.com\/es\/product\/wedding-cake-glasshouse-avec-lampes\/","title":{"rendered":"Wedding Cake &#8211; GlassHouse lampes"},"content":{"rendered":"","protected":false},"excerpt":{"rendered":"<p data-path-to-node=\"1\">Cultiv\u00e9e dans nos Glasshouse de 2500m\u00b2 sous assistance lumineuse, cette g\u00e9n\u00e9tique issue du croisement Cherry Pie et Girl Scout Cookies offre des fleurs compactes aux ar\u00f4mes cr\u00e9meux et vanill\u00e9s d&#8217;une grande finesse.<\/p>\n<p data-path-to-node=\"2\">Prix de vente conseill\u00e9 : 4\u20ac \u00e0 6\u20ac \/ gr<\/p>","protected":false},"featured_media":6184,"comment_status":"open","ping_status":"closed","template":"","meta":[],"product_cat":[54],"product_tag":[47],"class_list":{"0":"post-5551","1":"product","2":"type-product","3":"status-publish","4":"has-post-thumbnail","6":"product_cat-france","7":"product_tag-big","9":"first","10":"instock","11":"taxable","12":"shipping-taxable","13":"purchasable","14":"product-type-variable"},"acf":[],"yoast_head":"<!-- This site is optimized with the Yoast SEO plugin v26.3 - https:\/\/yoast.com\/wordpress\/plugins\/seo\/ -->\n<title>Wedding Cake - GlassHouse avec lampes<\/title>\n<meta name=\"robots\" content=\"index, follow, max-snippet:-1, max-image-preview:large, max-video-preview:-1\" \/>\n<link rel=\"canonical\" href=\"https:\/\/jungle-grower.com\/es\/product\/wedding-cake-glasshouse-avec-lampes\/\" \/>\n<meta property=\"og:locale\" content=\"es_ES\" \/>\n<meta property=\"og:type\" content=\"article\" \/>\n<meta property=\"og:title\" content=\"Wedding Cake - GlassHouse avec lampes\" \/>\n<meta property=\"og:description\" content=\"Cultiv\u00e9e dans nos Glasshouse de 2500m\u00b2 sous assistance lumineuse, cette g\u00e9n\u00e9tique issue du croisement Cherry Pie et Girl Scout Cookies offre des fleurs compactes aux ar\u00f4mes cr\u00e9meux et vanill\u00e9s d&#039;une grande finesse. Prix de vente conseill\u00e9 : 4\u20ac \u00e0 6\u20ac \/ gr\" \/>\n<meta property=\"og:url\" content=\"https:\/\/jungle-grower.com\/es\/product\/wedding-cake-glasshouse-avec-lampes\/\" \/>\n<meta property=\"og:site_name\" content=\"Jungle Grower\" \/>\n<meta property=\"article:modified_time\" content=\"2026-02-23T18:30:17+00:00\" \/>\n<meta property=\"og:image\" content=\"https:\/\/jungle-grower.com\/wp-content\/uploads\/2025\/11\/Wedding-Cake.jpeg\" \/>\n\t<meta property=\"og:image:width\" content=\"1530\" \/>\n\t<meta property=\"og:image:height\" content=\"2040\" \/>\n\t<meta property=\"og:image:type\" content=\"image\/jpeg\" \/>\n<meta name=\"twitter:card\" content=\"summary_large_image\" \/>\n<meta name=\"twitter:label1\" content=\"Tiempo de lectura\" \/>\n\t<meta name=\"twitter:data1\" content=\"1 minuto\" \/>\n<script type=\"application\/ld+json\" class=\"yoast-schema-graph\">{\"@context\":\"https:\/\/schema.org\",\"@graph\":[{\"@type\":\"WebPage\",\"@id\":\"https:\/\/jungle-grower.com\/produit\/wedding-cake-glasshouse-avec-lampes\/\",\"url\":\"https:\/\/jungle-grower.com\/produit\/wedding-cake-glasshouse-avec-lampes\/\",\"name\":\"Wedding Cake - GlassHouse avec lampes\",\"isPartOf\":{\"@id\":\"https:\/\/jungle-grower.com\/#website\"},\"primaryImageOfPage\":{\"@id\":\"https:\/\/jungle-grower.com\/produit\/wedding-cake-glasshouse-avec-lampes\/#primaryimage\"},\"image\":{\"@id\":\"https:\/\/jungle-grower.com\/produit\/wedding-cake-glasshouse-avec-lampes\/#primaryimage\"},\"thumbnailUrl\":\"https:\/\/jungle-grower.com\/wp-content\/uploads\/2025\/11\/Wedding-Cake.jpeg\",\"datePublished\":\"2025-11-04T14:52:40+00:00\",\"dateModified\":\"2026-02-23T18:30:17+00:00\",\"breadcrumb\":{\"@id\":\"https:\/\/jungle-grower.com\/produit\/wedding-cake-glasshouse-avec-lampes\/#breadcrumb\"},\"inLanguage\":\"es\",\"potentialAction\":[{\"@type\":\"ReadAction\",\"target\":[\"https:\/\/jungle-grower.com\/produit\/wedding-cake-glasshouse-avec-lampes\/\"]}]},{\"@type\":\"ImageObject\",\"inLanguage\":\"es\",\"@id\":\"https:\/\/jungle-grower.com\/produit\/wedding-cake-glasshouse-avec-lampes\/#primaryimage\",\"url\":\"https:\/\/jungle-grower.com\/wp-content\/uploads\/2025\/11\/Wedding-Cake.jpeg\",\"contentUrl\":\"https:\/\/jungle-grower.com\/wp-content\/uploads\/2025\/11\/Wedding-Cake.jpeg\",\"width\":1530,\"height\":2040,\"caption\":\"Wedding Cake\"},{\"@type\":\"BreadcrumbList\",\"@id\":\"https:\/\/jungle-grower.com\/produit\/wedding-cake-glasshouse-avec-lampes\/#breadcrumb\",\"itemListElement\":[{\"@type\":\"ListItem\",\"position\":1,\"name\":\"Accueil\",\"item\":\"https:\/\/jungle-grower.com\/\"},{\"@type\":\"ListItem\",\"position\":2,\"name\":\"Boutique PRO\",\"item\":\"https:\/\/jungle-grower.com\/boutique\/\"},{\"@type\":\"ListItem\",\"position\":3,\"name\":\"Wedding Cake &#8211; GlassHouse lampes\"}]},{\"@type\":\"WebSite\",\"@id\":\"https:\/\/jungle-grower.com\/#website\",\"url\":\"https:\/\/jungle-grower.com\/\",\"name\":\"Jungle Grower\",\"description\":\"Grossiste CBD en France\",\"publisher\":{\"@id\":\"https:\/\/jungle-grower.com\/#organization\"},\"potentialAction\":[{\"@type\":\"SearchAction\",\"target\":{\"@type\":\"EntryPoint\",\"urlTemplate\":\"https:\/\/jungle-grower.com\/?s={search_term_string}\"},\"query-input\":{\"@type\":\"PropertyValueSpecification\",\"valueRequired\":true,\"valueName\":\"search_term_string\"}}],\"inLanguage\":\"es\"},{\"@type\":\"Organization\",\"@id\":\"https:\/\/jungle-grower.com\/#organization\",\"name\":\"Jungle Grower\",\"url\":\"https:\/\/jungle-grower.com\/\",\"logo\":{\"@type\":\"ImageObject\",\"inLanguage\":\"es\",\"@id\":\"https:\/\/jungle-grower.com\/#\/schema\/logo\/image\/\",\"url\":\"https:\/\/jungle-grower.com\/wp-content\/uploads\/2023\/08\/3904b720-b34f-4707-8345-cf9ad0a3bc06.jpg\",\"contentUrl\":\"https:\/\/jungle-grower.com\/wp-content\/uploads\/2023\/08\/3904b720-b34f-4707-8345-cf9ad0a3bc06.jpg\",\"width\":1080,\"height\":1080,\"caption\":\"Jungle Grower\"},\"image\":{\"@id\":\"https:\/\/jungle-grower.com\/#\/schema\/logo\/image\/\"}}]}<\/script>\n<!-- \/ Yoast SEO plugin. -->","yoast_head_json":{"title":"Wedding Cake - GlassHouse avec lampes","robots":{"index":"index","follow":"follow","max-snippet":"max-snippet:-1","max-image-preview":"max-image-preview:large","max-video-preview":"max-video-preview:-1"},"canonical":"https:\/\/jungle-grower.com\/es\/product\/wedding-cake-glasshouse-avec-lampes\/","og_locale":"es_ES","og_type":"article","og_title":"Wedding Cake - GlassHouse avec lampes","og_description":"Cultiv\u00e9e dans nos Glasshouse de 2500m\u00b2 sous assistance lumineuse, cette g\u00e9n\u00e9tique issue du croisement Cherry Pie et Girl Scout Cookies offre des fleurs compactes aux ar\u00f4mes cr\u00e9meux et vanill\u00e9s d'une grande finesse. Prix de vente conseill\u00e9 : 4\u20ac \u00e0 6\u20ac \/ gr","og_url":"https:\/\/jungle-grower.com\/es\/product\/wedding-cake-glasshouse-avec-lampes\/","og_site_name":"Jungle Grower","article_modified_time":"2026-02-23T18:30:17+00:00","og_image":[{"width":1530,"height":2040,"url":"https:\/\/jungle-grower.com\/wp-content\/uploads\/2025\/11\/Wedding-Cake.jpeg","type":"image\/jpeg"}],"twitter_card":"summary_large_image","twitter_misc":{"Tiempo de lectura":"1 minuto"},"schema":{"@context":"https:\/\/schema.org","@graph":[{"@type":"WebPage","@id":"https:\/\/jungle-grower.com\/produit\/wedding-cake-glasshouse-avec-lampes\/","url":"https:\/\/jungle-grower.com\/produit\/wedding-cake-glasshouse-avec-lampes\/","name":"Wedding Cake - GlassHouse avec lampes","isPartOf":{"@id":"https:\/\/jungle-grower.com\/#website"},"primaryImageOfPage":{"@id":"https:\/\/jungle-grower.com\/produit\/wedding-cake-glasshouse-avec-lampes\/#primaryimage"},"image":{"@id":"https:\/\/jungle-grower.com\/produit\/wedding-cake-glasshouse-avec-lampes\/#primaryimage"},"thumbnailUrl":"https:\/\/jungle-grower.com\/wp-content\/uploads\/2025\/11\/Wedding-Cake.jpeg","datePublished":"2025-11-04T14:52:40+00:00","dateModified":"2026-02-23T18:30:17+00:00","breadcrumb":{"@id":"https:\/\/jungle-grower.com\/produit\/wedding-cake-glasshouse-avec-lampes\/#breadcrumb"},"inLanguage":"es","potentialAction":[{"@type":"ReadAction","target":["https:\/\/jungle-grower.com\/produit\/wedding-cake-glasshouse-avec-lampes\/"]}]},{"@type":"ImageObject","inLanguage":"es","@id":"https:\/\/jungle-grower.com\/produit\/wedding-cake-glasshouse-avec-lampes\/#primaryimage","url":"https:\/\/jungle-grower.com\/wp-content\/uploads\/2025\/11\/Wedding-Cake.jpeg","contentUrl":"https:\/\/jungle-grower.com\/wp-content\/uploads\/2025\/11\/Wedding-Cake.jpeg","width":1530,"height":2040,"caption":"Wedding Cake"},{"@type":"BreadcrumbList","@id":"https:\/\/jungle-grower.com\/produit\/wedding-cake-glasshouse-avec-lampes\/#breadcrumb","itemListElement":[{"@type":"ListItem","position":1,"name":"Accueil","item":"https:\/\/jungle-grower.com\/"},{"@type":"ListItem","position":2,"name":"Boutique PRO","item":"https:\/\/jungle-grower.com\/boutique\/"},{"@type":"ListItem","position":3,"name":"Wedding Cake &#8211; GlassHouse lampes"}]},{"@type":"WebSite","@id":"https:\/\/jungle-grower.com\/#website","url":"https:\/\/jungle-grower.com\/","name":"Jungle Grower","description":"Grossiste CBD en France","publisher":{"@id":"https:\/\/jungle-grower.com\/#organization"},"potentialAction":[{"@type":"SearchAction","target":{"@type":"EntryPoint","urlTemplate":"https:\/\/jungle-grower.com\/?s={search_term_string}"},"query-input":{"@type":"PropertyValueSpecification","valueRequired":true,"valueName":"search_term_string"}}],"inLanguage":"es"},{"@type":"Organization","@id":"https:\/\/jungle-grower.com\/#organization","name":"Jungle Grower","url":"https:\/\/jungle-grower.com\/","logo":{"@type":"ImageObject","inLanguage":"es","@id":"https:\/\/jungle-grower.com\/#\/schema\/logo\/image\/","url":"https:\/\/jungle-grower.com\/wp-content\/uploads\/2023\/08\/3904b720-b34f-4707-8345-cf9ad0a3bc06.jpg","contentUrl":"https:\/\/jungle-grower.com\/wp-content\/uploads\/2023\/08\/3904b720-b34f-4707-8345-cf9ad0a3bc06.jpg","width":1080,"height":1080,"caption":"Jungle Grower"},"image":{"@id":"https:\/\/jungle-grower.com\/#\/schema\/logo\/image\/"}}]}},"jetpack_sharing_enabled":true,"_links":{"self":[{"href":"https:\/\/jungle-grower.com\/es\/wp-json\/wp\/v2\/product\/5551","targetHints":{"allow":["GET"]}}],"collection":[{"href":"https:\/\/jungle-grower.com\/es\/wp-json\/wp\/v2\/product"}],"about":[{"href":"https:\/\/jungle-grower.com\/es\/wp-json\/wp\/v2\/types\/product"}],"replies":[{"embeddable":true,"href":"https:\/\/jungle-grower.com\/es\/wp-json\/wp\/v2\/comments?post=5551"}],"wp:featuredmedia":[{"embeddable":true,"href":"https:\/\/jungle-grower.com\/es\/wp-json\/wp\/v2\/media\/6184"}],"wp:attachment":[{"href":"https:\/\/jungle-grower.com\/es\/wp-json\/wp\/v2\/media?parent=5551"}],"wp:term":[{"taxonomy":"product_cat","embeddable":true,"href":"https:\/\/jungle-grower.com\/es\/wp-json\/wp\/v2\/product_cat?post=5551"},{"taxonomy":"product_tag","embeddable":true,"href":"https:\/\/jungle-grower.com\/es\/wp-json\/wp\/v2\/product_tag?post=5551"}],"curies":[{"name":"wp","href":"https:\/\/api.w.org\/{rel}","templated":true}]}}