{"id":5755,"date":"2025-11-05T18:02:57","date_gmt":"2025-11-05T18:02:57","guid":{"rendered":"https:\/\/jungle-grower.com\/?post_type=product&#038;p=5755"},"modified":"2026-04-02T14:03:05","modified_gmt":"2026-04-02T14:03:05","slug":"blackout-supreme-pepites","status":"publish","type":"product","link":"https:\/\/jungle-grower.com\/en\/product\/blackout-supreme-pepites\/","title":{"rendered":"Hash &#8211; Blackout Supreme"},"content":{"rendered":"<p>Prix de vente conseill\u00e9 : 6\u20ac \u00e0 10\u20ac \/ gr<\/p>","protected":false},"excerpt":{"rendered":"<p>Hash &#8211; Blackout Supreme<\/p>\n<p data-path-to-node=\"1\">D\u2019un aspect <b data-path-to-node=\"1\" data-index-in-node=\"12\">magnifique brun<\/b> profond et luisant, ce hash premium se distingue par sa robe sombre et homog\u00e8ne. Sa texture est remarquablement grasse et mall\u00e9able, t\u00e9moignant d&#8217;une concentration exceptionnelle en r\u00e9sine. Sous les doigts, il se travaille avec une facilit\u00e9 d\u00e9concertante, r\u00e9v\u00e9lant des terp\u00e8nes puissants de caf\u00e9 torr\u00e9fi\u00e9 et de terre humide, avec une finale l\u00e9g\u00e8rement \u00e9pic\u00e9e. Une pi\u00e8ce ma\u00eetresse pour les connaisseurs de r\u00e9sines onctueuses et sombres.<\/p>","protected":false},"featured_media":5812,"comment_status":"open","ping_status":"closed","template":"","meta":[],"product_cat":[54],"product_tag":[68],"class_list":{"0":"post-5755","1":"product","2":"type-product","3":"status-publish","4":"has-post-thumbnail","6":"product_cat-france","7":"product_tag-resine","9":"first","10":"instock","11":"taxable","12":"shipping-taxable","13":"purchasable","14":"product-type-variable","15":"has-default-attributes"},"acf":[],"yoast_head":"<!-- This site is optimized with the Yoast SEO plugin v26.3 - https:\/\/yoast.com\/wordpress\/plugins\/seo\/ -->\n<title>Blackout Supreme - P\u00e9pites<\/title>\n<meta name=\"robots\" content=\"index, follow, max-snippet:-1, max-image-preview:large, max-video-preview:-1\" \/>\n<link rel=\"canonical\" href=\"https:\/\/jungle-grower.com\/en\/product\/blackout-supreme-pepites\/\" \/>\n<meta property=\"og:locale\" content=\"en_GB\" \/>\n<meta property=\"og:type\" content=\"article\" \/>\n<meta property=\"og:title\" content=\"Blackout Supreme - P\u00e9pites\" \/>\n<meta property=\"og:description\" content=\"Hash - Blackout Supreme D\u2019un aspect magnifique brun profond et luisant, ce hash premium se distingue par sa robe sombre et homog\u00e8ne. Sa texture est remarquablement grasse et mall\u00e9able, t\u00e9moignant d&#039;une concentration exceptionnelle en r\u00e9sine. Sous les doigts, il se travaille avec une facilit\u00e9 d\u00e9concertante, r\u00e9v\u00e9lant des terp\u00e8nes puissants de caf\u00e9 torr\u00e9fi\u00e9 et de terre humide, avec une finale l\u00e9g\u00e8rement \u00e9pic\u00e9e. Une pi\u00e8ce ma\u00eetresse pour les connaisseurs de r\u00e9sines onctueuses et sombres.\" \/>\n<meta property=\"og:url\" content=\"https:\/\/jungle-grower.com\/en\/product\/blackout-supreme-pepites\/\" \/>\n<meta property=\"og:site_name\" content=\"Jungle Grower\" \/>\n<meta property=\"article:modified_time\" content=\"2026-04-02T14:03:05+00:00\" \/>\n<meta property=\"og:image\" content=\"https:\/\/jungle-grower.com\/wp-content\/uploads\/2025\/01\/Supreme-2.png\" \/>\n\t<meta property=\"og:image:width\" content=\"1280\" \/>\n\t<meta property=\"og:image:height\" content=\"800\" \/>\n\t<meta property=\"og:image:type\" content=\"image\/png\" \/>\n<meta name=\"twitter:card\" content=\"summary_large_image\" \/>\n<meta name=\"twitter:label1\" content=\"Estimated reading time\" \/>\n\t<meta name=\"twitter:data1\" content=\"1 minute\" \/>\n<script type=\"application\/ld+json\" class=\"yoast-schema-graph\">{\"@context\":\"https:\/\/schema.org\",\"@graph\":[{\"@type\":\"WebPage\",\"@id\":\"https:\/\/jungle-grower.com\/produit\/blackout-supreme-pepites\/\",\"url\":\"https:\/\/jungle-grower.com\/produit\/blackout-supreme-pepites\/\",\"name\":\"Blackout Supreme - P\u00e9pites\",\"isPartOf\":{\"@id\":\"https:\/\/jungle-grower.com\/#website\"},\"primaryImageOfPage\":{\"@id\":\"https:\/\/jungle-grower.com\/produit\/blackout-supreme-pepites\/#primaryimage\"},\"image\":{\"@id\":\"https:\/\/jungle-grower.com\/produit\/blackout-supreme-pepites\/#primaryimage\"},\"thumbnailUrl\":\"https:\/\/jungle-grower.com\/wp-content\/uploads\/2025\/01\/Supreme-2.png\",\"datePublished\":\"2025-11-05T18:02:57+00:00\",\"dateModified\":\"2026-04-02T14:03:05+00:00\",\"breadcrumb\":{\"@id\":\"https:\/\/jungle-grower.com\/produit\/blackout-supreme-pepites\/#breadcrumb\"},\"inLanguage\":\"en-GB\",\"potentialAction\":[{\"@type\":\"ReadAction\",\"target\":[\"https:\/\/jungle-grower.com\/produit\/blackout-supreme-pepites\/\"]}]},{\"@type\":\"ImageObject\",\"inLanguage\":\"en-GB\",\"@id\":\"https:\/\/jungle-grower.com\/produit\/blackout-supreme-pepites\/#primaryimage\",\"url\":\"https:\/\/jungle-grower.com\/wp-content\/uploads\/2025\/01\/Supreme-2.png\",\"contentUrl\":\"https:\/\/jungle-grower.com\/wp-content\/uploads\/2025\/01\/Supreme-2.png\",\"width\":1280,\"height\":800,\"caption\":\"Supreme 2\"},{\"@type\":\"BreadcrumbList\",\"@id\":\"https:\/\/jungle-grower.com\/produit\/blackout-supreme-pepites\/#breadcrumb\",\"itemListElement\":[{\"@type\":\"ListItem\",\"position\":1,\"name\":\"Accueil\",\"item\":\"https:\/\/jungle-grower.com\/\"},{\"@type\":\"ListItem\",\"position\":2,\"name\":\"Boutique PRO\",\"item\":\"https:\/\/jungle-grower.com\/boutique\/\"},{\"@type\":\"ListItem\",\"position\":3,\"name\":\"Hash &#8211; Blackout Supreme\"}]},{\"@type\":\"WebSite\",\"@id\":\"https:\/\/jungle-grower.com\/#website\",\"url\":\"https:\/\/jungle-grower.com\/\",\"name\":\"Jungle Grower\",\"description\":\"Grossiste CBD en France\",\"publisher\":{\"@id\":\"https:\/\/jungle-grower.com\/#organization\"},\"potentialAction\":[{\"@type\":\"SearchAction\",\"target\":{\"@type\":\"EntryPoint\",\"urlTemplate\":\"https:\/\/jungle-grower.com\/?s={search_term_string}\"},\"query-input\":{\"@type\":\"PropertyValueSpecification\",\"valueRequired\":true,\"valueName\":\"search_term_string\"}}],\"inLanguage\":\"en-GB\"},{\"@type\":\"Organization\",\"@id\":\"https:\/\/jungle-grower.com\/#organization\",\"name\":\"Jungle Grower\",\"url\":\"https:\/\/jungle-grower.com\/\",\"logo\":{\"@type\":\"ImageObject\",\"inLanguage\":\"en-GB\",\"@id\":\"https:\/\/jungle-grower.com\/#\/schema\/logo\/image\/\",\"url\":\"https:\/\/jungle-grower.com\/wp-content\/uploads\/2023\/08\/3904b720-b34f-4707-8345-cf9ad0a3bc06.jpg\",\"contentUrl\":\"https:\/\/jungle-grower.com\/wp-content\/uploads\/2023\/08\/3904b720-b34f-4707-8345-cf9ad0a3bc06.jpg\",\"width\":1080,\"height\":1080,\"caption\":\"Jungle Grower\"},\"image\":{\"@id\":\"https:\/\/jungle-grower.com\/#\/schema\/logo\/image\/\"}}]}<\/script>\n<!-- \/ Yoast SEO plugin. -->","yoast_head_json":{"title":"Blackout Supreme - P\u00e9pites","robots":{"index":"index","follow":"follow","max-snippet":"max-snippet:-1","max-image-preview":"max-image-preview:large","max-video-preview":"max-video-preview:-1"},"canonical":"https:\/\/jungle-grower.com\/en\/product\/blackout-supreme-pepites\/","og_locale":"en_GB","og_type":"article","og_title":"Blackout Supreme - P\u00e9pites","og_description":"Hash - Blackout Supreme D\u2019un aspect magnifique brun profond et luisant, ce hash premium se distingue par sa robe sombre et homog\u00e8ne. Sa texture est remarquablement grasse et mall\u00e9able, t\u00e9moignant d'une concentration exceptionnelle en r\u00e9sine. Sous les doigts, il se travaille avec une facilit\u00e9 d\u00e9concertante, r\u00e9v\u00e9lant des terp\u00e8nes puissants de caf\u00e9 torr\u00e9fi\u00e9 et de terre humide, avec une finale l\u00e9g\u00e8rement \u00e9pic\u00e9e. Une pi\u00e8ce ma\u00eetresse pour les connaisseurs de r\u00e9sines onctueuses et sombres.","og_url":"https:\/\/jungle-grower.com\/en\/product\/blackout-supreme-pepites\/","og_site_name":"Jungle Grower","article_modified_time":"2026-04-02T14:03:05+00:00","og_image":[{"width":1280,"height":800,"url":"https:\/\/jungle-grower.com\/wp-content\/uploads\/2025\/01\/Supreme-2.png","type":"image\/png"}],"twitter_card":"summary_large_image","twitter_misc":{"Estimated reading time":"1 minute"},"schema":{"@context":"https:\/\/schema.org","@graph":[{"@type":"WebPage","@id":"https:\/\/jungle-grower.com\/produit\/blackout-supreme-pepites\/","url":"https:\/\/jungle-grower.com\/produit\/blackout-supreme-pepites\/","name":"Blackout Supreme - P\u00e9pites","isPartOf":{"@id":"https:\/\/jungle-grower.com\/#website"},"primaryImageOfPage":{"@id":"https:\/\/jungle-grower.com\/produit\/blackout-supreme-pepites\/#primaryimage"},"image":{"@id":"https:\/\/jungle-grower.com\/produit\/blackout-supreme-pepites\/#primaryimage"},"thumbnailUrl":"https:\/\/jungle-grower.com\/wp-content\/uploads\/2025\/01\/Supreme-2.png","datePublished":"2025-11-05T18:02:57+00:00","dateModified":"2026-04-02T14:03:05+00:00","breadcrumb":{"@id":"https:\/\/jungle-grower.com\/produit\/blackout-supreme-pepites\/#breadcrumb"},"inLanguage":"en-GB","potentialAction":[{"@type":"ReadAction","target":["https:\/\/jungle-grower.com\/produit\/blackout-supreme-pepites\/"]}]},{"@type":"ImageObject","inLanguage":"en-GB","@id":"https:\/\/jungle-grower.com\/produit\/blackout-supreme-pepites\/#primaryimage","url":"https:\/\/jungle-grower.com\/wp-content\/uploads\/2025\/01\/Supreme-2.png","contentUrl":"https:\/\/jungle-grower.com\/wp-content\/uploads\/2025\/01\/Supreme-2.png","width":1280,"height":800,"caption":"Supreme 2"},{"@type":"BreadcrumbList","@id":"https:\/\/jungle-grower.com\/produit\/blackout-supreme-pepites\/#breadcrumb","itemListElement":[{"@type":"ListItem","position":1,"name":"Accueil","item":"https:\/\/jungle-grower.com\/"},{"@type":"ListItem","position":2,"name":"Boutique PRO","item":"https:\/\/jungle-grower.com\/boutique\/"},{"@type":"ListItem","position":3,"name":"Hash &#8211; Blackout Supreme"}]},{"@type":"WebSite","@id":"https:\/\/jungle-grower.com\/#website","url":"https:\/\/jungle-grower.com\/","name":"Jungle Grower","description":"Grossiste CBD en France","publisher":{"@id":"https:\/\/jungle-grower.com\/#organization"},"potentialAction":[{"@type":"SearchAction","target":{"@type":"EntryPoint","urlTemplate":"https:\/\/jungle-grower.com\/?s={search_term_string}"},"query-input":{"@type":"PropertyValueSpecification","valueRequired":true,"valueName":"search_term_string"}}],"inLanguage":"en-GB"},{"@type":"Organization","@id":"https:\/\/jungle-grower.com\/#organization","name":"Jungle Grower","url":"https:\/\/jungle-grower.com\/","logo":{"@type":"ImageObject","inLanguage":"en-GB","@id":"https:\/\/jungle-grower.com\/#\/schema\/logo\/image\/","url":"https:\/\/jungle-grower.com\/wp-content\/uploads\/2023\/08\/3904b720-b34f-4707-8345-cf9ad0a3bc06.jpg","contentUrl":"https:\/\/jungle-grower.com\/wp-content\/uploads\/2023\/08\/3904b720-b34f-4707-8345-cf9ad0a3bc06.jpg","width":1080,"height":1080,"caption":"Jungle Grower"},"image":{"@id":"https:\/\/jungle-grower.com\/#\/schema\/logo\/image\/"}}]}},"jetpack_sharing_enabled":true,"_links":{"self":[{"href":"https:\/\/jungle-grower.com\/en\/wp-json\/wp\/v2\/product\/5755","targetHints":{"allow":["GET"]}}],"collection":[{"href":"https:\/\/jungle-grower.com\/en\/wp-json\/wp\/v2\/product"}],"about":[{"href":"https:\/\/jungle-grower.com\/en\/wp-json\/wp\/v2\/types\/product"}],"replies":[{"embeddable":true,"href":"https:\/\/jungle-grower.com\/en\/wp-json\/wp\/v2\/comments?post=5755"}],"wp:featuredmedia":[{"embeddable":true,"href":"https:\/\/jungle-grower.com\/en\/wp-json\/wp\/v2\/media\/5812"}],"wp:attachment":[{"href":"https:\/\/jungle-grower.com\/en\/wp-json\/wp\/v2\/media?parent=5755"}],"wp:term":[{"taxonomy":"product_cat","embeddable":true,"href":"https:\/\/jungle-grower.com\/en\/wp-json\/wp\/v2\/product_cat?post=5755"},{"taxonomy":"product_tag","embeddable":true,"href":"https:\/\/jungle-grower.com\/en\/wp-json\/wp\/v2\/product_tag?post=5755"}],"curies":[{"name":"wp","href":"https:\/\/api.w.org\/{rel}","templated":true}]}}