{"id":5740,"date":"2025-11-05T17:55:42","date_gmt":"2025-11-05T17:55:42","guid":{"rendered":"https:\/\/jungle-grower.com\/?post_type=product&#038;p=5740"},"modified":"2026-04-02T14:00:06","modified_gmt":"2026-04-02T14:00:06","slug":"sultan-afghan-les-classiques","status":"publish","type":"product","link":"https:\/\/jungle-grower.com\/en\/product\/sultan-afghan-les-classiques\/","title":{"rendered":"Hash &#8211; Sultan Afghan &#8211; Les Classiques"},"content":{"rendered":"<p>Prix de vente conseill\u00e9 : 4\u20ac \u00e0 8\u20ac \/ gr<\/p>","protected":false},"excerpt":{"rendered":"<p><strong>Hash &#8211; Sultan Afghan<\/strong><\/p>\n<p data-path-to-node=\"1\">Fid\u00e8le \u00e0 l&#8217;h\u00e9ritage oriental, ce hash reprend l&#8217;aspect sombre et dense de l&#8217;<b data-path-to-node=\"1\" data-index-in-node=\"76\">Afghan typique<\/b>, mais se distingue par une texture beaucoup plus <b data-path-to-node=\"1\" data-index-in-node=\"140\">effritable<\/b>. Gr\u00e2ce \u00e0 sa composition en pur pollen, il se travaille sans effort \u00e0 la main tout en conservant son c\u0153ur onctueux. Son profil terp\u00e9nique est puissant et complexe, m\u00ealant des notes de terre sauvage, de cuir et d&#8217;\u00e9pices poivr\u00e9es pour une exp\u00e9rience profonde et cors\u00e9e.<\/p>","protected":false},"featured_media":5822,"comment_status":"open","ping_status":"closed","template":"","meta":[],"product_cat":[54],"product_tag":[68],"class_list":{"0":"post-5740","1":"product","2":"type-product","3":"status-publish","4":"has-post-thumbnail","6":"product_cat-france","7":"product_tag-resine","9":"first","10":"instock","11":"taxable","12":"shipping-taxable","13":"purchasable","14":"product-type-variable","15":"has-default-attributes"},"acf":[],"yoast_head":"<!-- This site is optimized with the Yoast SEO plugin v26.3 - https:\/\/yoast.com\/wordpress\/plugins\/seo\/ -->\n<title>Hash - Sultan Afghan<\/title>\n<meta name=\"robots\" content=\"index, follow, max-snippet:-1, max-image-preview:large, max-video-preview:-1\" \/>\n<link rel=\"canonical\" href=\"https:\/\/jungle-grower.com\/en\/product\/sultan-afghan-les-classiques\/\" \/>\n<meta property=\"og:locale\" content=\"en_GB\" \/>\n<meta property=\"og:type\" content=\"article\" \/>\n<meta property=\"og:title\" content=\"Hash - Sultan Afghan\" \/>\n<meta property=\"og:description\" content=\"Hash - Sultan Afghan Fid\u00e8le \u00e0 l&#039;h\u00e9ritage oriental, ce hash reprend l&#039;aspect sombre et dense de l&#039;Afghan typique, mais se distingue par une texture beaucoup plus effritable. Gr\u00e2ce \u00e0 sa composition en pur pollen, il se travaille sans effort \u00e0 la main tout en conservant son c\u0153ur onctueux. Son profil terp\u00e9nique est puissant et complexe, m\u00ealant des notes de terre sauvage, de cuir et d&#039;\u00e9pices poivr\u00e9es pour une exp\u00e9rience profonde et cors\u00e9e.\" \/>\n<meta property=\"og:url\" content=\"https:\/\/jungle-grower.com\/en\/product\/sultan-afghan-les-classiques\/\" \/>\n<meta property=\"og:site_name\" content=\"Jungle Grower\" \/>\n<meta property=\"article:modified_time\" content=\"2026-04-02T14:00:06+00:00\" \/>\n<meta property=\"og:image\" content=\"https:\/\/jungle-grower.com\/wp-content\/uploads\/2025\/01\/Afgant-2.png\" \/>\n\t<meta property=\"og:image:width\" content=\"1344\" \/>\n\t<meta property=\"og:image:height\" content=\"768\" \/>\n\t<meta property=\"og:image:type\" content=\"image\/png\" \/>\n<meta name=\"twitter:card\" content=\"summary_large_image\" \/>\n<meta name=\"twitter:label1\" content=\"Estimated reading time\" \/>\n\t<meta name=\"twitter:data1\" content=\"1 minute\" \/>\n<script type=\"application\/ld+json\" class=\"yoast-schema-graph\">{\"@context\":\"https:\/\/schema.org\",\"@graph\":[{\"@type\":\"WebPage\",\"@id\":\"https:\/\/jungle-grower.com\/produit\/sultan-afghan-les-classiques\/\",\"url\":\"https:\/\/jungle-grower.com\/produit\/sultan-afghan-les-classiques\/\",\"name\":\"Hash - Sultan Afghan\",\"isPartOf\":{\"@id\":\"https:\/\/jungle-grower.com\/#website\"},\"primaryImageOfPage\":{\"@id\":\"https:\/\/jungle-grower.com\/produit\/sultan-afghan-les-classiques\/#primaryimage\"},\"image\":{\"@id\":\"https:\/\/jungle-grower.com\/produit\/sultan-afghan-les-classiques\/#primaryimage\"},\"thumbnailUrl\":\"https:\/\/jungle-grower.com\/wp-content\/uploads\/2025\/01\/Afgant-2.png\",\"datePublished\":\"2025-11-05T17:55:42+00:00\",\"dateModified\":\"2026-04-02T14:00:06+00:00\",\"breadcrumb\":{\"@id\":\"https:\/\/jungle-grower.com\/produit\/sultan-afghan-les-classiques\/#breadcrumb\"},\"inLanguage\":\"en-GB\",\"potentialAction\":[{\"@type\":\"ReadAction\",\"target\":[\"https:\/\/jungle-grower.com\/produit\/sultan-afghan-les-classiques\/\"]}]},{\"@type\":\"ImageObject\",\"inLanguage\":\"en-GB\",\"@id\":\"https:\/\/jungle-grower.com\/produit\/sultan-afghan-les-classiques\/#primaryimage\",\"url\":\"https:\/\/jungle-grower.com\/wp-content\/uploads\/2025\/01\/Afgant-2.png\",\"contentUrl\":\"https:\/\/jungle-grower.com\/wp-content\/uploads\/2025\/01\/Afgant-2.png\",\"width\":1344,\"height\":768,\"caption\":\"Afgant 2\"},{\"@type\":\"BreadcrumbList\",\"@id\":\"https:\/\/jungle-grower.com\/produit\/sultan-afghan-les-classiques\/#breadcrumb\",\"itemListElement\":[{\"@type\":\"ListItem\",\"position\":1,\"name\":\"Accueil\",\"item\":\"https:\/\/jungle-grower.com\/\"},{\"@type\":\"ListItem\",\"position\":2,\"name\":\"Boutique PRO\",\"item\":\"https:\/\/jungle-grower.com\/boutique\/\"},{\"@type\":\"ListItem\",\"position\":3,\"name\":\"Hash &#8211; Sultan Afghan &#8211; Les Classiques\"}]},{\"@type\":\"WebSite\",\"@id\":\"https:\/\/jungle-grower.com\/#website\",\"url\":\"https:\/\/jungle-grower.com\/\",\"name\":\"Jungle Grower\",\"description\":\"Grossiste CBD en France\",\"publisher\":{\"@id\":\"https:\/\/jungle-grower.com\/#organization\"},\"potentialAction\":[{\"@type\":\"SearchAction\",\"target\":{\"@type\":\"EntryPoint\",\"urlTemplate\":\"https:\/\/jungle-grower.com\/?s={search_term_string}\"},\"query-input\":{\"@type\":\"PropertyValueSpecification\",\"valueRequired\":true,\"valueName\":\"search_term_string\"}}],\"inLanguage\":\"en-GB\"},{\"@type\":\"Organization\",\"@id\":\"https:\/\/jungle-grower.com\/#organization\",\"name\":\"Jungle Grower\",\"url\":\"https:\/\/jungle-grower.com\/\",\"logo\":{\"@type\":\"ImageObject\",\"inLanguage\":\"en-GB\",\"@id\":\"https:\/\/jungle-grower.com\/#\/schema\/logo\/image\/\",\"url\":\"https:\/\/jungle-grower.com\/wp-content\/uploads\/2023\/08\/3904b720-b34f-4707-8345-cf9ad0a3bc06.jpg\",\"contentUrl\":\"https:\/\/jungle-grower.com\/wp-content\/uploads\/2023\/08\/3904b720-b34f-4707-8345-cf9ad0a3bc06.jpg\",\"width\":1080,\"height\":1080,\"caption\":\"Jungle Grower\"},\"image\":{\"@id\":\"https:\/\/jungle-grower.com\/#\/schema\/logo\/image\/\"}}]}<\/script>\n<!-- \/ Yoast SEO plugin. -->","yoast_head_json":{"title":"Hash - Sultan Afghan","robots":{"index":"index","follow":"follow","max-snippet":"max-snippet:-1","max-image-preview":"max-image-preview:large","max-video-preview":"max-video-preview:-1"},"canonical":"https:\/\/jungle-grower.com\/en\/product\/sultan-afghan-les-classiques\/","og_locale":"en_GB","og_type":"article","og_title":"Hash - Sultan Afghan","og_description":"Hash - Sultan Afghan Fid\u00e8le \u00e0 l'h\u00e9ritage oriental, ce hash reprend l'aspect sombre et dense de l'Afghan typique, mais se distingue par une texture beaucoup plus effritable. Gr\u00e2ce \u00e0 sa composition en pur pollen, il se travaille sans effort \u00e0 la main tout en conservant son c\u0153ur onctueux. Son profil terp\u00e9nique est puissant et complexe, m\u00ealant des notes de terre sauvage, de cuir et d'\u00e9pices poivr\u00e9es pour une exp\u00e9rience profonde et cors\u00e9e.","og_url":"https:\/\/jungle-grower.com\/en\/product\/sultan-afghan-les-classiques\/","og_site_name":"Jungle Grower","article_modified_time":"2026-04-02T14:00:06+00:00","og_image":[{"width":1344,"height":768,"url":"https:\/\/jungle-grower.com\/wp-content\/uploads\/2025\/01\/Afgant-2.png","type":"image\/png"}],"twitter_card":"summary_large_image","twitter_misc":{"Estimated reading time":"1 minute"},"schema":{"@context":"https:\/\/schema.org","@graph":[{"@type":"WebPage","@id":"https:\/\/jungle-grower.com\/produit\/sultan-afghan-les-classiques\/","url":"https:\/\/jungle-grower.com\/produit\/sultan-afghan-les-classiques\/","name":"Hash - Sultan Afghan","isPartOf":{"@id":"https:\/\/jungle-grower.com\/#website"},"primaryImageOfPage":{"@id":"https:\/\/jungle-grower.com\/produit\/sultan-afghan-les-classiques\/#primaryimage"},"image":{"@id":"https:\/\/jungle-grower.com\/produit\/sultan-afghan-les-classiques\/#primaryimage"},"thumbnailUrl":"https:\/\/jungle-grower.com\/wp-content\/uploads\/2025\/01\/Afgant-2.png","datePublished":"2025-11-05T17:55:42+00:00","dateModified":"2026-04-02T14:00:06+00:00","breadcrumb":{"@id":"https:\/\/jungle-grower.com\/produit\/sultan-afghan-les-classiques\/#breadcrumb"},"inLanguage":"en-GB","potentialAction":[{"@type":"ReadAction","target":["https:\/\/jungle-grower.com\/produit\/sultan-afghan-les-classiques\/"]}]},{"@type":"ImageObject","inLanguage":"en-GB","@id":"https:\/\/jungle-grower.com\/produit\/sultan-afghan-les-classiques\/#primaryimage","url":"https:\/\/jungle-grower.com\/wp-content\/uploads\/2025\/01\/Afgant-2.png","contentUrl":"https:\/\/jungle-grower.com\/wp-content\/uploads\/2025\/01\/Afgant-2.png","width":1344,"height":768,"caption":"Afgant 2"},{"@type":"BreadcrumbList","@id":"https:\/\/jungle-grower.com\/produit\/sultan-afghan-les-classiques\/#breadcrumb","itemListElement":[{"@type":"ListItem","position":1,"name":"Accueil","item":"https:\/\/jungle-grower.com\/"},{"@type":"ListItem","position":2,"name":"Boutique PRO","item":"https:\/\/jungle-grower.com\/boutique\/"},{"@type":"ListItem","position":3,"name":"Hash &#8211; Sultan Afghan &#8211; Les Classiques"}]},{"@type":"WebSite","@id":"https:\/\/jungle-grower.com\/#website","url":"https:\/\/jungle-grower.com\/","name":"Jungle Grower","description":"Grossiste CBD en France","publisher":{"@id":"https:\/\/jungle-grower.com\/#organization"},"potentialAction":[{"@type":"SearchAction","target":{"@type":"EntryPoint","urlTemplate":"https:\/\/jungle-grower.com\/?s={search_term_string}"},"query-input":{"@type":"PropertyValueSpecification","valueRequired":true,"valueName":"search_term_string"}}],"inLanguage":"en-GB"},{"@type":"Organization","@id":"https:\/\/jungle-grower.com\/#organization","name":"Jungle Grower","url":"https:\/\/jungle-grower.com\/","logo":{"@type":"ImageObject","inLanguage":"en-GB","@id":"https:\/\/jungle-grower.com\/#\/schema\/logo\/image\/","url":"https:\/\/jungle-grower.com\/wp-content\/uploads\/2023\/08\/3904b720-b34f-4707-8345-cf9ad0a3bc06.jpg","contentUrl":"https:\/\/jungle-grower.com\/wp-content\/uploads\/2023\/08\/3904b720-b34f-4707-8345-cf9ad0a3bc06.jpg","width":1080,"height":1080,"caption":"Jungle Grower"},"image":{"@id":"https:\/\/jungle-grower.com\/#\/schema\/logo\/image\/"}}]}},"jetpack_sharing_enabled":true,"_links":{"self":[{"href":"https:\/\/jungle-grower.com\/en\/wp-json\/wp\/v2\/product\/5740","targetHints":{"allow":["GET"]}}],"collection":[{"href":"https:\/\/jungle-grower.com\/en\/wp-json\/wp\/v2\/product"}],"about":[{"href":"https:\/\/jungle-grower.com\/en\/wp-json\/wp\/v2\/types\/product"}],"replies":[{"embeddable":true,"href":"https:\/\/jungle-grower.com\/en\/wp-json\/wp\/v2\/comments?post=5740"}],"wp:featuredmedia":[{"embeddable":true,"href":"https:\/\/jungle-grower.com\/en\/wp-json\/wp\/v2\/media\/5822"}],"wp:attachment":[{"href":"https:\/\/jungle-grower.com\/en\/wp-json\/wp\/v2\/media?parent=5740"}],"wp:term":[{"taxonomy":"product_cat","embeddable":true,"href":"https:\/\/jungle-grower.com\/en\/wp-json\/wp\/v2\/product_cat?post=5740"},{"taxonomy":"product_tag","embeddable":true,"href":"https:\/\/jungle-grower.com\/en\/wp-json\/wp\/v2\/product_tag?post=5740"}],"curies":[{"name":"wp","href":"https:\/\/api.w.org\/{rel}","templated":true}]}}