{"id":5720,"date":"2025-11-05T17:43:44","date_gmt":"2025-11-05T17:43:44","guid":{"rendered":"https:\/\/jungle-grower.com\/?post_type=product&#038;p=5720"},"modified":"2026-04-24T12:22:41","modified_gmt":"2026-04-24T12:22:41","slug":"lor-du-liban-les-classiques","status":"publish","type":"product","link":"https:\/\/jungle-grower.com\/en\/product\/lor-du-liban-les-classiques\/","title":{"rendered":"Hash &#8211; L&#8217;or du Liban"},"content":{"rendered":"<p>Prix de vente conseill\u00e9 : 4\u20ac \u00e0 8\u20ac \/ gr<\/p>","protected":false},"excerpt":{"rendered":"<p>Hash &#8211; L&#8217;or du Liban<\/p>\n<p data-path-to-node=\"1\">Sous une cro\u00fbte sombre et lisse, ce hash d\u00e9voile un <b data-path-to-node=\"1\" data-index-in-node=\"52\">c\u0153ur rouge terreux<\/b> typique des m\u00e9thodes de s\u00e9chage ancestrales. Sa texture est souple, presque mall\u00e9able, sans \u00eatre collante. Il lib\u00e8re des terp\u00e8nes chaleureux et cors\u00e9s, m\u00ealant le c\u00e8dre, le poivre noir et des notes de cuir. Une r\u00e9sine de caract\u00e8re, dense et riche, qui se travaille facilement \u00e0 la main.<\/p>","protected":false},"featured_media":5873,"comment_status":"open","ping_status":"closed","template":"","meta":[],"product_cat":[54],"product_tag":[68],"class_list":{"0":"post-5720","1":"product","2":"type-product","3":"status-publish","4":"has-post-thumbnail","6":"product_cat-france","7":"product_tag-resine","9":"first","10":"instock","11":"taxable","12":"shipping-taxable","13":"purchasable","14":"product-type-variable","15":"has-default-attributes"},"acf":[],"yoast_head":"<!-- This site is optimized with the Yoast SEO plugin v26.3 - https:\/\/yoast.com\/wordpress\/plugins\/seo\/ -->\n<title>L&#039;or du Liban - Les Classiques<\/title>\n<meta name=\"robots\" content=\"index, follow, max-snippet:-1, max-image-preview:large, max-video-preview:-1\" \/>\n<link rel=\"canonical\" href=\"https:\/\/jungle-grower.com\/en\/product\/lor-du-liban-les-classiques\/\" \/>\n<meta property=\"og:locale\" content=\"en_GB\" \/>\n<meta property=\"og:type\" content=\"article\" \/>\n<meta property=\"og:title\" content=\"L&#039;or du Liban - Les Classiques\" \/>\n<meta property=\"og:description\" content=\"Hash - L&#039;or du Liban Sous une cro\u00fbte sombre et lisse, ce hash d\u00e9voile un c\u0153ur rouge terreux typique des m\u00e9thodes de s\u00e9chage ancestrales. Sa texture est souple, presque mall\u00e9able, sans \u00eatre collante. Il lib\u00e8re des terp\u00e8nes chaleureux et cors\u00e9s, m\u00ealant le c\u00e8dre, le poivre noir et des notes de cuir. Une r\u00e9sine de caract\u00e8re, dense et riche, qui se travaille facilement \u00e0 la main.\" \/>\n<meta property=\"og:url\" content=\"https:\/\/jungle-grower.com\/en\/product\/lor-du-liban-les-classiques\/\" \/>\n<meta property=\"og:site_name\" content=\"Jungle Grower\" \/>\n<meta property=\"article:modified_time\" content=\"2026-04-24T12:22:41+00:00\" \/>\n<meta property=\"og:image\" content=\"https:\/\/jungle-grower.com\/wp-content\/uploads\/2025\/11\/L_or-du-Liban-.mp4_snapshot_00.00.029.jpg\" \/>\n\t<meta property=\"og:image:width\" content=\"1080\" \/>\n\t<meta property=\"og:image:height\" content=\"1920\" \/>\n\t<meta property=\"og:image:type\" content=\"image\/jpeg\" \/>\n<meta name=\"twitter:card\" content=\"summary_large_image\" \/>\n<meta name=\"twitter:label1\" content=\"Estimated reading time\" \/>\n\t<meta name=\"twitter:data1\" content=\"1 minute\" \/>\n<script type=\"application\/ld+json\" class=\"yoast-schema-graph\">{\"@context\":\"https:\/\/schema.org\",\"@graph\":[{\"@type\":\"WebPage\",\"@id\":\"https:\/\/jungle-grower.com\/produit\/lor-du-liban-les-classiques\/\",\"url\":\"https:\/\/jungle-grower.com\/produit\/lor-du-liban-les-classiques\/\",\"name\":\"L'or du Liban - Les Classiques\",\"isPartOf\":{\"@id\":\"https:\/\/jungle-grower.com\/#website\"},\"primaryImageOfPage\":{\"@id\":\"https:\/\/jungle-grower.com\/produit\/lor-du-liban-les-classiques\/#primaryimage\"},\"image\":{\"@id\":\"https:\/\/jungle-grower.com\/produit\/lor-du-liban-les-classiques\/#primaryimage\"},\"thumbnailUrl\":\"https:\/\/jungle-grower.com\/wp-content\/uploads\/2025\/11\/L_or-du-Liban-.mp4_snapshot_00.00.029.jpg\",\"datePublished\":\"2025-11-05T17:43:44+00:00\",\"dateModified\":\"2026-04-24T12:22:41+00:00\",\"breadcrumb\":{\"@id\":\"https:\/\/jungle-grower.com\/produit\/lor-du-liban-les-classiques\/#breadcrumb\"},\"inLanguage\":\"en-GB\",\"potentialAction\":[{\"@type\":\"ReadAction\",\"target\":[\"https:\/\/jungle-grower.com\/produit\/lor-du-liban-les-classiques\/\"]}]},{\"@type\":\"ImageObject\",\"inLanguage\":\"en-GB\",\"@id\":\"https:\/\/jungle-grower.com\/produit\/lor-du-liban-les-classiques\/#primaryimage\",\"url\":\"https:\/\/jungle-grower.com\/wp-content\/uploads\/2025\/11\/L_or-du-Liban-.mp4_snapshot_00.00.029.jpg\",\"contentUrl\":\"https:\/\/jungle-grower.com\/wp-content\/uploads\/2025\/11\/L_or-du-Liban-.mp4_snapshot_00.00.029.jpg\",\"width\":1080,\"height\":1920,\"caption\":\"L_or du Liban\"},{\"@type\":\"BreadcrumbList\",\"@id\":\"https:\/\/jungle-grower.com\/produit\/lor-du-liban-les-classiques\/#breadcrumb\",\"itemListElement\":[{\"@type\":\"ListItem\",\"position\":1,\"name\":\"Accueil\",\"item\":\"https:\/\/jungle-grower.com\/\"},{\"@type\":\"ListItem\",\"position\":2,\"name\":\"Boutique PRO\",\"item\":\"https:\/\/jungle-grower.com\/boutique\/\"},{\"@type\":\"ListItem\",\"position\":3,\"name\":\"Hash &#8211; L&#8217;or du Liban\"}]},{\"@type\":\"WebSite\",\"@id\":\"https:\/\/jungle-grower.com\/#website\",\"url\":\"https:\/\/jungle-grower.com\/\",\"name\":\"Jungle Grower\",\"description\":\"Grossiste CBD en France\",\"publisher\":{\"@id\":\"https:\/\/jungle-grower.com\/#organization\"},\"potentialAction\":[{\"@type\":\"SearchAction\",\"target\":{\"@type\":\"EntryPoint\",\"urlTemplate\":\"https:\/\/jungle-grower.com\/?s={search_term_string}\"},\"query-input\":{\"@type\":\"PropertyValueSpecification\",\"valueRequired\":true,\"valueName\":\"search_term_string\"}}],\"inLanguage\":\"en-GB\"},{\"@type\":\"Organization\",\"@id\":\"https:\/\/jungle-grower.com\/#organization\",\"name\":\"Jungle Grower\",\"url\":\"https:\/\/jungle-grower.com\/\",\"logo\":{\"@type\":\"ImageObject\",\"inLanguage\":\"en-GB\",\"@id\":\"https:\/\/jungle-grower.com\/#\/schema\/logo\/image\/\",\"url\":\"https:\/\/jungle-grower.com\/wp-content\/uploads\/2023\/08\/3904b720-b34f-4707-8345-cf9ad0a3bc06.jpg\",\"contentUrl\":\"https:\/\/jungle-grower.com\/wp-content\/uploads\/2023\/08\/3904b720-b34f-4707-8345-cf9ad0a3bc06.jpg\",\"width\":1080,\"height\":1080,\"caption\":\"Jungle Grower\"},\"image\":{\"@id\":\"https:\/\/jungle-grower.com\/#\/schema\/logo\/image\/\"}}]}<\/script>\n<!-- \/ Yoast SEO plugin. -->","yoast_head_json":{"title":"L'or du Liban - Les Classiques","robots":{"index":"index","follow":"follow","max-snippet":"max-snippet:-1","max-image-preview":"max-image-preview:large","max-video-preview":"max-video-preview:-1"},"canonical":"https:\/\/jungle-grower.com\/en\/product\/lor-du-liban-les-classiques\/","og_locale":"en_GB","og_type":"article","og_title":"L'or du Liban - Les Classiques","og_description":"Hash - L'or du Liban Sous une cro\u00fbte sombre et lisse, ce hash d\u00e9voile un c\u0153ur rouge terreux typique des m\u00e9thodes de s\u00e9chage ancestrales. Sa texture est souple, presque mall\u00e9able, sans \u00eatre collante. Il lib\u00e8re des terp\u00e8nes chaleureux et cors\u00e9s, m\u00ealant le c\u00e8dre, le poivre noir et des notes de cuir. Une r\u00e9sine de caract\u00e8re, dense et riche, qui se travaille facilement \u00e0 la main.","og_url":"https:\/\/jungle-grower.com\/en\/product\/lor-du-liban-les-classiques\/","og_site_name":"Jungle Grower","article_modified_time":"2026-04-24T12:22:41+00:00","og_image":[{"width":1080,"height":1920,"url":"https:\/\/jungle-grower.com\/wp-content\/uploads\/2025\/11\/L_or-du-Liban-.mp4_snapshot_00.00.029.jpg","type":"image\/jpeg"}],"twitter_card":"summary_large_image","twitter_misc":{"Estimated reading time":"1 minute"},"schema":{"@context":"https:\/\/schema.org","@graph":[{"@type":"WebPage","@id":"https:\/\/jungle-grower.com\/produit\/lor-du-liban-les-classiques\/","url":"https:\/\/jungle-grower.com\/produit\/lor-du-liban-les-classiques\/","name":"L'or du Liban - Les Classiques","isPartOf":{"@id":"https:\/\/jungle-grower.com\/#website"},"primaryImageOfPage":{"@id":"https:\/\/jungle-grower.com\/produit\/lor-du-liban-les-classiques\/#primaryimage"},"image":{"@id":"https:\/\/jungle-grower.com\/produit\/lor-du-liban-les-classiques\/#primaryimage"},"thumbnailUrl":"https:\/\/jungle-grower.com\/wp-content\/uploads\/2025\/11\/L_or-du-Liban-.mp4_snapshot_00.00.029.jpg","datePublished":"2025-11-05T17:43:44+00:00","dateModified":"2026-04-24T12:22:41+00:00","breadcrumb":{"@id":"https:\/\/jungle-grower.com\/produit\/lor-du-liban-les-classiques\/#breadcrumb"},"inLanguage":"en-GB","potentialAction":[{"@type":"ReadAction","target":["https:\/\/jungle-grower.com\/produit\/lor-du-liban-les-classiques\/"]}]},{"@type":"ImageObject","inLanguage":"en-GB","@id":"https:\/\/jungle-grower.com\/produit\/lor-du-liban-les-classiques\/#primaryimage","url":"https:\/\/jungle-grower.com\/wp-content\/uploads\/2025\/11\/L_or-du-Liban-.mp4_snapshot_00.00.029.jpg","contentUrl":"https:\/\/jungle-grower.com\/wp-content\/uploads\/2025\/11\/L_or-du-Liban-.mp4_snapshot_00.00.029.jpg","width":1080,"height":1920,"caption":"L_or du Liban"},{"@type":"BreadcrumbList","@id":"https:\/\/jungle-grower.com\/produit\/lor-du-liban-les-classiques\/#breadcrumb","itemListElement":[{"@type":"ListItem","position":1,"name":"Accueil","item":"https:\/\/jungle-grower.com\/"},{"@type":"ListItem","position":2,"name":"Boutique PRO","item":"https:\/\/jungle-grower.com\/boutique\/"},{"@type":"ListItem","position":3,"name":"Hash &#8211; L&#8217;or du Liban"}]},{"@type":"WebSite","@id":"https:\/\/jungle-grower.com\/#website","url":"https:\/\/jungle-grower.com\/","name":"Jungle Grower","description":"Grossiste CBD en France","publisher":{"@id":"https:\/\/jungle-grower.com\/#organization"},"potentialAction":[{"@type":"SearchAction","target":{"@type":"EntryPoint","urlTemplate":"https:\/\/jungle-grower.com\/?s={search_term_string}"},"query-input":{"@type":"PropertyValueSpecification","valueRequired":true,"valueName":"search_term_string"}}],"inLanguage":"en-GB"},{"@type":"Organization","@id":"https:\/\/jungle-grower.com\/#organization","name":"Jungle Grower","url":"https:\/\/jungle-grower.com\/","logo":{"@type":"ImageObject","inLanguage":"en-GB","@id":"https:\/\/jungle-grower.com\/#\/schema\/logo\/image\/","url":"https:\/\/jungle-grower.com\/wp-content\/uploads\/2023\/08\/3904b720-b34f-4707-8345-cf9ad0a3bc06.jpg","contentUrl":"https:\/\/jungle-grower.com\/wp-content\/uploads\/2023\/08\/3904b720-b34f-4707-8345-cf9ad0a3bc06.jpg","width":1080,"height":1080,"caption":"Jungle Grower"},"image":{"@id":"https:\/\/jungle-grower.com\/#\/schema\/logo\/image\/"}}]}},"jetpack_sharing_enabled":true,"_links":{"self":[{"href":"https:\/\/jungle-grower.com\/en\/wp-json\/wp\/v2\/product\/5720","targetHints":{"allow":["GET"]}}],"collection":[{"href":"https:\/\/jungle-grower.com\/en\/wp-json\/wp\/v2\/product"}],"about":[{"href":"https:\/\/jungle-grower.com\/en\/wp-json\/wp\/v2\/types\/product"}],"replies":[{"embeddable":true,"href":"https:\/\/jungle-grower.com\/en\/wp-json\/wp\/v2\/comments?post=5720"}],"wp:featuredmedia":[{"embeddable":true,"href":"https:\/\/jungle-grower.com\/en\/wp-json\/wp\/v2\/media\/5873"}],"wp:attachment":[{"href":"https:\/\/jungle-grower.com\/en\/wp-json\/wp\/v2\/media?parent=5720"}],"wp:term":[{"taxonomy":"product_cat","embeddable":true,"href":"https:\/\/jungle-grower.com\/en\/wp-json\/wp\/v2\/product_cat?post=5720"},{"taxonomy":"product_tag","embeddable":true,"href":"https:\/\/jungle-grower.com\/en\/wp-json\/wp\/v2\/product_tag?post=5720"}],"curies":[{"name":"wp","href":"https:\/\/api.w.org\/{rel}","templated":true}]}}