{"id":5715,"date":"2025-11-05T17:39:51","date_gmt":"2025-11-05T17:39:51","guid":{"rendered":"https:\/\/jungle-grower.com\/?post_type=product&#038;p=5715"},"modified":"2026-04-02T14:15:01","modified_gmt":"2026-04-02T14:15:01","slug":"ketama-marrocan-les-classiques","status":"publish","type":"product","link":"https:\/\/jungle-grower.com\/en\/product\/ketama-marrocan-les-classiques\/","title":{"rendered":"Hash &#8211; Ketama Marrocan"},"content":{"rendered":"<p data-path-to-node=\"2\">Prix de vente conseill\u00e9 : 4\u20ac \u00e0 8\u20ac \/ gr<\/p>","protected":false},"excerpt":{"rendered":"<p class=\"query-text-line ng-star-inserted\"><strong>Hash &#8211; Ketama Marrocan<\/strong><\/p>\n<p data-path-to-node=\"1\">Ce <b data-path-to-node=\"1\" data-index-in-node=\"3\">magnifique pollen<\/b> jaune p\u00e2le est une ode \u00e0 la tradition. Sa texture est incroyablement poudreuse et s\u00e8che, typique des meilleurs tamisages \u00e0 froid. Tr\u00e8s facile \u00e0 effriter, il r\u00e9v\u00e8le au c\u0153ur une couleur dor\u00e9e \u00e9clatante. C\u00f4t\u00e9 saveurs, il d\u00e9gage des terp\u00e8nes bois\u00e9s et \u00e9pic\u00e9s avec une pointe de terre s\u00e8che, offrant une exp\u00e9rience douce et une fum\u00e9e l\u00e9g\u00e8re, fid\u00e8le aux standards du Ketama originel.<\/p>","protected":false},"featured_media":5834,"comment_status":"open","ping_status":"closed","template":"","meta":[],"product_cat":[54],"product_tag":[68],"class_list":{"0":"post-5715","1":"product","2":"type-product","3":"status-publish","4":"has-post-thumbnail","6":"product_cat-france","7":"product_tag-resine","9":"first","10":"instock","11":"taxable","12":"shipping-taxable","13":"purchasable","14":"product-type-variable","15":"has-default-attributes"},"acf":[],"yoast_head":"<!-- This site is optimized with the Yoast SEO plugin v26.3 - https:\/\/yoast.com\/wordpress\/plugins\/seo\/ -->\n<title>Hash - Ketama Marrocan<\/title>\n<meta name=\"robots\" content=\"index, follow, max-snippet:-1, max-image-preview:large, max-video-preview:-1\" \/>\n<link rel=\"canonical\" href=\"https:\/\/jungle-grower.com\/en\/product\/ketama-marrocan-les-classiques\/\" \/>\n<meta property=\"og:locale\" content=\"en_GB\" \/>\n<meta property=\"og:type\" content=\"article\" \/>\n<meta property=\"og:title\" content=\"Hash - Ketama Marrocan\" \/>\n<meta property=\"og:description\" content=\"Hash - Ketama Marrocan Ce magnifique pollen jaune p\u00e2le est une ode \u00e0 la tradition. Sa texture est incroyablement poudreuse et s\u00e8che, typique des meilleurs tamisages \u00e0 froid. Tr\u00e8s facile \u00e0 effriter, il r\u00e9v\u00e8le au c\u0153ur une couleur dor\u00e9e \u00e9clatante. C\u00f4t\u00e9 saveurs, il d\u00e9gage des terp\u00e8nes bois\u00e9s et \u00e9pic\u00e9s avec une pointe de terre s\u00e8che, offrant une exp\u00e9rience douce et une fum\u00e9e l\u00e9g\u00e8re, fid\u00e8le aux standards du Ketama originel.\" \/>\n<meta property=\"og:url\" content=\"https:\/\/jungle-grower.com\/en\/product\/ketama-marrocan-les-classiques\/\" \/>\n<meta property=\"og:site_name\" content=\"Jungle Grower\" \/>\n<meta property=\"article:modified_time\" content=\"2026-04-02T14:15:01+00:00\" \/>\n<meta property=\"og:image\" content=\"https:\/\/jungle-grower.com\/wp-content\/uploads\/2025\/11\/Ketama-Marrocan.png\" \/>\n\t<meta property=\"og:image:width\" content=\"1280\" \/>\n\t<meta property=\"og:image:height\" content=\"800\" \/>\n\t<meta property=\"og:image:type\" content=\"image\/png\" \/>\n<meta name=\"twitter:card\" content=\"summary_large_image\" \/>\n<meta name=\"twitter:label1\" content=\"Estimated reading time\" \/>\n\t<meta name=\"twitter:data1\" content=\"1 minute\" \/>\n<script type=\"application\/ld+json\" class=\"yoast-schema-graph\">{\"@context\":\"https:\/\/schema.org\",\"@graph\":[{\"@type\":\"WebPage\",\"@id\":\"https:\/\/jungle-grower.com\/produit\/ketama-marrocan-les-classiques\/\",\"url\":\"https:\/\/jungle-grower.com\/produit\/ketama-marrocan-les-classiques\/\",\"name\":\"Hash - Ketama Marrocan\",\"isPartOf\":{\"@id\":\"https:\/\/jungle-grower.com\/#website\"},\"primaryImageOfPage\":{\"@id\":\"https:\/\/jungle-grower.com\/produit\/ketama-marrocan-les-classiques\/#primaryimage\"},\"image\":{\"@id\":\"https:\/\/jungle-grower.com\/produit\/ketama-marrocan-les-classiques\/#primaryimage\"},\"thumbnailUrl\":\"https:\/\/jungle-grower.com\/wp-content\/uploads\/2025\/11\/Ketama-Marrocan.png\",\"datePublished\":\"2025-11-05T17:39:51+00:00\",\"dateModified\":\"2026-04-02T14:15:01+00:00\",\"breadcrumb\":{\"@id\":\"https:\/\/jungle-grower.com\/produit\/ketama-marrocan-les-classiques\/#breadcrumb\"},\"inLanguage\":\"en-GB\",\"potentialAction\":[{\"@type\":\"ReadAction\",\"target\":[\"https:\/\/jungle-grower.com\/produit\/ketama-marrocan-les-classiques\/\"]}]},{\"@type\":\"ImageObject\",\"inLanguage\":\"en-GB\",\"@id\":\"https:\/\/jungle-grower.com\/produit\/ketama-marrocan-les-classiques\/#primaryimage\",\"url\":\"https:\/\/jungle-grower.com\/wp-content\/uploads\/2025\/11\/Ketama-Marrocan.png\",\"contentUrl\":\"https:\/\/jungle-grower.com\/wp-content\/uploads\/2025\/11\/Ketama-Marrocan.png\",\"width\":1280,\"height\":800,\"caption\":\"Ketama Marrocan2\"},{\"@type\":\"BreadcrumbList\",\"@id\":\"https:\/\/jungle-grower.com\/produit\/ketama-marrocan-les-classiques\/#breadcrumb\",\"itemListElement\":[{\"@type\":\"ListItem\",\"position\":1,\"name\":\"Accueil\",\"item\":\"https:\/\/jungle-grower.com\/\"},{\"@type\":\"ListItem\",\"position\":2,\"name\":\"Boutique PRO\",\"item\":\"https:\/\/jungle-grower.com\/boutique\/\"},{\"@type\":\"ListItem\",\"position\":3,\"name\":\"Hash &#8211; Ketama Marrocan\"}]},{\"@type\":\"WebSite\",\"@id\":\"https:\/\/jungle-grower.com\/#website\",\"url\":\"https:\/\/jungle-grower.com\/\",\"name\":\"Jungle Grower\",\"description\":\"Grossiste CBD en France\",\"publisher\":{\"@id\":\"https:\/\/jungle-grower.com\/#organization\"},\"potentialAction\":[{\"@type\":\"SearchAction\",\"target\":{\"@type\":\"EntryPoint\",\"urlTemplate\":\"https:\/\/jungle-grower.com\/?s={search_term_string}\"},\"query-input\":{\"@type\":\"PropertyValueSpecification\",\"valueRequired\":true,\"valueName\":\"search_term_string\"}}],\"inLanguage\":\"en-GB\"},{\"@type\":\"Organization\",\"@id\":\"https:\/\/jungle-grower.com\/#organization\",\"name\":\"Jungle Grower\",\"url\":\"https:\/\/jungle-grower.com\/\",\"logo\":{\"@type\":\"ImageObject\",\"inLanguage\":\"en-GB\",\"@id\":\"https:\/\/jungle-grower.com\/#\/schema\/logo\/image\/\",\"url\":\"https:\/\/jungle-grower.com\/wp-content\/uploads\/2023\/08\/3904b720-b34f-4707-8345-cf9ad0a3bc06.jpg\",\"contentUrl\":\"https:\/\/jungle-grower.com\/wp-content\/uploads\/2023\/08\/3904b720-b34f-4707-8345-cf9ad0a3bc06.jpg\",\"width\":1080,\"height\":1080,\"caption\":\"Jungle Grower\"},\"image\":{\"@id\":\"https:\/\/jungle-grower.com\/#\/schema\/logo\/image\/\"}}]}<\/script>\n<!-- \/ Yoast SEO plugin. -->","yoast_head_json":{"title":"Hash - Ketama Marrocan","robots":{"index":"index","follow":"follow","max-snippet":"max-snippet:-1","max-image-preview":"max-image-preview:large","max-video-preview":"max-video-preview:-1"},"canonical":"https:\/\/jungle-grower.com\/en\/product\/ketama-marrocan-les-classiques\/","og_locale":"en_GB","og_type":"article","og_title":"Hash - Ketama Marrocan","og_description":"Hash - Ketama Marrocan Ce magnifique pollen jaune p\u00e2le est une ode \u00e0 la tradition. Sa texture est incroyablement poudreuse et s\u00e8che, typique des meilleurs tamisages \u00e0 froid. Tr\u00e8s facile \u00e0 effriter, il r\u00e9v\u00e8le au c\u0153ur une couleur dor\u00e9e \u00e9clatante. C\u00f4t\u00e9 saveurs, il d\u00e9gage des terp\u00e8nes bois\u00e9s et \u00e9pic\u00e9s avec une pointe de terre s\u00e8che, offrant une exp\u00e9rience douce et une fum\u00e9e l\u00e9g\u00e8re, fid\u00e8le aux standards du Ketama originel.","og_url":"https:\/\/jungle-grower.com\/en\/product\/ketama-marrocan-les-classiques\/","og_site_name":"Jungle Grower","article_modified_time":"2026-04-02T14:15:01+00:00","og_image":[{"width":1280,"height":800,"url":"https:\/\/jungle-grower.com\/wp-content\/uploads\/2025\/11\/Ketama-Marrocan.png","type":"image\/png"}],"twitter_card":"summary_large_image","twitter_misc":{"Estimated reading time":"1 minute"},"schema":{"@context":"https:\/\/schema.org","@graph":[{"@type":"WebPage","@id":"https:\/\/jungle-grower.com\/produit\/ketama-marrocan-les-classiques\/","url":"https:\/\/jungle-grower.com\/produit\/ketama-marrocan-les-classiques\/","name":"Hash - Ketama Marrocan","isPartOf":{"@id":"https:\/\/jungle-grower.com\/#website"},"primaryImageOfPage":{"@id":"https:\/\/jungle-grower.com\/produit\/ketama-marrocan-les-classiques\/#primaryimage"},"image":{"@id":"https:\/\/jungle-grower.com\/produit\/ketama-marrocan-les-classiques\/#primaryimage"},"thumbnailUrl":"https:\/\/jungle-grower.com\/wp-content\/uploads\/2025\/11\/Ketama-Marrocan.png","datePublished":"2025-11-05T17:39:51+00:00","dateModified":"2026-04-02T14:15:01+00:00","breadcrumb":{"@id":"https:\/\/jungle-grower.com\/produit\/ketama-marrocan-les-classiques\/#breadcrumb"},"inLanguage":"en-GB","potentialAction":[{"@type":"ReadAction","target":["https:\/\/jungle-grower.com\/produit\/ketama-marrocan-les-classiques\/"]}]},{"@type":"ImageObject","inLanguage":"en-GB","@id":"https:\/\/jungle-grower.com\/produit\/ketama-marrocan-les-classiques\/#primaryimage","url":"https:\/\/jungle-grower.com\/wp-content\/uploads\/2025\/11\/Ketama-Marrocan.png","contentUrl":"https:\/\/jungle-grower.com\/wp-content\/uploads\/2025\/11\/Ketama-Marrocan.png","width":1280,"height":800,"caption":"Ketama Marrocan2"},{"@type":"BreadcrumbList","@id":"https:\/\/jungle-grower.com\/produit\/ketama-marrocan-les-classiques\/#breadcrumb","itemListElement":[{"@type":"ListItem","position":1,"name":"Accueil","item":"https:\/\/jungle-grower.com\/"},{"@type":"ListItem","position":2,"name":"Boutique PRO","item":"https:\/\/jungle-grower.com\/boutique\/"},{"@type":"ListItem","position":3,"name":"Hash &#8211; Ketama Marrocan"}]},{"@type":"WebSite","@id":"https:\/\/jungle-grower.com\/#website","url":"https:\/\/jungle-grower.com\/","name":"Jungle Grower","description":"Grossiste CBD en France","publisher":{"@id":"https:\/\/jungle-grower.com\/#organization"},"potentialAction":[{"@type":"SearchAction","target":{"@type":"EntryPoint","urlTemplate":"https:\/\/jungle-grower.com\/?s={search_term_string}"},"query-input":{"@type":"PropertyValueSpecification","valueRequired":true,"valueName":"search_term_string"}}],"inLanguage":"en-GB"},{"@type":"Organization","@id":"https:\/\/jungle-grower.com\/#organization","name":"Jungle Grower","url":"https:\/\/jungle-grower.com\/","logo":{"@type":"ImageObject","inLanguage":"en-GB","@id":"https:\/\/jungle-grower.com\/#\/schema\/logo\/image\/","url":"https:\/\/jungle-grower.com\/wp-content\/uploads\/2023\/08\/3904b720-b34f-4707-8345-cf9ad0a3bc06.jpg","contentUrl":"https:\/\/jungle-grower.com\/wp-content\/uploads\/2023\/08\/3904b720-b34f-4707-8345-cf9ad0a3bc06.jpg","width":1080,"height":1080,"caption":"Jungle Grower"},"image":{"@id":"https:\/\/jungle-grower.com\/#\/schema\/logo\/image\/"}}]}},"jetpack_sharing_enabled":true,"_links":{"self":[{"href":"https:\/\/jungle-grower.com\/en\/wp-json\/wp\/v2\/product\/5715","targetHints":{"allow":["GET"]}}],"collection":[{"href":"https:\/\/jungle-grower.com\/en\/wp-json\/wp\/v2\/product"}],"about":[{"href":"https:\/\/jungle-grower.com\/en\/wp-json\/wp\/v2\/types\/product"}],"replies":[{"embeddable":true,"href":"https:\/\/jungle-grower.com\/en\/wp-json\/wp\/v2\/comments?post=5715"}],"wp:featuredmedia":[{"embeddable":true,"href":"https:\/\/jungle-grower.com\/en\/wp-json\/wp\/v2\/media\/5834"}],"wp:attachment":[{"href":"https:\/\/jungle-grower.com\/en\/wp-json\/wp\/v2\/media?parent=5715"}],"wp:term":[{"taxonomy":"product_cat","embeddable":true,"href":"https:\/\/jungle-grower.com\/en\/wp-json\/wp\/v2\/product_cat?post=5715"},{"taxonomy":"product_tag","embeddable":true,"href":"https:\/\/jungle-grower.com\/en\/wp-json\/wp\/v2\/product_tag?post=5715"}],"curies":[{"name":"wp","href":"https:\/\/api.w.org\/{rel}","templated":true}]}}