{"id":5664,"date":"2025-11-05T12:08:16","date_gmt":"2025-11-05T12:08:16","guid":{"rendered":"https:\/\/jungle-grower.com\/?post_type=product&#038;p=5664"},"modified":"2026-01-07T16:43:28","modified_gmt":"2026-01-07T16:43:28","slug":"cannatonic-cool-price","status":"publish","type":"product","link":"https:\/\/jungle-grower.com\/en\/product\/cannatonic-cool-price\/","title":{"rendered":"Cannatonic &#8211; Outdoor"},"content":{"rendered":"<p data-path-to-node=\"2\">Prix de vente conseill\u00e9 : 3\u20ac \u00e0 5\u20ac \/ gr<\/p>","protected":false},"excerpt":{"rendered":"<p><strong>Cannatonic &#8211; Outdoor<\/strong><\/p>\n<p>Issue de nos cultures de plein champ en sol bio, cette Cannatonic b\u00e9n\u00e9ficie d&#8217;une maturation lente sous le soleil d&#8217;\u00e9t\u00e9. Elle pr\u00e9sente des fleurs d&#8217;une densit\u00e9 remarquable pour de l&#8217;ext\u00e9rieur, avec une texture compacte et des teintes vert terreux. Son profil terp\u00e9nique naturel r\u00e9v\u00e8le des notes de pin et de sous-bois, garantissant une authenticit\u00e9 brute issue directement de notre terre vivante.<\/p>","protected":false},"featured_media":6158,"comment_status":"open","ping_status":"closed","template":"","meta":[],"product_cat":[54],"product_tag":[47],"class_list":{"0":"post-5664","1":"product","2":"type-product","3":"status-publish","4":"has-post-thumbnail","6":"product_cat-france","7":"product_tag-big","9":"first","10":"instock","11":"taxable","12":"shipping-taxable","13":"purchasable","14":"product-type-variable"},"acf":[],"yoast_head":"<!-- This site is optimized with the Yoast SEO plugin v26.3 - https:\/\/yoast.com\/wordpress\/plugins\/seo\/ -->\n<title>Cannatonic - Outdoor<\/title>\n<meta name=\"robots\" content=\"index, follow, max-snippet:-1, max-image-preview:large, max-video-preview:-1\" \/>\n<link rel=\"canonical\" href=\"https:\/\/jungle-grower.com\/en\/product\/cannatonic-cool-price\/\" \/>\n<meta property=\"og:locale\" content=\"en_GB\" \/>\n<meta property=\"og:type\" content=\"article\" \/>\n<meta property=\"og:title\" content=\"Cannatonic - Outdoor\" \/>\n<meta property=\"og:description\" content=\"Cannatonic - Outdoor  Issue de nos cultures de plein champ en sol bio, cette Cannatonic b\u00e9n\u00e9ficie d&#039;une maturation lente sous le soleil d&#039;\u00e9t\u00e9. Elle pr\u00e9sente des fleurs d&#039;une densit\u00e9 remarquable pour de l&#039;ext\u00e9rieur, avec une texture compacte et des teintes vert terreux. Son profil terp\u00e9nique naturel r\u00e9v\u00e8le des notes de pin et de sous-bois, garantissant une authenticit\u00e9 brute issue directement de notre terre vivante.\" \/>\n<meta property=\"og:url\" content=\"https:\/\/jungle-grower.com\/en\/product\/cannatonic-cool-price\/\" \/>\n<meta property=\"og:site_name\" content=\"Jungle Grower\" \/>\n<meta property=\"article:modified_time\" content=\"2026-01-07T16:43:28+00:00\" \/>\n<meta property=\"og:image\" content=\"https:\/\/jungle-grower.com\/wp-content\/uploads\/2025\/11\/Cannatonic-7-scaled.jpg\" \/>\n\t<meta property=\"og:image:width\" content=\"1702\" \/>\n\t<meta property=\"og:image:height\" content=\"2560\" \/>\n\t<meta property=\"og:image:type\" content=\"image\/jpeg\" \/>\n<meta name=\"twitter:card\" content=\"summary_large_image\" \/>\n<meta name=\"twitter:label1\" content=\"Estimated reading time\" \/>\n\t<meta name=\"twitter:data1\" content=\"1 minute\" \/>\n<script type=\"application\/ld+json\" class=\"yoast-schema-graph\">{\"@context\":\"https:\/\/schema.org\",\"@graph\":[{\"@type\":\"WebPage\",\"@id\":\"https:\/\/jungle-grower.com\/produit\/cannatonic-cool-price\/\",\"url\":\"https:\/\/jungle-grower.com\/produit\/cannatonic-cool-price\/\",\"name\":\"Cannatonic - Outdoor\",\"isPartOf\":{\"@id\":\"https:\/\/jungle-grower.com\/#website\"},\"primaryImageOfPage\":{\"@id\":\"https:\/\/jungle-grower.com\/produit\/cannatonic-cool-price\/#primaryimage\"},\"image\":{\"@id\":\"https:\/\/jungle-grower.com\/produit\/cannatonic-cool-price\/#primaryimage\"},\"thumbnailUrl\":\"https:\/\/jungle-grower.com\/wp-content\/uploads\/2025\/11\/Cannatonic-7-scaled.jpg\",\"datePublished\":\"2025-11-05T12:08:16+00:00\",\"dateModified\":\"2026-01-07T16:43:28+00:00\",\"breadcrumb\":{\"@id\":\"https:\/\/jungle-grower.com\/produit\/cannatonic-cool-price\/#breadcrumb\"},\"inLanguage\":\"en-GB\",\"potentialAction\":[{\"@type\":\"ReadAction\",\"target\":[\"https:\/\/jungle-grower.com\/produit\/cannatonic-cool-price\/\"]}]},{\"@type\":\"ImageObject\",\"inLanguage\":\"en-GB\",\"@id\":\"https:\/\/jungle-grower.com\/produit\/cannatonic-cool-price\/#primaryimage\",\"url\":\"https:\/\/jungle-grower.com\/wp-content\/uploads\/2025\/11\/Cannatonic-7-scaled.jpg\",\"contentUrl\":\"https:\/\/jungle-grower.com\/wp-content\/uploads\/2025\/11\/Cannatonic-7-scaled.jpg\",\"width\":1702,\"height\":2560,\"caption\":\"Cannatonic 7\"},{\"@type\":\"BreadcrumbList\",\"@id\":\"https:\/\/jungle-grower.com\/produit\/cannatonic-cool-price\/#breadcrumb\",\"itemListElement\":[{\"@type\":\"ListItem\",\"position\":1,\"name\":\"Accueil\",\"item\":\"https:\/\/jungle-grower.com\/\"},{\"@type\":\"ListItem\",\"position\":2,\"name\":\"Boutique PRO\",\"item\":\"https:\/\/jungle-grower.com\/boutique\/\"},{\"@type\":\"ListItem\",\"position\":3,\"name\":\"Cannatonic &#8211; Outdoor\"}]},{\"@type\":\"WebSite\",\"@id\":\"https:\/\/jungle-grower.com\/#website\",\"url\":\"https:\/\/jungle-grower.com\/\",\"name\":\"Jungle Grower\",\"description\":\"Grossiste CBD en France\",\"publisher\":{\"@id\":\"https:\/\/jungle-grower.com\/#organization\"},\"potentialAction\":[{\"@type\":\"SearchAction\",\"target\":{\"@type\":\"EntryPoint\",\"urlTemplate\":\"https:\/\/jungle-grower.com\/?s={search_term_string}\"},\"query-input\":{\"@type\":\"PropertyValueSpecification\",\"valueRequired\":true,\"valueName\":\"search_term_string\"}}],\"inLanguage\":\"en-GB\"},{\"@type\":\"Organization\",\"@id\":\"https:\/\/jungle-grower.com\/#organization\",\"name\":\"Jungle Grower\",\"url\":\"https:\/\/jungle-grower.com\/\",\"logo\":{\"@type\":\"ImageObject\",\"inLanguage\":\"en-GB\",\"@id\":\"https:\/\/jungle-grower.com\/#\/schema\/logo\/image\/\",\"url\":\"https:\/\/jungle-grower.com\/wp-content\/uploads\/2023\/08\/3904b720-b34f-4707-8345-cf9ad0a3bc06.jpg\",\"contentUrl\":\"https:\/\/jungle-grower.com\/wp-content\/uploads\/2023\/08\/3904b720-b34f-4707-8345-cf9ad0a3bc06.jpg\",\"width\":1080,\"height\":1080,\"caption\":\"Jungle Grower\"},\"image\":{\"@id\":\"https:\/\/jungle-grower.com\/#\/schema\/logo\/image\/\"}}]}<\/script>\n<!-- \/ Yoast SEO plugin. -->","yoast_head_json":{"title":"Cannatonic - Outdoor","robots":{"index":"index","follow":"follow","max-snippet":"max-snippet:-1","max-image-preview":"max-image-preview:large","max-video-preview":"max-video-preview:-1"},"canonical":"https:\/\/jungle-grower.com\/en\/product\/cannatonic-cool-price\/","og_locale":"en_GB","og_type":"article","og_title":"Cannatonic - Outdoor","og_description":"Cannatonic - Outdoor  Issue de nos cultures de plein champ en sol bio, cette Cannatonic b\u00e9n\u00e9ficie d'une maturation lente sous le soleil d'\u00e9t\u00e9. Elle pr\u00e9sente des fleurs d'une densit\u00e9 remarquable pour de l'ext\u00e9rieur, avec une texture compacte et des teintes vert terreux. Son profil terp\u00e9nique naturel r\u00e9v\u00e8le des notes de pin et de sous-bois, garantissant une authenticit\u00e9 brute issue directement de notre terre vivante.","og_url":"https:\/\/jungle-grower.com\/en\/product\/cannatonic-cool-price\/","og_site_name":"Jungle Grower","article_modified_time":"2026-01-07T16:43:28+00:00","og_image":[{"width":1702,"height":2560,"url":"https:\/\/jungle-grower.com\/wp-content\/uploads\/2025\/11\/Cannatonic-7-scaled.jpg","type":"image\/jpeg"}],"twitter_card":"summary_large_image","twitter_misc":{"Estimated reading time":"1 minute"},"schema":{"@context":"https:\/\/schema.org","@graph":[{"@type":"WebPage","@id":"https:\/\/jungle-grower.com\/produit\/cannatonic-cool-price\/","url":"https:\/\/jungle-grower.com\/produit\/cannatonic-cool-price\/","name":"Cannatonic - Outdoor","isPartOf":{"@id":"https:\/\/jungle-grower.com\/#website"},"primaryImageOfPage":{"@id":"https:\/\/jungle-grower.com\/produit\/cannatonic-cool-price\/#primaryimage"},"image":{"@id":"https:\/\/jungle-grower.com\/produit\/cannatonic-cool-price\/#primaryimage"},"thumbnailUrl":"https:\/\/jungle-grower.com\/wp-content\/uploads\/2025\/11\/Cannatonic-7-scaled.jpg","datePublished":"2025-11-05T12:08:16+00:00","dateModified":"2026-01-07T16:43:28+00:00","breadcrumb":{"@id":"https:\/\/jungle-grower.com\/produit\/cannatonic-cool-price\/#breadcrumb"},"inLanguage":"en-GB","potentialAction":[{"@type":"ReadAction","target":["https:\/\/jungle-grower.com\/produit\/cannatonic-cool-price\/"]}]},{"@type":"ImageObject","inLanguage":"en-GB","@id":"https:\/\/jungle-grower.com\/produit\/cannatonic-cool-price\/#primaryimage","url":"https:\/\/jungle-grower.com\/wp-content\/uploads\/2025\/11\/Cannatonic-7-scaled.jpg","contentUrl":"https:\/\/jungle-grower.com\/wp-content\/uploads\/2025\/11\/Cannatonic-7-scaled.jpg","width":1702,"height":2560,"caption":"Cannatonic 7"},{"@type":"BreadcrumbList","@id":"https:\/\/jungle-grower.com\/produit\/cannatonic-cool-price\/#breadcrumb","itemListElement":[{"@type":"ListItem","position":1,"name":"Accueil","item":"https:\/\/jungle-grower.com\/"},{"@type":"ListItem","position":2,"name":"Boutique PRO","item":"https:\/\/jungle-grower.com\/boutique\/"},{"@type":"ListItem","position":3,"name":"Cannatonic &#8211; Outdoor"}]},{"@type":"WebSite","@id":"https:\/\/jungle-grower.com\/#website","url":"https:\/\/jungle-grower.com\/","name":"Jungle Grower","description":"Grossiste CBD en France","publisher":{"@id":"https:\/\/jungle-grower.com\/#organization"},"potentialAction":[{"@type":"SearchAction","target":{"@type":"EntryPoint","urlTemplate":"https:\/\/jungle-grower.com\/?s={search_term_string}"},"query-input":{"@type":"PropertyValueSpecification","valueRequired":true,"valueName":"search_term_string"}}],"inLanguage":"en-GB"},{"@type":"Organization","@id":"https:\/\/jungle-grower.com\/#organization","name":"Jungle Grower","url":"https:\/\/jungle-grower.com\/","logo":{"@type":"ImageObject","inLanguage":"en-GB","@id":"https:\/\/jungle-grower.com\/#\/schema\/logo\/image\/","url":"https:\/\/jungle-grower.com\/wp-content\/uploads\/2023\/08\/3904b720-b34f-4707-8345-cf9ad0a3bc06.jpg","contentUrl":"https:\/\/jungle-grower.com\/wp-content\/uploads\/2023\/08\/3904b720-b34f-4707-8345-cf9ad0a3bc06.jpg","width":1080,"height":1080,"caption":"Jungle Grower"},"image":{"@id":"https:\/\/jungle-grower.com\/#\/schema\/logo\/image\/"}}]}},"jetpack_sharing_enabled":true,"_links":{"self":[{"href":"https:\/\/jungle-grower.com\/en\/wp-json\/wp\/v2\/product\/5664","targetHints":{"allow":["GET"]}}],"collection":[{"href":"https:\/\/jungle-grower.com\/en\/wp-json\/wp\/v2\/product"}],"about":[{"href":"https:\/\/jungle-grower.com\/en\/wp-json\/wp\/v2\/types\/product"}],"replies":[{"embeddable":true,"href":"https:\/\/jungle-grower.com\/en\/wp-json\/wp\/v2\/comments?post=5664"}],"wp:featuredmedia":[{"embeddable":true,"href":"https:\/\/jungle-grower.com\/en\/wp-json\/wp\/v2\/media\/6158"}],"wp:attachment":[{"href":"https:\/\/jungle-grower.com\/en\/wp-json\/wp\/v2\/media?parent=5664"}],"wp:term":[{"taxonomy":"product_cat","embeddable":true,"href":"https:\/\/jungle-grower.com\/en\/wp-json\/wp\/v2\/product_cat?post=5664"},{"taxonomy":"product_tag","embeddable":true,"href":"https:\/\/jungle-grower.com\/en\/wp-json\/wp\/v2\/product_tag?post=5664"}],"curies":[{"name":"wp","href":"https:\/\/api.w.org\/{rel}","templated":true}]}}