{"id":5659,"date":"2025-11-05T12:03:45","date_gmt":"2025-11-05T12:03:45","guid":{"rendered":"https:\/\/jungle-grower.com\/?post_type=product&#038;p=5659"},"modified":"2026-02-23T17:16:33","modified_gmt":"2026-02-23T17:16:33","slug":"strawberry-cool-price","status":"publish","type":"product","link":"https:\/\/jungle-grower.com\/en\/product\/strawberry-cool-price\/","title":{"rendered":"Strawberry &#8211; Outdoor"},"content":{"rendered":"<p>Prix de vente conseill\u00e9 : 3\u20ac \u00e0 5\u20ac \/ gr<\/p>","protected":false},"excerpt":{"rendered":"<p data-path-to-node=\"0\"><strong>Strawberry &#8211; Outdoor<\/strong><\/p>\n<p data-path-to-node=\"1\">Cultiv\u00e9e en plein champ dans nos sols bio, cette Strawberry exprime la force brute du terroir. Ses fleurs, denses et charnues pour du plein air, arborent des reflets vert for\u00eat et des pistils rouges \u00e9clatants. Le soleil de la saison a gorg\u00e9 ses buds de terp\u00e8nes naturels de fraise sauvage, offrant une texture r\u00e9sineuse et un parfum sucr\u00e9 authentique, sublim\u00e9s par un affinage patient dans nos chais.<\/p>","protected":false},"featured_media":6277,"comment_status":"open","ping_status":"closed","template":"","meta":[],"product_cat":[54],"product_tag":[47],"class_list":{"0":"post-5659","1":"product","2":"type-product","3":"status-publish","4":"has-post-thumbnail","6":"product_cat-france","7":"product_tag-big","9":"first","10":"instock","11":"taxable","12":"shipping-taxable","13":"purchasable","14":"product-type-variable"},"acf":[],"yoast_head":"<!-- This site is optimized with the Yoast SEO plugin v26.3 - https:\/\/yoast.com\/wordpress\/plugins\/seo\/ -->\n<title>Strawberry - Cool Price<\/title>\n<meta name=\"robots\" content=\"index, follow, max-snippet:-1, max-image-preview:large, max-video-preview:-1\" \/>\n<link rel=\"canonical\" href=\"https:\/\/jungle-grower.com\/en\/product\/strawberry-cool-price\/\" \/>\n<meta property=\"og:locale\" content=\"en_GB\" \/>\n<meta property=\"og:type\" content=\"article\" \/>\n<meta property=\"og:title\" content=\"Strawberry - Cool Price\" \/>\n<meta property=\"og:description\" content=\"Strawberry - Outdoor Cultiv\u00e9e en plein champ dans nos sols bio, cette Strawberry exprime la force brute du terroir. Ses fleurs, denses et charnues pour du plein air, arborent des reflets vert for\u00eat et des pistils rouges \u00e9clatants. Le soleil de la saison a gorg\u00e9 ses buds de terp\u00e8nes naturels de fraise sauvage, offrant une texture r\u00e9sineuse et un parfum sucr\u00e9 authentique, sublim\u00e9s par un affinage patient dans nos chais.\" \/>\n<meta property=\"og:url\" content=\"https:\/\/jungle-grower.com\/en\/product\/strawberry-cool-price\/\" \/>\n<meta property=\"og:site_name\" content=\"Jungle Grower\" \/>\n<meta property=\"article:modified_time\" content=\"2026-02-23T17:16:33+00:00\" \/>\n<meta property=\"og:image\" content=\"https:\/\/jungle-grower.com\/wp-content\/uploads\/2025\/11\/Jungle-Grower-Strawberry-4-scaled.jpg\" \/>\n\t<meta property=\"og:image:width\" content=\"1702\" \/>\n\t<meta property=\"og:image:height\" content=\"2560\" \/>\n\t<meta property=\"og:image:type\" content=\"image\/jpeg\" \/>\n<meta name=\"twitter:card\" content=\"summary_large_image\" \/>\n<meta name=\"twitter:label1\" content=\"Estimated reading time\" \/>\n\t<meta name=\"twitter:data1\" content=\"1 minute\" \/>\n<script type=\"application\/ld+json\" class=\"yoast-schema-graph\">{\"@context\":\"https:\/\/schema.org\",\"@graph\":[{\"@type\":\"WebPage\",\"@id\":\"https:\/\/jungle-grower.com\/produit\/strawberry-cool-price\/\",\"url\":\"https:\/\/jungle-grower.com\/produit\/strawberry-cool-price\/\",\"name\":\"Strawberry - Cool Price\",\"isPartOf\":{\"@id\":\"https:\/\/jungle-grower.com\/#website\"},\"primaryImageOfPage\":{\"@id\":\"https:\/\/jungle-grower.com\/produit\/strawberry-cool-price\/#primaryimage\"},\"image\":{\"@id\":\"https:\/\/jungle-grower.com\/produit\/strawberry-cool-price\/#primaryimage\"},\"thumbnailUrl\":\"https:\/\/jungle-grower.com\/wp-content\/uploads\/2025\/11\/Jungle-Grower-Strawberry-4-scaled.jpg\",\"datePublished\":\"2025-11-05T12:03:45+00:00\",\"dateModified\":\"2026-02-23T17:16:33+00:00\",\"breadcrumb\":{\"@id\":\"https:\/\/jungle-grower.com\/produit\/strawberry-cool-price\/#breadcrumb\"},\"inLanguage\":\"en-GB\",\"potentialAction\":[{\"@type\":\"ReadAction\",\"target\":[\"https:\/\/jungle-grower.com\/produit\/strawberry-cool-price\/\"]}]},{\"@type\":\"ImageObject\",\"inLanguage\":\"en-GB\",\"@id\":\"https:\/\/jungle-grower.com\/produit\/strawberry-cool-price\/#primaryimage\",\"url\":\"https:\/\/jungle-grower.com\/wp-content\/uploads\/2025\/11\/Jungle-Grower-Strawberry-4-scaled.jpg\",\"contentUrl\":\"https:\/\/jungle-grower.com\/wp-content\/uploads\/2025\/11\/Jungle-Grower-Strawberry-4-scaled.jpg\",\"width\":1702,\"height\":2560,\"caption\":\"Strawberry\"},{\"@type\":\"BreadcrumbList\",\"@id\":\"https:\/\/jungle-grower.com\/produit\/strawberry-cool-price\/#breadcrumb\",\"itemListElement\":[{\"@type\":\"ListItem\",\"position\":1,\"name\":\"Accueil\",\"item\":\"https:\/\/jungle-grower.com\/\"},{\"@type\":\"ListItem\",\"position\":2,\"name\":\"Boutique PRO\",\"item\":\"https:\/\/jungle-grower.com\/boutique\/\"},{\"@type\":\"ListItem\",\"position\":3,\"name\":\"Strawberry &#8211; Outdoor\"}]},{\"@type\":\"WebSite\",\"@id\":\"https:\/\/jungle-grower.com\/#website\",\"url\":\"https:\/\/jungle-grower.com\/\",\"name\":\"Jungle Grower\",\"description\":\"Grossiste CBD en France\",\"publisher\":{\"@id\":\"https:\/\/jungle-grower.com\/#organization\"},\"potentialAction\":[{\"@type\":\"SearchAction\",\"target\":{\"@type\":\"EntryPoint\",\"urlTemplate\":\"https:\/\/jungle-grower.com\/?s={search_term_string}\"},\"query-input\":{\"@type\":\"PropertyValueSpecification\",\"valueRequired\":true,\"valueName\":\"search_term_string\"}}],\"inLanguage\":\"en-GB\"},{\"@type\":\"Organization\",\"@id\":\"https:\/\/jungle-grower.com\/#organization\",\"name\":\"Jungle Grower\",\"url\":\"https:\/\/jungle-grower.com\/\",\"logo\":{\"@type\":\"ImageObject\",\"inLanguage\":\"en-GB\",\"@id\":\"https:\/\/jungle-grower.com\/#\/schema\/logo\/image\/\",\"url\":\"https:\/\/jungle-grower.com\/wp-content\/uploads\/2023\/08\/3904b720-b34f-4707-8345-cf9ad0a3bc06.jpg\",\"contentUrl\":\"https:\/\/jungle-grower.com\/wp-content\/uploads\/2023\/08\/3904b720-b34f-4707-8345-cf9ad0a3bc06.jpg\",\"width\":1080,\"height\":1080,\"caption\":\"Jungle Grower\"},\"image\":{\"@id\":\"https:\/\/jungle-grower.com\/#\/schema\/logo\/image\/\"}}]}<\/script>\n<!-- \/ Yoast SEO plugin. -->","yoast_head_json":{"title":"Strawberry - Cool Price","robots":{"index":"index","follow":"follow","max-snippet":"max-snippet:-1","max-image-preview":"max-image-preview:large","max-video-preview":"max-video-preview:-1"},"canonical":"https:\/\/jungle-grower.com\/en\/product\/strawberry-cool-price\/","og_locale":"en_GB","og_type":"article","og_title":"Strawberry - Cool Price","og_description":"Strawberry - Outdoor Cultiv\u00e9e en plein champ dans nos sols bio, cette Strawberry exprime la force brute du terroir. Ses fleurs, denses et charnues pour du plein air, arborent des reflets vert for\u00eat et des pistils rouges \u00e9clatants. Le soleil de la saison a gorg\u00e9 ses buds de terp\u00e8nes naturels de fraise sauvage, offrant une texture r\u00e9sineuse et un parfum sucr\u00e9 authentique, sublim\u00e9s par un affinage patient dans nos chais.","og_url":"https:\/\/jungle-grower.com\/en\/product\/strawberry-cool-price\/","og_site_name":"Jungle Grower","article_modified_time":"2026-02-23T17:16:33+00:00","og_image":[{"width":1702,"height":2560,"url":"https:\/\/jungle-grower.com\/wp-content\/uploads\/2025\/11\/Jungle-Grower-Strawberry-4-scaled.jpg","type":"image\/jpeg"}],"twitter_card":"summary_large_image","twitter_misc":{"Estimated reading time":"1 minute"},"schema":{"@context":"https:\/\/schema.org","@graph":[{"@type":"WebPage","@id":"https:\/\/jungle-grower.com\/produit\/strawberry-cool-price\/","url":"https:\/\/jungle-grower.com\/produit\/strawberry-cool-price\/","name":"Strawberry - Cool Price","isPartOf":{"@id":"https:\/\/jungle-grower.com\/#website"},"primaryImageOfPage":{"@id":"https:\/\/jungle-grower.com\/produit\/strawberry-cool-price\/#primaryimage"},"image":{"@id":"https:\/\/jungle-grower.com\/produit\/strawberry-cool-price\/#primaryimage"},"thumbnailUrl":"https:\/\/jungle-grower.com\/wp-content\/uploads\/2025\/11\/Jungle-Grower-Strawberry-4-scaled.jpg","datePublished":"2025-11-05T12:03:45+00:00","dateModified":"2026-02-23T17:16:33+00:00","breadcrumb":{"@id":"https:\/\/jungle-grower.com\/produit\/strawberry-cool-price\/#breadcrumb"},"inLanguage":"en-GB","potentialAction":[{"@type":"ReadAction","target":["https:\/\/jungle-grower.com\/produit\/strawberry-cool-price\/"]}]},{"@type":"ImageObject","inLanguage":"en-GB","@id":"https:\/\/jungle-grower.com\/produit\/strawberry-cool-price\/#primaryimage","url":"https:\/\/jungle-grower.com\/wp-content\/uploads\/2025\/11\/Jungle-Grower-Strawberry-4-scaled.jpg","contentUrl":"https:\/\/jungle-grower.com\/wp-content\/uploads\/2025\/11\/Jungle-Grower-Strawberry-4-scaled.jpg","width":1702,"height":2560,"caption":"Strawberry"},{"@type":"BreadcrumbList","@id":"https:\/\/jungle-grower.com\/produit\/strawberry-cool-price\/#breadcrumb","itemListElement":[{"@type":"ListItem","position":1,"name":"Accueil","item":"https:\/\/jungle-grower.com\/"},{"@type":"ListItem","position":2,"name":"Boutique PRO","item":"https:\/\/jungle-grower.com\/boutique\/"},{"@type":"ListItem","position":3,"name":"Strawberry &#8211; Outdoor"}]},{"@type":"WebSite","@id":"https:\/\/jungle-grower.com\/#website","url":"https:\/\/jungle-grower.com\/","name":"Jungle Grower","description":"Grossiste CBD en France","publisher":{"@id":"https:\/\/jungle-grower.com\/#organization"},"potentialAction":[{"@type":"SearchAction","target":{"@type":"EntryPoint","urlTemplate":"https:\/\/jungle-grower.com\/?s={search_term_string}"},"query-input":{"@type":"PropertyValueSpecification","valueRequired":true,"valueName":"search_term_string"}}],"inLanguage":"en-GB"},{"@type":"Organization","@id":"https:\/\/jungle-grower.com\/#organization","name":"Jungle Grower","url":"https:\/\/jungle-grower.com\/","logo":{"@type":"ImageObject","inLanguage":"en-GB","@id":"https:\/\/jungle-grower.com\/#\/schema\/logo\/image\/","url":"https:\/\/jungle-grower.com\/wp-content\/uploads\/2023\/08\/3904b720-b34f-4707-8345-cf9ad0a3bc06.jpg","contentUrl":"https:\/\/jungle-grower.com\/wp-content\/uploads\/2023\/08\/3904b720-b34f-4707-8345-cf9ad0a3bc06.jpg","width":1080,"height":1080,"caption":"Jungle Grower"},"image":{"@id":"https:\/\/jungle-grower.com\/#\/schema\/logo\/image\/"}}]}},"jetpack_sharing_enabled":true,"_links":{"self":[{"href":"https:\/\/jungle-grower.com\/en\/wp-json\/wp\/v2\/product\/5659","targetHints":{"allow":["GET"]}}],"collection":[{"href":"https:\/\/jungle-grower.com\/en\/wp-json\/wp\/v2\/product"}],"about":[{"href":"https:\/\/jungle-grower.com\/en\/wp-json\/wp\/v2\/types\/product"}],"replies":[{"embeddable":true,"href":"https:\/\/jungle-grower.com\/en\/wp-json\/wp\/v2\/comments?post=5659"}],"wp:featuredmedia":[{"embeddable":true,"href":"https:\/\/jungle-grower.com\/en\/wp-json\/wp\/v2\/media\/6277"}],"wp:attachment":[{"href":"https:\/\/jungle-grower.com\/en\/wp-json\/wp\/v2\/media?parent=5659"}],"wp:term":[{"taxonomy":"product_cat","embeddable":true,"href":"https:\/\/jungle-grower.com\/en\/wp-json\/wp\/v2\/product_cat?post=5659"},{"taxonomy":"product_tag","embeddable":true,"href":"https:\/\/jungle-grower.com\/en\/wp-json\/wp\/v2\/product_tag?post=5659"}],"curies":[{"name":"wp","href":"https:\/\/api.w.org\/{rel}","templated":true}]}}