{"id":5619,"date":"2025-11-05T11:50:57","date_gmt":"2025-11-05T11:50:57","guid":{"rendered":"https:\/\/jungle-grower.com\/?post_type=product&#038;p=5619"},"modified":"2026-01-07T16:56:41","modified_gmt":"2026-01-07T16:56:41","slug":"bubbakush-nos-valeurs-sures","status":"publish","type":"product","link":"https:\/\/jungle-grower.com\/en\/product\/bubbakush-nos-valeurs-sures\/","title":{"rendered":"Bubba Kush &#8211; Greenhouse"},"content":{"rendered":"","protected":false},"excerpt":{"rendered":"<p data-path-to-node=\"1\">\u00c9lev\u00e9e sur nos sols bio au c\u0153ur de nos tunnels greenhouse, cette lign\u00e9e Indica historique puise sa force dans le cycle naturel du soleil pour exprimer une rusticit\u00e9 noble. Ses fleurs denses et r\u00e9sineuses lib\u00e8rent des terp\u00e8nes profonds de caf\u00e9 torr\u00e9fi\u00e9 et de terre humide, t\u00e9moins directs d&#8217;une terre vivante et d&#8217;un affinage lent r\u00e9alis\u00e9 avec soin dans nos chais.<\/p>\n<p data-path-to-node=\"2\">Prix de vente conseill\u00e9 : 4\u20ac \u00e0 6\u20ac \/ gr<\/p>","protected":false},"featured_media":6164,"comment_status":"open","ping_status":"closed","template":"","meta":[],"product_cat":[54],"product_tag":[47],"class_list":{"0":"post-5619","1":"product","2":"type-product","3":"status-publish","4":"has-post-thumbnail","6":"product_cat-france","7":"product_tag-big","9":"first","10":"instock","11":"taxable","12":"shipping-taxable","13":"purchasable","14":"product-type-variable"},"acf":[],"yoast_head":"<!-- This site is optimized with the Yoast SEO plugin v26.3 - https:\/\/yoast.com\/wordpress\/plugins\/seo\/ -->\n<title>Bubba Kush<\/title>\n<meta name=\"robots\" content=\"index, follow, max-snippet:-1, max-image-preview:large, max-video-preview:-1\" \/>\n<link rel=\"canonical\" href=\"https:\/\/jungle-grower.com\/en\/product\/bubbakush-nos-valeurs-sures\/\" \/>\n<meta property=\"og:locale\" content=\"en_GB\" \/>\n<meta property=\"og:type\" content=\"article\" \/>\n<meta property=\"og:title\" content=\"Bubba Kush\" \/>\n<meta property=\"og:description\" content=\"\u00c9lev\u00e9e sur nos sols bio au c\u0153ur de nos tunnels greenhouse, cette lign\u00e9e Indica historique puise sa force dans le cycle naturel du soleil pour exprimer une rusticit\u00e9 noble. Ses fleurs denses et r\u00e9sineuses lib\u00e8rent des terp\u00e8nes profonds de caf\u00e9 torr\u00e9fi\u00e9 et de terre humide, t\u00e9moins directs d&#039;une terre vivante et d&#039;un affinage lent r\u00e9alis\u00e9 avec soin dans nos chais. Prix de vente conseill\u00e9 : 4\u20ac \u00e0 6\u20ac \/ gr\" \/>\n<meta property=\"og:url\" content=\"https:\/\/jungle-grower.com\/en\/product\/bubbakush-nos-valeurs-sures\/\" \/>\n<meta property=\"og:site_name\" content=\"Jungle Grower\" \/>\n<meta property=\"article:modified_time\" content=\"2026-01-07T16:56:41+00:00\" \/>\n<meta property=\"og:image\" content=\"https:\/\/jungle-grower.com\/wp-content\/uploads\/2025\/11\/Bubba-Kush-scaled.jpg\" \/>\n\t<meta property=\"og:image:width\" content=\"1702\" \/>\n\t<meta property=\"og:image:height\" content=\"2560\" \/>\n\t<meta property=\"og:image:type\" content=\"image\/jpeg\" \/>\n<meta name=\"twitter:card\" content=\"summary_large_image\" \/>\n<meta name=\"twitter:label1\" content=\"Estimated reading time\" \/>\n\t<meta name=\"twitter:data1\" content=\"1 minute\" \/>\n<script type=\"application\/ld+json\" class=\"yoast-schema-graph\">{\"@context\":\"https:\/\/schema.org\",\"@graph\":[{\"@type\":\"WebPage\",\"@id\":\"https:\/\/jungle-grower.com\/produit\/bubbakush-nos-valeurs-sures\/\",\"url\":\"https:\/\/jungle-grower.com\/produit\/bubbakush-nos-valeurs-sures\/\",\"name\":\"Bubba Kush\",\"isPartOf\":{\"@id\":\"https:\/\/jungle-grower.com\/#website\"},\"primaryImageOfPage\":{\"@id\":\"https:\/\/jungle-grower.com\/produit\/bubbakush-nos-valeurs-sures\/#primaryimage\"},\"image\":{\"@id\":\"https:\/\/jungle-grower.com\/produit\/bubbakush-nos-valeurs-sures\/#primaryimage\"},\"thumbnailUrl\":\"https:\/\/jungle-grower.com\/wp-content\/uploads\/2025\/11\/Bubba-Kush-scaled.jpg\",\"datePublished\":\"2025-11-05T11:50:57+00:00\",\"dateModified\":\"2026-01-07T16:56:41+00:00\",\"breadcrumb\":{\"@id\":\"https:\/\/jungle-grower.com\/produit\/bubbakush-nos-valeurs-sures\/#breadcrumb\"},\"inLanguage\":\"en-GB\",\"potentialAction\":[{\"@type\":\"ReadAction\",\"target\":[\"https:\/\/jungle-grower.com\/produit\/bubbakush-nos-valeurs-sures\/\"]}]},{\"@type\":\"ImageObject\",\"inLanguage\":\"en-GB\",\"@id\":\"https:\/\/jungle-grower.com\/produit\/bubbakush-nos-valeurs-sures\/#primaryimage\",\"url\":\"https:\/\/jungle-grower.com\/wp-content\/uploads\/2025\/11\/Bubba-Kush-scaled.jpg\",\"contentUrl\":\"https:\/\/jungle-grower.com\/wp-content\/uploads\/2025\/11\/Bubba-Kush-scaled.jpg\",\"width\":1702,\"height\":2560,\"caption\":\"Bubba Kush\"},{\"@type\":\"BreadcrumbList\",\"@id\":\"https:\/\/jungle-grower.com\/produit\/bubbakush-nos-valeurs-sures\/#breadcrumb\",\"itemListElement\":[{\"@type\":\"ListItem\",\"position\":1,\"name\":\"Accueil\",\"item\":\"https:\/\/jungle-grower.com\/\"},{\"@type\":\"ListItem\",\"position\":2,\"name\":\"Boutique PRO\",\"item\":\"https:\/\/jungle-grower.com\/boutique\/\"},{\"@type\":\"ListItem\",\"position\":3,\"name\":\"Bubba Kush &#8211; Greenhouse\"}]},{\"@type\":\"WebSite\",\"@id\":\"https:\/\/jungle-grower.com\/#website\",\"url\":\"https:\/\/jungle-grower.com\/\",\"name\":\"Jungle Grower\",\"description\":\"Grossiste CBD en France\",\"publisher\":{\"@id\":\"https:\/\/jungle-grower.com\/#organization\"},\"potentialAction\":[{\"@type\":\"SearchAction\",\"target\":{\"@type\":\"EntryPoint\",\"urlTemplate\":\"https:\/\/jungle-grower.com\/?s={search_term_string}\"},\"query-input\":{\"@type\":\"PropertyValueSpecification\",\"valueRequired\":true,\"valueName\":\"search_term_string\"}}],\"inLanguage\":\"en-GB\"},{\"@type\":\"Organization\",\"@id\":\"https:\/\/jungle-grower.com\/#organization\",\"name\":\"Jungle Grower\",\"url\":\"https:\/\/jungle-grower.com\/\",\"logo\":{\"@type\":\"ImageObject\",\"inLanguage\":\"en-GB\",\"@id\":\"https:\/\/jungle-grower.com\/#\/schema\/logo\/image\/\",\"url\":\"https:\/\/jungle-grower.com\/wp-content\/uploads\/2023\/08\/3904b720-b34f-4707-8345-cf9ad0a3bc06.jpg\",\"contentUrl\":\"https:\/\/jungle-grower.com\/wp-content\/uploads\/2023\/08\/3904b720-b34f-4707-8345-cf9ad0a3bc06.jpg\",\"width\":1080,\"height\":1080,\"caption\":\"Jungle Grower\"},\"image\":{\"@id\":\"https:\/\/jungle-grower.com\/#\/schema\/logo\/image\/\"}}]}<\/script>\n<!-- \/ Yoast SEO plugin. -->","yoast_head_json":{"title":"Bubba Kush","robots":{"index":"index","follow":"follow","max-snippet":"max-snippet:-1","max-image-preview":"max-image-preview:large","max-video-preview":"max-video-preview:-1"},"canonical":"https:\/\/jungle-grower.com\/en\/product\/bubbakush-nos-valeurs-sures\/","og_locale":"en_GB","og_type":"article","og_title":"Bubba Kush","og_description":"\u00c9lev\u00e9e sur nos sols bio au c\u0153ur de nos tunnels greenhouse, cette lign\u00e9e Indica historique puise sa force dans le cycle naturel du soleil pour exprimer une rusticit\u00e9 noble. Ses fleurs denses et r\u00e9sineuses lib\u00e8rent des terp\u00e8nes profonds de caf\u00e9 torr\u00e9fi\u00e9 et de terre humide, t\u00e9moins directs d'une terre vivante et d'un affinage lent r\u00e9alis\u00e9 avec soin dans nos chais. Prix de vente conseill\u00e9 : 4\u20ac \u00e0 6\u20ac \/ gr","og_url":"https:\/\/jungle-grower.com\/en\/product\/bubbakush-nos-valeurs-sures\/","og_site_name":"Jungle Grower","article_modified_time":"2026-01-07T16:56:41+00:00","og_image":[{"width":1702,"height":2560,"url":"https:\/\/jungle-grower.com\/wp-content\/uploads\/2025\/11\/Bubba-Kush-scaled.jpg","type":"image\/jpeg"}],"twitter_card":"summary_large_image","twitter_misc":{"Estimated reading time":"1 minute"},"schema":{"@context":"https:\/\/schema.org","@graph":[{"@type":"WebPage","@id":"https:\/\/jungle-grower.com\/produit\/bubbakush-nos-valeurs-sures\/","url":"https:\/\/jungle-grower.com\/produit\/bubbakush-nos-valeurs-sures\/","name":"Bubba Kush","isPartOf":{"@id":"https:\/\/jungle-grower.com\/#website"},"primaryImageOfPage":{"@id":"https:\/\/jungle-grower.com\/produit\/bubbakush-nos-valeurs-sures\/#primaryimage"},"image":{"@id":"https:\/\/jungle-grower.com\/produit\/bubbakush-nos-valeurs-sures\/#primaryimage"},"thumbnailUrl":"https:\/\/jungle-grower.com\/wp-content\/uploads\/2025\/11\/Bubba-Kush-scaled.jpg","datePublished":"2025-11-05T11:50:57+00:00","dateModified":"2026-01-07T16:56:41+00:00","breadcrumb":{"@id":"https:\/\/jungle-grower.com\/produit\/bubbakush-nos-valeurs-sures\/#breadcrumb"},"inLanguage":"en-GB","potentialAction":[{"@type":"ReadAction","target":["https:\/\/jungle-grower.com\/produit\/bubbakush-nos-valeurs-sures\/"]}]},{"@type":"ImageObject","inLanguage":"en-GB","@id":"https:\/\/jungle-grower.com\/produit\/bubbakush-nos-valeurs-sures\/#primaryimage","url":"https:\/\/jungle-grower.com\/wp-content\/uploads\/2025\/11\/Bubba-Kush-scaled.jpg","contentUrl":"https:\/\/jungle-grower.com\/wp-content\/uploads\/2025\/11\/Bubba-Kush-scaled.jpg","width":1702,"height":2560,"caption":"Bubba Kush"},{"@type":"BreadcrumbList","@id":"https:\/\/jungle-grower.com\/produit\/bubbakush-nos-valeurs-sures\/#breadcrumb","itemListElement":[{"@type":"ListItem","position":1,"name":"Accueil","item":"https:\/\/jungle-grower.com\/"},{"@type":"ListItem","position":2,"name":"Boutique PRO","item":"https:\/\/jungle-grower.com\/boutique\/"},{"@type":"ListItem","position":3,"name":"Bubba Kush &#8211; Greenhouse"}]},{"@type":"WebSite","@id":"https:\/\/jungle-grower.com\/#website","url":"https:\/\/jungle-grower.com\/","name":"Jungle Grower","description":"Grossiste CBD en France","publisher":{"@id":"https:\/\/jungle-grower.com\/#organization"},"potentialAction":[{"@type":"SearchAction","target":{"@type":"EntryPoint","urlTemplate":"https:\/\/jungle-grower.com\/?s={search_term_string}"},"query-input":{"@type":"PropertyValueSpecification","valueRequired":true,"valueName":"search_term_string"}}],"inLanguage":"en-GB"},{"@type":"Organization","@id":"https:\/\/jungle-grower.com\/#organization","name":"Jungle Grower","url":"https:\/\/jungle-grower.com\/","logo":{"@type":"ImageObject","inLanguage":"en-GB","@id":"https:\/\/jungle-grower.com\/#\/schema\/logo\/image\/","url":"https:\/\/jungle-grower.com\/wp-content\/uploads\/2023\/08\/3904b720-b34f-4707-8345-cf9ad0a3bc06.jpg","contentUrl":"https:\/\/jungle-grower.com\/wp-content\/uploads\/2023\/08\/3904b720-b34f-4707-8345-cf9ad0a3bc06.jpg","width":1080,"height":1080,"caption":"Jungle Grower"},"image":{"@id":"https:\/\/jungle-grower.com\/#\/schema\/logo\/image\/"}}]}},"jetpack_sharing_enabled":true,"_links":{"self":[{"href":"https:\/\/jungle-grower.com\/en\/wp-json\/wp\/v2\/product\/5619","targetHints":{"allow":["GET"]}}],"collection":[{"href":"https:\/\/jungle-grower.com\/en\/wp-json\/wp\/v2\/product"}],"about":[{"href":"https:\/\/jungle-grower.com\/en\/wp-json\/wp\/v2\/types\/product"}],"replies":[{"embeddable":true,"href":"https:\/\/jungle-grower.com\/en\/wp-json\/wp\/v2\/comments?post=5619"}],"wp:featuredmedia":[{"embeddable":true,"href":"https:\/\/jungle-grower.com\/en\/wp-json\/wp\/v2\/media\/6164"}],"wp:attachment":[{"href":"https:\/\/jungle-grower.com\/en\/wp-json\/wp\/v2\/media?parent=5619"}],"wp:term":[{"taxonomy":"product_cat","embeddable":true,"href":"https:\/\/jungle-grower.com\/en\/wp-json\/wp\/v2\/product_cat?post=5619"},{"taxonomy":"product_tag","embeddable":true,"href":"https:\/\/jungle-grower.com\/en\/wp-json\/wp\/v2\/product_tag?post=5619"}],"curies":[{"name":"wp","href":"https:\/\/api.w.org\/{rel}","templated":true}]}}