{"id":5573,"date":"2025-11-05T11:14:34","date_gmt":"2025-11-05T11:14:34","guid":{"rendered":"https:\/\/jungle-grower.com\/?post_type=product&#038;p=5573"},"modified":"2026-02-23T18:29:45","modified_gmt":"2026-02-23T18:29:45","slug":"cherry-banana-glasshouse-premium","status":"publish","type":"product","link":"https:\/\/jungle-grower.com\/en\/product\/cherry-banana-glasshouse-premium\/","title":{"rendered":"Cherry x Banana &#8211; USA &#8211; GlassHouse Premium"},"content":{"rendered":"","protected":false},"excerpt":{"rendered":"<p data-path-to-node=\"1\">Issue de nos s\u00e9lections am\u00e9ricaines les plus pointues, cette g\u00e9n\u00e9tique Glasshouse se d\u00e9marque par un profil terp\u00e9nique rare, fusionnant l&#8217;acidit\u00e9 des anthocyanes de la cerise noire avec les notes cr\u00e9meuses et sucr\u00e9es de la banane m\u00fbre pour un rendu organoleptique exceptionnel.<\/p>\n<p data-path-to-node=\"2\">Prix de vente conseill\u00e9 : 6\u20ac \u00e0 9\u20ac \/ gr<\/p>","protected":false},"featured_media":5915,"comment_status":"open","ping_status":"closed","template":"","meta":[],"product_cat":[66],"product_tag":[47],"class_list":{"0":"post-5573","1":"product","2":"type-product","3":"status-publish","4":"has-post-thumbnail","6":"product_cat-usa","7":"product_tag-big","9":"first","10":"instock","11":"taxable","12":"shipping-taxable","13":"purchasable","14":"product-type-variable"},"acf":[],"yoast_head":"<!-- This site is optimized with the Yoast SEO plugin v26.3 - https:\/\/yoast.com\/wordpress\/plugins\/seo\/ -->\n<title>Cherry &amp; Banana - GlassHouse Premium<\/title>\n<meta name=\"robots\" content=\"index, follow, max-snippet:-1, max-image-preview:large, max-video-preview:-1\" \/>\n<link rel=\"canonical\" href=\"https:\/\/jungle-grower.com\/en\/product\/cherry-banana-glasshouse-premium\/\" \/>\n<meta property=\"og:locale\" content=\"en_GB\" \/>\n<meta property=\"og:type\" content=\"article\" \/>\n<meta property=\"og:title\" content=\"Cherry &amp; Banana - GlassHouse Premium\" \/>\n<meta property=\"og:description\" content=\"Issue de nos s\u00e9lections am\u00e9ricaines les plus pointues, cette g\u00e9n\u00e9tique Glasshouse se d\u00e9marque par un profil terp\u00e9nique rare, fusionnant l&#039;acidit\u00e9 des anthocyanes de la cerise noire avec les notes cr\u00e9meuses et sucr\u00e9es de la banane m\u00fbre pour un rendu organoleptique exceptionnel. Prix de vente conseill\u00e9 : 6\u20ac \u00e0 9\u20ac \/ gr\" \/>\n<meta property=\"og:url\" content=\"https:\/\/jungle-grower.com\/en\/product\/cherry-banana-glasshouse-premium\/\" \/>\n<meta property=\"og:site_name\" content=\"Jungle Grower\" \/>\n<meta property=\"article:modified_time\" content=\"2026-02-23T18:29:45+00:00\" \/>\n<meta property=\"og:image\" content=\"https:\/\/jungle-grower.com\/wp-content\/uploads\/2025\/11\/IMG_0320.jpg\" \/>\n\t<meta property=\"og:image:width\" content=\"864\" \/>\n\t<meta property=\"og:image:height\" content=\"1024\" \/>\n\t<meta property=\"og:image:type\" content=\"image\/jpeg\" \/>\n<meta name=\"twitter:card\" content=\"summary_large_image\" \/>\n<meta name=\"twitter:label1\" content=\"Estimated reading time\" \/>\n\t<meta name=\"twitter:data1\" content=\"1 minute\" \/>\n<script type=\"application\/ld+json\" class=\"yoast-schema-graph\">{\"@context\":\"https:\/\/schema.org\",\"@graph\":[{\"@type\":\"WebPage\",\"@id\":\"https:\/\/jungle-grower.com\/produit\/cherry-banana-glasshouse-premium\/\",\"url\":\"https:\/\/jungle-grower.com\/produit\/cherry-banana-glasshouse-premium\/\",\"name\":\"Cherry & Banana - GlassHouse Premium\",\"isPartOf\":{\"@id\":\"https:\/\/jungle-grower.com\/#website\"},\"primaryImageOfPage\":{\"@id\":\"https:\/\/jungle-grower.com\/produit\/cherry-banana-glasshouse-premium\/#primaryimage\"},\"image\":{\"@id\":\"https:\/\/jungle-grower.com\/produit\/cherry-banana-glasshouse-premium\/#primaryimage\"},\"thumbnailUrl\":\"https:\/\/jungle-grower.com\/wp-content\/uploads\/2025\/11\/IMG_0320.jpg\",\"datePublished\":\"2025-11-05T11:14:34+00:00\",\"dateModified\":\"2026-02-23T18:29:45+00:00\",\"breadcrumb\":{\"@id\":\"https:\/\/jungle-grower.com\/produit\/cherry-banana-glasshouse-premium\/#breadcrumb\"},\"inLanguage\":\"en-GB\",\"potentialAction\":[{\"@type\":\"ReadAction\",\"target\":[\"https:\/\/jungle-grower.com\/produit\/cherry-banana-glasshouse-premium\/\"]}]},{\"@type\":\"ImageObject\",\"inLanguage\":\"en-GB\",\"@id\":\"https:\/\/jungle-grower.com\/produit\/cherry-banana-glasshouse-premium\/#primaryimage\",\"url\":\"https:\/\/jungle-grower.com\/wp-content\/uploads\/2025\/11\/IMG_0320.jpg\",\"contentUrl\":\"https:\/\/jungle-grower.com\/wp-content\/uploads\/2025\/11\/IMG_0320.jpg\",\"width\":864,\"height\":1024,\"caption\":\"Cherry x Banana2\"},{\"@type\":\"BreadcrumbList\",\"@id\":\"https:\/\/jungle-grower.com\/produit\/cherry-banana-glasshouse-premium\/#breadcrumb\",\"itemListElement\":[{\"@type\":\"ListItem\",\"position\":1,\"name\":\"Accueil\",\"item\":\"https:\/\/jungle-grower.com\/\"},{\"@type\":\"ListItem\",\"position\":2,\"name\":\"Boutique PRO\",\"item\":\"https:\/\/jungle-grower.com\/boutique\/\"},{\"@type\":\"ListItem\",\"position\":3,\"name\":\"Cherry x Banana &#8211; USA &#8211; GlassHouse Premium\"}]},{\"@type\":\"WebSite\",\"@id\":\"https:\/\/jungle-grower.com\/#website\",\"url\":\"https:\/\/jungle-grower.com\/\",\"name\":\"Jungle Grower\",\"description\":\"Grossiste CBD en France\",\"publisher\":{\"@id\":\"https:\/\/jungle-grower.com\/#organization\"},\"potentialAction\":[{\"@type\":\"SearchAction\",\"target\":{\"@type\":\"EntryPoint\",\"urlTemplate\":\"https:\/\/jungle-grower.com\/?s={search_term_string}\"},\"query-input\":{\"@type\":\"PropertyValueSpecification\",\"valueRequired\":true,\"valueName\":\"search_term_string\"}}],\"inLanguage\":\"en-GB\"},{\"@type\":\"Organization\",\"@id\":\"https:\/\/jungle-grower.com\/#organization\",\"name\":\"Jungle Grower\",\"url\":\"https:\/\/jungle-grower.com\/\",\"logo\":{\"@type\":\"ImageObject\",\"inLanguage\":\"en-GB\",\"@id\":\"https:\/\/jungle-grower.com\/#\/schema\/logo\/image\/\",\"url\":\"https:\/\/jungle-grower.com\/wp-content\/uploads\/2023\/08\/3904b720-b34f-4707-8345-cf9ad0a3bc06.jpg\",\"contentUrl\":\"https:\/\/jungle-grower.com\/wp-content\/uploads\/2023\/08\/3904b720-b34f-4707-8345-cf9ad0a3bc06.jpg\",\"width\":1080,\"height\":1080,\"caption\":\"Jungle Grower\"},\"image\":{\"@id\":\"https:\/\/jungle-grower.com\/#\/schema\/logo\/image\/\"}}]}<\/script>\n<!-- \/ Yoast SEO plugin. -->","yoast_head_json":{"title":"Cherry & Banana - GlassHouse Premium","robots":{"index":"index","follow":"follow","max-snippet":"max-snippet:-1","max-image-preview":"max-image-preview:large","max-video-preview":"max-video-preview:-1"},"canonical":"https:\/\/jungle-grower.com\/en\/product\/cherry-banana-glasshouse-premium\/","og_locale":"en_GB","og_type":"article","og_title":"Cherry & Banana - GlassHouse Premium","og_description":"Issue de nos s\u00e9lections am\u00e9ricaines les plus pointues, cette g\u00e9n\u00e9tique Glasshouse se d\u00e9marque par un profil terp\u00e9nique rare, fusionnant l'acidit\u00e9 des anthocyanes de la cerise noire avec les notes cr\u00e9meuses et sucr\u00e9es de la banane m\u00fbre pour un rendu organoleptique exceptionnel. Prix de vente conseill\u00e9 : 6\u20ac \u00e0 9\u20ac \/ gr","og_url":"https:\/\/jungle-grower.com\/en\/product\/cherry-banana-glasshouse-premium\/","og_site_name":"Jungle Grower","article_modified_time":"2026-02-23T18:29:45+00:00","og_image":[{"width":864,"height":1024,"url":"https:\/\/jungle-grower.com\/wp-content\/uploads\/2025\/11\/IMG_0320.jpg","type":"image\/jpeg"}],"twitter_card":"summary_large_image","twitter_misc":{"Estimated reading time":"1 minute"},"schema":{"@context":"https:\/\/schema.org","@graph":[{"@type":"WebPage","@id":"https:\/\/jungle-grower.com\/produit\/cherry-banana-glasshouse-premium\/","url":"https:\/\/jungle-grower.com\/produit\/cherry-banana-glasshouse-premium\/","name":"Cherry & Banana - GlassHouse Premium","isPartOf":{"@id":"https:\/\/jungle-grower.com\/#website"},"primaryImageOfPage":{"@id":"https:\/\/jungle-grower.com\/produit\/cherry-banana-glasshouse-premium\/#primaryimage"},"image":{"@id":"https:\/\/jungle-grower.com\/produit\/cherry-banana-glasshouse-premium\/#primaryimage"},"thumbnailUrl":"https:\/\/jungle-grower.com\/wp-content\/uploads\/2025\/11\/IMG_0320.jpg","datePublished":"2025-11-05T11:14:34+00:00","dateModified":"2026-02-23T18:29:45+00:00","breadcrumb":{"@id":"https:\/\/jungle-grower.com\/produit\/cherry-banana-glasshouse-premium\/#breadcrumb"},"inLanguage":"en-GB","potentialAction":[{"@type":"ReadAction","target":["https:\/\/jungle-grower.com\/produit\/cherry-banana-glasshouse-premium\/"]}]},{"@type":"ImageObject","inLanguage":"en-GB","@id":"https:\/\/jungle-grower.com\/produit\/cherry-banana-glasshouse-premium\/#primaryimage","url":"https:\/\/jungle-grower.com\/wp-content\/uploads\/2025\/11\/IMG_0320.jpg","contentUrl":"https:\/\/jungle-grower.com\/wp-content\/uploads\/2025\/11\/IMG_0320.jpg","width":864,"height":1024,"caption":"Cherry x Banana2"},{"@type":"BreadcrumbList","@id":"https:\/\/jungle-grower.com\/produit\/cherry-banana-glasshouse-premium\/#breadcrumb","itemListElement":[{"@type":"ListItem","position":1,"name":"Accueil","item":"https:\/\/jungle-grower.com\/"},{"@type":"ListItem","position":2,"name":"Boutique PRO","item":"https:\/\/jungle-grower.com\/boutique\/"},{"@type":"ListItem","position":3,"name":"Cherry x Banana &#8211; USA &#8211; GlassHouse Premium"}]},{"@type":"WebSite","@id":"https:\/\/jungle-grower.com\/#website","url":"https:\/\/jungle-grower.com\/","name":"Jungle Grower","description":"Grossiste CBD en France","publisher":{"@id":"https:\/\/jungle-grower.com\/#organization"},"potentialAction":[{"@type":"SearchAction","target":{"@type":"EntryPoint","urlTemplate":"https:\/\/jungle-grower.com\/?s={search_term_string}"},"query-input":{"@type":"PropertyValueSpecification","valueRequired":true,"valueName":"search_term_string"}}],"inLanguage":"en-GB"},{"@type":"Organization","@id":"https:\/\/jungle-grower.com\/#organization","name":"Jungle Grower","url":"https:\/\/jungle-grower.com\/","logo":{"@type":"ImageObject","inLanguage":"en-GB","@id":"https:\/\/jungle-grower.com\/#\/schema\/logo\/image\/","url":"https:\/\/jungle-grower.com\/wp-content\/uploads\/2023\/08\/3904b720-b34f-4707-8345-cf9ad0a3bc06.jpg","contentUrl":"https:\/\/jungle-grower.com\/wp-content\/uploads\/2023\/08\/3904b720-b34f-4707-8345-cf9ad0a3bc06.jpg","width":1080,"height":1080,"caption":"Jungle Grower"},"image":{"@id":"https:\/\/jungle-grower.com\/#\/schema\/logo\/image\/"}}]}},"jetpack_sharing_enabled":true,"_links":{"self":[{"href":"https:\/\/jungle-grower.com\/en\/wp-json\/wp\/v2\/product\/5573","targetHints":{"allow":["GET"]}}],"collection":[{"href":"https:\/\/jungle-grower.com\/en\/wp-json\/wp\/v2\/product"}],"about":[{"href":"https:\/\/jungle-grower.com\/en\/wp-json\/wp\/v2\/types\/product"}],"replies":[{"embeddable":true,"href":"https:\/\/jungle-grower.com\/en\/wp-json\/wp\/v2\/comments?post=5573"}],"wp:featuredmedia":[{"embeddable":true,"href":"https:\/\/jungle-grower.com\/en\/wp-json\/wp\/v2\/media\/5915"}],"wp:attachment":[{"href":"https:\/\/jungle-grower.com\/en\/wp-json\/wp\/v2\/media?parent=5573"}],"wp:term":[{"taxonomy":"product_cat","embeddable":true,"href":"https:\/\/jungle-grower.com\/en\/wp-json\/wp\/v2\/product_cat?post=5573"},{"taxonomy":"product_tag","embeddable":true,"href":"https:\/\/jungle-grower.com\/en\/wp-json\/wp\/v2\/product_tag?post=5573"}],"curies":[{"name":"wp","href":"https:\/\/api.w.org\/{rel}","templated":true}]}}