{"id":5750,"date":"2025-11-05T17:59:29","date_gmt":"2025-11-05T17:59:29","guid":{"rendered":"https:\/\/jungle-grower.com\/?post_type=product&#038;p=5750"},"modified":"2026-04-02T13:44:45","modified_gmt":"2026-04-02T13:44:45","slug":"moon-rock-pepites","status":"publish","type":"product","link":"https:\/\/jungle-grower.com\/de\/product\/moon-rock-pepites\/","title":{"rendered":"Moon Rock &#8211; Premium Flower CBD"},"content":{"rendered":"<p>Prix de vente conseill\u00e9 : 10\u20ac \u00e0 15\u20ac \/ gr<\/p>","protected":false},"excerpt":{"rendered":"<p>Moon Rock<\/p>\n<p data-path-to-node=\"1\">Con\u00e7ue \u00e0 partir de nos fleurs d&#8217;exception cultiv\u00e9es en sol bio, cette Moon Rock surprend par sa texture <b data-path-to-node=\"1\" data-index-in-node=\"104\">souple et mall\u00e9able<\/b>, loin des produits trop secs. Le c\u0153ur de la fleur est infus\u00e9 d&#8217;un distillat pur, puis g\u00e9n\u00e9reusement napp\u00e9 de pollen premium, offrant une mati\u00e8re grasse qui se travaille facilement. Elle lib\u00e8re une puissance aromatique intense et complexe, id\u00e9ale en vaporisation pour saisir chaque nuance ou en mode classique pour les amateurs de produits ultra-concentr\u00e9s.<\/p>","protected":false},"featured_media":6255,"comment_status":"open","ping_status":"closed","template":"","meta":[],"product_cat":[54],"product_tag":[68],"class_list":{"0":"post-5750","1":"product","2":"type-product","3":"status-publish","4":"has-post-thumbnail","6":"product_cat-france","7":"product_tag-resine","9":"first","10":"instock","11":"taxable","12":"shipping-taxable","13":"purchasable","14":"product-type-variable","15":"has-default-attributes"},"acf":[],"yoast_head":"<!-- This site is optimized with the Yoast SEO plugin v26.3 - https:\/\/yoast.com\/wordpress\/plugins\/seo\/ -->\n<title>Moon Rock - P\u00e9pites<\/title>\n<meta name=\"robots\" content=\"index, follow, max-snippet:-1, max-image-preview:large, max-video-preview:-1\" \/>\n<link rel=\"canonical\" href=\"https:\/\/jungle-grower.com\/de\/product\/moon-rock-pepites\/\" \/>\n<meta property=\"og:locale\" content=\"de_DE\" \/>\n<meta property=\"og:type\" content=\"article\" \/>\n<meta property=\"og:title\" content=\"Moon Rock - P\u00e9pites\" \/>\n<meta property=\"og:description\" content=\"Moon Rock Con\u00e7ue \u00e0 partir de nos fleurs d&#039;exception cultiv\u00e9es en sol bio, cette Moon Rock surprend par sa texture souple et mall\u00e9able, loin des produits trop secs. Le c\u0153ur de la fleur est infus\u00e9 d&#039;un distillat pur, puis g\u00e9n\u00e9reusement napp\u00e9 de pollen premium, offrant une mati\u00e8re grasse qui se travaille facilement. Elle lib\u00e8re une puissance aromatique intense et complexe, id\u00e9ale en vaporisation pour saisir chaque nuance ou en mode classique pour les amateurs de produits ultra-concentr\u00e9s.\" \/>\n<meta property=\"og:url\" content=\"https:\/\/jungle-grower.com\/de\/product\/moon-rock-pepites\/\" \/>\n<meta property=\"og:site_name\" content=\"Jungle Grower\" \/>\n<meta property=\"article:modified_time\" content=\"2026-04-02T13:44:45+00:00\" \/>\n<meta property=\"og:image\" content=\"https:\/\/jungle-grower.com\/wp-content\/uploads\/2025\/11\/Resine-Moon-Rock.png\" \/>\n\t<meta property=\"og:image:width\" content=\"1200\" \/>\n\t<meta property=\"og:image:height\" content=\"1200\" \/>\n\t<meta property=\"og:image:type\" content=\"image\/png\" \/>\n<meta name=\"twitter:card\" content=\"summary_large_image\" \/>\n<meta name=\"twitter:label1\" content=\"Gesch\u00e4tzte Lesezeit\" \/>\n\t<meta name=\"twitter:data1\" content=\"1\u00a0Minute\" \/>\n<script type=\"application\/ld+json\" class=\"yoast-schema-graph\">{\"@context\":\"https:\/\/schema.org\",\"@graph\":[{\"@type\":\"WebPage\",\"@id\":\"https:\/\/jungle-grower.com\/produit\/moon-rock-pepites\/\",\"url\":\"https:\/\/jungle-grower.com\/produit\/moon-rock-pepites\/\",\"name\":\"Moon Rock - P\u00e9pites\",\"isPartOf\":{\"@id\":\"https:\/\/jungle-grower.com\/#website\"},\"primaryImageOfPage\":{\"@id\":\"https:\/\/jungle-grower.com\/produit\/moon-rock-pepites\/#primaryimage\"},\"image\":{\"@id\":\"https:\/\/jungle-grower.com\/produit\/moon-rock-pepites\/#primaryimage\"},\"thumbnailUrl\":\"https:\/\/jungle-grower.com\/wp-content\/uploads\/2025\/11\/Resine-Moon-Rock.png\",\"datePublished\":\"2025-11-05T17:59:29+00:00\",\"dateModified\":\"2026-04-02T13:44:45+00:00\",\"breadcrumb\":{\"@id\":\"https:\/\/jungle-grower.com\/produit\/moon-rock-pepites\/#breadcrumb\"},\"inLanguage\":\"de\",\"potentialAction\":[{\"@type\":\"ReadAction\",\"target\":[\"https:\/\/jungle-grower.com\/produit\/moon-rock-pepites\/\"]}]},{\"@type\":\"ImageObject\",\"inLanguage\":\"de\",\"@id\":\"https:\/\/jungle-grower.com\/produit\/moon-rock-pepites\/#primaryimage\",\"url\":\"https:\/\/jungle-grower.com\/wp-content\/uploads\/2025\/11\/Resine-Moon-Rock.png\",\"contentUrl\":\"https:\/\/jungle-grower.com\/wp-content\/uploads\/2025\/11\/Resine-Moon-Rock.png\",\"width\":1200,\"height\":1200,\"caption\":\"Resine - Moon Rock\"},{\"@type\":\"BreadcrumbList\",\"@id\":\"https:\/\/jungle-grower.com\/produit\/moon-rock-pepites\/#breadcrumb\",\"itemListElement\":[{\"@type\":\"ListItem\",\"position\":1,\"name\":\"Accueil\",\"item\":\"https:\/\/jungle-grower.com\/\"},{\"@type\":\"ListItem\",\"position\":2,\"name\":\"Boutique PRO\",\"item\":\"https:\/\/jungle-grower.com\/boutique\/\"},{\"@type\":\"ListItem\",\"position\":3,\"name\":\"Moon Rock &#8211; Premium Flower CBD\"}]},{\"@type\":\"WebSite\",\"@id\":\"https:\/\/jungle-grower.com\/#website\",\"url\":\"https:\/\/jungle-grower.com\/\",\"name\":\"Jungle Grower\",\"description\":\"Grossiste CBD en France\",\"publisher\":{\"@id\":\"https:\/\/jungle-grower.com\/#organization\"},\"potentialAction\":[{\"@type\":\"SearchAction\",\"target\":{\"@type\":\"EntryPoint\",\"urlTemplate\":\"https:\/\/jungle-grower.com\/?s={search_term_string}\"},\"query-input\":{\"@type\":\"PropertyValueSpecification\",\"valueRequired\":true,\"valueName\":\"search_term_string\"}}],\"inLanguage\":\"de\"},{\"@type\":\"Organization\",\"@id\":\"https:\/\/jungle-grower.com\/#organization\",\"name\":\"Jungle Grower\",\"url\":\"https:\/\/jungle-grower.com\/\",\"logo\":{\"@type\":\"ImageObject\",\"inLanguage\":\"de\",\"@id\":\"https:\/\/jungle-grower.com\/#\/schema\/logo\/image\/\",\"url\":\"https:\/\/jungle-grower.com\/wp-content\/uploads\/2023\/08\/3904b720-b34f-4707-8345-cf9ad0a3bc06.jpg\",\"contentUrl\":\"https:\/\/jungle-grower.com\/wp-content\/uploads\/2023\/08\/3904b720-b34f-4707-8345-cf9ad0a3bc06.jpg\",\"width\":1080,\"height\":1080,\"caption\":\"Jungle Grower\"},\"image\":{\"@id\":\"https:\/\/jungle-grower.com\/#\/schema\/logo\/image\/\"}}]}<\/script>\n<!-- \/ Yoast SEO plugin. -->","yoast_head_json":{"title":"Moon Rock - P\u00e9pites","robots":{"index":"index","follow":"follow","max-snippet":"max-snippet:-1","max-image-preview":"max-image-preview:large","max-video-preview":"max-video-preview:-1"},"canonical":"https:\/\/jungle-grower.com\/de\/product\/moon-rock-pepites\/","og_locale":"de_DE","og_type":"article","og_title":"Moon Rock - P\u00e9pites","og_description":"Moon Rock Con\u00e7ue \u00e0 partir de nos fleurs d'exception cultiv\u00e9es en sol bio, cette Moon Rock surprend par sa texture souple et mall\u00e9able, loin des produits trop secs. Le c\u0153ur de la fleur est infus\u00e9 d'un distillat pur, puis g\u00e9n\u00e9reusement napp\u00e9 de pollen premium, offrant une mati\u00e8re grasse qui se travaille facilement. Elle lib\u00e8re une puissance aromatique intense et complexe, id\u00e9ale en vaporisation pour saisir chaque nuance ou en mode classique pour les amateurs de produits ultra-concentr\u00e9s.","og_url":"https:\/\/jungle-grower.com\/de\/product\/moon-rock-pepites\/","og_site_name":"Jungle Grower","article_modified_time":"2026-04-02T13:44:45+00:00","og_image":[{"width":1200,"height":1200,"url":"https:\/\/jungle-grower.com\/wp-content\/uploads\/2025\/11\/Resine-Moon-Rock.png","type":"image\/png"}],"twitter_card":"summary_large_image","twitter_misc":{"Gesch\u00e4tzte Lesezeit":"1\u00a0Minute"},"schema":{"@context":"https:\/\/schema.org","@graph":[{"@type":"WebPage","@id":"https:\/\/jungle-grower.com\/produit\/moon-rock-pepites\/","url":"https:\/\/jungle-grower.com\/produit\/moon-rock-pepites\/","name":"Moon Rock - P\u00e9pites","isPartOf":{"@id":"https:\/\/jungle-grower.com\/#website"},"primaryImageOfPage":{"@id":"https:\/\/jungle-grower.com\/produit\/moon-rock-pepites\/#primaryimage"},"image":{"@id":"https:\/\/jungle-grower.com\/produit\/moon-rock-pepites\/#primaryimage"},"thumbnailUrl":"https:\/\/jungle-grower.com\/wp-content\/uploads\/2025\/11\/Resine-Moon-Rock.png","datePublished":"2025-11-05T17:59:29+00:00","dateModified":"2026-04-02T13:44:45+00:00","breadcrumb":{"@id":"https:\/\/jungle-grower.com\/produit\/moon-rock-pepites\/#breadcrumb"},"inLanguage":"de","potentialAction":[{"@type":"ReadAction","target":["https:\/\/jungle-grower.com\/produit\/moon-rock-pepites\/"]}]},{"@type":"ImageObject","inLanguage":"de","@id":"https:\/\/jungle-grower.com\/produit\/moon-rock-pepites\/#primaryimage","url":"https:\/\/jungle-grower.com\/wp-content\/uploads\/2025\/11\/Resine-Moon-Rock.png","contentUrl":"https:\/\/jungle-grower.com\/wp-content\/uploads\/2025\/11\/Resine-Moon-Rock.png","width":1200,"height":1200,"caption":"Resine - Moon Rock"},{"@type":"BreadcrumbList","@id":"https:\/\/jungle-grower.com\/produit\/moon-rock-pepites\/#breadcrumb","itemListElement":[{"@type":"ListItem","position":1,"name":"Accueil","item":"https:\/\/jungle-grower.com\/"},{"@type":"ListItem","position":2,"name":"Boutique PRO","item":"https:\/\/jungle-grower.com\/boutique\/"},{"@type":"ListItem","position":3,"name":"Moon Rock &#8211; Premium Flower CBD"}]},{"@type":"WebSite","@id":"https:\/\/jungle-grower.com\/#website","url":"https:\/\/jungle-grower.com\/","name":"Jungle Grower","description":"Grossiste CBD en France","publisher":{"@id":"https:\/\/jungle-grower.com\/#organization"},"potentialAction":[{"@type":"SearchAction","target":{"@type":"EntryPoint","urlTemplate":"https:\/\/jungle-grower.com\/?s={search_term_string}"},"query-input":{"@type":"PropertyValueSpecification","valueRequired":true,"valueName":"search_term_string"}}],"inLanguage":"de"},{"@type":"Organization","@id":"https:\/\/jungle-grower.com\/#organization","name":"Jungle Grower","url":"https:\/\/jungle-grower.com\/","logo":{"@type":"ImageObject","inLanguage":"de","@id":"https:\/\/jungle-grower.com\/#\/schema\/logo\/image\/","url":"https:\/\/jungle-grower.com\/wp-content\/uploads\/2023\/08\/3904b720-b34f-4707-8345-cf9ad0a3bc06.jpg","contentUrl":"https:\/\/jungle-grower.com\/wp-content\/uploads\/2023\/08\/3904b720-b34f-4707-8345-cf9ad0a3bc06.jpg","width":1080,"height":1080,"caption":"Jungle Grower"},"image":{"@id":"https:\/\/jungle-grower.com\/#\/schema\/logo\/image\/"}}]}},"jetpack_sharing_enabled":true,"_links":{"self":[{"href":"https:\/\/jungle-grower.com\/de\/wp-json\/wp\/v2\/product\/5750","targetHints":{"allow":["GET"]}}],"collection":[{"href":"https:\/\/jungle-grower.com\/de\/wp-json\/wp\/v2\/product"}],"about":[{"href":"https:\/\/jungle-grower.com\/de\/wp-json\/wp\/v2\/types\/product"}],"replies":[{"embeddable":true,"href":"https:\/\/jungle-grower.com\/de\/wp-json\/wp\/v2\/comments?post=5750"}],"wp:featuredmedia":[{"embeddable":true,"href":"https:\/\/jungle-grower.com\/de\/wp-json\/wp\/v2\/media\/6255"}],"wp:attachment":[{"href":"https:\/\/jungle-grower.com\/de\/wp-json\/wp\/v2\/media?parent=5750"}],"wp:term":[{"taxonomy":"product_cat","embeddable":true,"href":"https:\/\/jungle-grower.com\/de\/wp-json\/wp\/v2\/product_cat?post=5750"},{"taxonomy":"product_tag","embeddable":true,"href":"https:\/\/jungle-grower.com\/de\/wp-json\/wp\/v2\/product_tag?post=5750"}],"curies":[{"name":"wp","href":"https:\/\/api.w.org\/{rel}","templated":true}]}}