{"id":5649,"date":"2025-11-05T12:01:13","date_gmt":"2025-11-05T12:01:13","guid":{"rendered":"https:\/\/jungle-grower.com\/?post_type=product&#038;p=5649"},"modified":"2026-02-23T18:29:17","modified_gmt":"2026-02-23T18:29:17","slug":"sour-diesel-nos-valeurs-sures","status":"publish","type":"product","link":"https:\/\/jungle-grower.com\/de\/product\/sour-diesel-nos-valeurs-sures\/","title":{"rendered":"Sour Diesel &#8211; Greenhouse"},"content":{"rendered":"","protected":false},"excerpt":{"rendered":"<p><strong>Sour Diesel &#8211; Greenhouse<\/strong><\/p>\n<p data-path-to-node=\"1\">\u00c9lev\u00e9e au rythme des saisons sous nos tunnels greenhouse, cette vari\u00e9t\u00e9 embl\u00e9matique puise sa vigueur dans une terre travaill\u00e9e selon des m\u00e9thodes d&#8217;\u00e9quilibre min\u00e9ral de nos sols bio favorise un d\u00e9veloppement floral g\u00e9n\u00e9reux, o\u00f9 les trichomes se gorgent de terp\u00e8nes gazeux et citronn\u00e9s. Ce processus de culture sans intrants chimiques, coupl\u00e9 \u00e0 une ventilation naturelle constante, produit une fleur au caract\u00e8re tranch\u00e9, offrant ces notes typiques de p\u00e9trole et de zestes acides qui font la renomm\u00e9e mondiale de la Sour Diesel.<\/p>\n<p data-path-to-node=\"2\">Prix de vente conseill\u00e9 : 4\u20ac \u00e0 6\u20ac \/ gr<\/p>","protected":false},"featured_media":5998,"comment_status":"open","ping_status":"closed","template":"","meta":[],"product_cat":[54],"product_tag":[47],"class_list":{"0":"post-5649","1":"product","2":"type-product","3":"status-publish","4":"has-post-thumbnail","6":"product_cat-france","7":"product_tag-big","9":"first","10":"instock","11":"taxable","12":"shipping-taxable","13":"purchasable","14":"product-type-variable"},"acf":[],"yoast_head":"<!-- This site is optimized with the Yoast SEO plugin v26.3 - https:\/\/yoast.com\/wordpress\/plugins\/seo\/ -->\n<title>Sour Diesel - Greenhouse<\/title>\n<meta name=\"robots\" content=\"index, follow, max-snippet:-1, max-image-preview:large, max-video-preview:-1\" \/>\n<link rel=\"canonical\" href=\"https:\/\/jungle-grower.com\/de\/product\/sour-diesel-nos-valeurs-sures\/\" \/>\n<meta property=\"og:locale\" content=\"de_DE\" \/>\n<meta property=\"og:type\" content=\"article\" \/>\n<meta property=\"og:title\" content=\"Sour Diesel - Greenhouse\" \/>\n<meta property=\"og:description\" content=\"Sour Diesel - Greenhouse \u00c9lev\u00e9e au rythme des saisons sous nos tunnels greenhouse, cette vari\u00e9t\u00e9 embl\u00e9matique puise sa vigueur dans une terre travaill\u00e9e selon des m\u00e9thodes d&#039;\u00e9quilibre min\u00e9ral de nos sols bio favorise un d\u00e9veloppement floral g\u00e9n\u00e9reux, o\u00f9 les trichomes se gorgent de terp\u00e8nes gazeux et citronn\u00e9s. Ce processus de culture sans intrants chimiques, coupl\u00e9 \u00e0 une ventilation naturelle constante, produit une fleur au caract\u00e8re tranch\u00e9, offrant ces notes typiques de p\u00e9trole et de zestes acides qui font la renomm\u00e9e mondiale de la Sour Diesel. Prix de vente conseill\u00e9 : 4\u20ac \u00e0 6\u20ac \/ gr\" \/>\n<meta property=\"og:url\" content=\"https:\/\/jungle-grower.com\/de\/product\/sour-diesel-nos-valeurs-sures\/\" \/>\n<meta property=\"og:site_name\" content=\"Jungle Grower\" \/>\n<meta property=\"article:modified_time\" content=\"2026-02-23T18:29:17+00:00\" \/>\n<meta property=\"og:image\" content=\"https:\/\/jungle-grower.com\/wp-content\/uploads\/2025\/11\/sour-Diesel-1-scaled.jpg\" \/>\n\t<meta property=\"og:image:width\" content=\"1920\" \/>\n\t<meta property=\"og:image:height\" content=\"2560\" \/>\n\t<meta property=\"og:image:type\" content=\"image\/jpeg\" \/>\n<meta name=\"twitter:card\" content=\"summary_large_image\" \/>\n<meta name=\"twitter:label1\" content=\"Gesch\u00e4tzte Lesezeit\" \/>\n\t<meta name=\"twitter:data1\" content=\"1\u00a0Minute\" \/>\n<script type=\"application\/ld+json\" class=\"yoast-schema-graph\">{\"@context\":\"https:\/\/schema.org\",\"@graph\":[{\"@type\":\"WebPage\",\"@id\":\"https:\/\/jungle-grower.com\/produit\/sour-diesel-nos-valeurs-sures\/\",\"url\":\"https:\/\/jungle-grower.com\/produit\/sour-diesel-nos-valeurs-sures\/\",\"name\":\"Sour Diesel - Greenhouse\",\"isPartOf\":{\"@id\":\"https:\/\/jungle-grower.com\/#website\"},\"primaryImageOfPage\":{\"@id\":\"https:\/\/jungle-grower.com\/produit\/sour-diesel-nos-valeurs-sures\/#primaryimage\"},\"image\":{\"@id\":\"https:\/\/jungle-grower.com\/produit\/sour-diesel-nos-valeurs-sures\/#primaryimage\"},\"thumbnailUrl\":\"https:\/\/jungle-grower.com\/wp-content\/uploads\/2025\/11\/sour-Diesel-1-scaled.jpg\",\"datePublished\":\"2025-11-05T12:01:13+00:00\",\"dateModified\":\"2026-02-23T18:29:17+00:00\",\"breadcrumb\":{\"@id\":\"https:\/\/jungle-grower.com\/produit\/sour-diesel-nos-valeurs-sures\/#breadcrumb\"},\"inLanguage\":\"de\",\"potentialAction\":[{\"@type\":\"ReadAction\",\"target\":[\"https:\/\/jungle-grower.com\/produit\/sour-diesel-nos-valeurs-sures\/\"]}]},{\"@type\":\"ImageObject\",\"inLanguage\":\"de\",\"@id\":\"https:\/\/jungle-grower.com\/produit\/sour-diesel-nos-valeurs-sures\/#primaryimage\",\"url\":\"https:\/\/jungle-grower.com\/wp-content\/uploads\/2025\/11\/sour-Diesel-1-scaled.jpg\",\"contentUrl\":\"https:\/\/jungle-grower.com\/wp-content\/uploads\/2025\/11\/sour-Diesel-1-scaled.jpg\",\"width\":1920,\"height\":2560,\"caption\":\"sour Diesel\"},{\"@type\":\"BreadcrumbList\",\"@id\":\"https:\/\/jungle-grower.com\/produit\/sour-diesel-nos-valeurs-sures\/#breadcrumb\",\"itemListElement\":[{\"@type\":\"ListItem\",\"position\":1,\"name\":\"Accueil\",\"item\":\"https:\/\/jungle-grower.com\/\"},{\"@type\":\"ListItem\",\"position\":2,\"name\":\"Boutique PRO\",\"item\":\"https:\/\/jungle-grower.com\/boutique\/\"},{\"@type\":\"ListItem\",\"position\":3,\"name\":\"Sour Diesel &#8211; Greenhouse\"}]},{\"@type\":\"WebSite\",\"@id\":\"https:\/\/jungle-grower.com\/#website\",\"url\":\"https:\/\/jungle-grower.com\/\",\"name\":\"Jungle Grower\",\"description\":\"Grossiste CBD en France\",\"publisher\":{\"@id\":\"https:\/\/jungle-grower.com\/#organization\"},\"potentialAction\":[{\"@type\":\"SearchAction\",\"target\":{\"@type\":\"EntryPoint\",\"urlTemplate\":\"https:\/\/jungle-grower.com\/?s={search_term_string}\"},\"query-input\":{\"@type\":\"PropertyValueSpecification\",\"valueRequired\":true,\"valueName\":\"search_term_string\"}}],\"inLanguage\":\"de\"},{\"@type\":\"Organization\",\"@id\":\"https:\/\/jungle-grower.com\/#organization\",\"name\":\"Jungle Grower\",\"url\":\"https:\/\/jungle-grower.com\/\",\"logo\":{\"@type\":\"ImageObject\",\"inLanguage\":\"de\",\"@id\":\"https:\/\/jungle-grower.com\/#\/schema\/logo\/image\/\",\"url\":\"https:\/\/jungle-grower.com\/wp-content\/uploads\/2023\/08\/3904b720-b34f-4707-8345-cf9ad0a3bc06.jpg\",\"contentUrl\":\"https:\/\/jungle-grower.com\/wp-content\/uploads\/2023\/08\/3904b720-b34f-4707-8345-cf9ad0a3bc06.jpg\",\"width\":1080,\"height\":1080,\"caption\":\"Jungle Grower\"},\"image\":{\"@id\":\"https:\/\/jungle-grower.com\/#\/schema\/logo\/image\/\"}}]}<\/script>\n<!-- \/ Yoast SEO plugin. -->","yoast_head_json":{"title":"Sour Diesel - Greenhouse","robots":{"index":"index","follow":"follow","max-snippet":"max-snippet:-1","max-image-preview":"max-image-preview:large","max-video-preview":"max-video-preview:-1"},"canonical":"https:\/\/jungle-grower.com\/de\/product\/sour-diesel-nos-valeurs-sures\/","og_locale":"de_DE","og_type":"article","og_title":"Sour Diesel - Greenhouse","og_description":"Sour Diesel - Greenhouse \u00c9lev\u00e9e au rythme des saisons sous nos tunnels greenhouse, cette vari\u00e9t\u00e9 embl\u00e9matique puise sa vigueur dans une terre travaill\u00e9e selon des m\u00e9thodes d'\u00e9quilibre min\u00e9ral de nos sols bio favorise un d\u00e9veloppement floral g\u00e9n\u00e9reux, o\u00f9 les trichomes se gorgent de terp\u00e8nes gazeux et citronn\u00e9s. Ce processus de culture sans intrants chimiques, coupl\u00e9 \u00e0 une ventilation naturelle constante, produit une fleur au caract\u00e8re tranch\u00e9, offrant ces notes typiques de p\u00e9trole et de zestes acides qui font la renomm\u00e9e mondiale de la Sour Diesel. Prix de vente conseill\u00e9 : 4\u20ac \u00e0 6\u20ac \/ gr","og_url":"https:\/\/jungle-grower.com\/de\/product\/sour-diesel-nos-valeurs-sures\/","og_site_name":"Jungle Grower","article_modified_time":"2026-02-23T18:29:17+00:00","og_image":[{"width":1920,"height":2560,"url":"https:\/\/jungle-grower.com\/wp-content\/uploads\/2025\/11\/sour-Diesel-1-scaled.jpg","type":"image\/jpeg"}],"twitter_card":"summary_large_image","twitter_misc":{"Gesch\u00e4tzte Lesezeit":"1\u00a0Minute"},"schema":{"@context":"https:\/\/schema.org","@graph":[{"@type":"WebPage","@id":"https:\/\/jungle-grower.com\/produit\/sour-diesel-nos-valeurs-sures\/","url":"https:\/\/jungle-grower.com\/produit\/sour-diesel-nos-valeurs-sures\/","name":"Sour Diesel - Greenhouse","isPartOf":{"@id":"https:\/\/jungle-grower.com\/#website"},"primaryImageOfPage":{"@id":"https:\/\/jungle-grower.com\/produit\/sour-diesel-nos-valeurs-sures\/#primaryimage"},"image":{"@id":"https:\/\/jungle-grower.com\/produit\/sour-diesel-nos-valeurs-sures\/#primaryimage"},"thumbnailUrl":"https:\/\/jungle-grower.com\/wp-content\/uploads\/2025\/11\/sour-Diesel-1-scaled.jpg","datePublished":"2025-11-05T12:01:13+00:00","dateModified":"2026-02-23T18:29:17+00:00","breadcrumb":{"@id":"https:\/\/jungle-grower.com\/produit\/sour-diesel-nos-valeurs-sures\/#breadcrumb"},"inLanguage":"de","potentialAction":[{"@type":"ReadAction","target":["https:\/\/jungle-grower.com\/produit\/sour-diesel-nos-valeurs-sures\/"]}]},{"@type":"ImageObject","inLanguage":"de","@id":"https:\/\/jungle-grower.com\/produit\/sour-diesel-nos-valeurs-sures\/#primaryimage","url":"https:\/\/jungle-grower.com\/wp-content\/uploads\/2025\/11\/sour-Diesel-1-scaled.jpg","contentUrl":"https:\/\/jungle-grower.com\/wp-content\/uploads\/2025\/11\/sour-Diesel-1-scaled.jpg","width":1920,"height":2560,"caption":"sour Diesel"},{"@type":"BreadcrumbList","@id":"https:\/\/jungle-grower.com\/produit\/sour-diesel-nos-valeurs-sures\/#breadcrumb","itemListElement":[{"@type":"ListItem","position":1,"name":"Accueil","item":"https:\/\/jungle-grower.com\/"},{"@type":"ListItem","position":2,"name":"Boutique PRO","item":"https:\/\/jungle-grower.com\/boutique\/"},{"@type":"ListItem","position":3,"name":"Sour Diesel &#8211; Greenhouse"}]},{"@type":"WebSite","@id":"https:\/\/jungle-grower.com\/#website","url":"https:\/\/jungle-grower.com\/","name":"Jungle Grower","description":"Grossiste CBD en France","publisher":{"@id":"https:\/\/jungle-grower.com\/#organization"},"potentialAction":[{"@type":"SearchAction","target":{"@type":"EntryPoint","urlTemplate":"https:\/\/jungle-grower.com\/?s={search_term_string}"},"query-input":{"@type":"PropertyValueSpecification","valueRequired":true,"valueName":"search_term_string"}}],"inLanguage":"de"},{"@type":"Organization","@id":"https:\/\/jungle-grower.com\/#organization","name":"Jungle Grower","url":"https:\/\/jungle-grower.com\/","logo":{"@type":"ImageObject","inLanguage":"de","@id":"https:\/\/jungle-grower.com\/#\/schema\/logo\/image\/","url":"https:\/\/jungle-grower.com\/wp-content\/uploads\/2023\/08\/3904b720-b34f-4707-8345-cf9ad0a3bc06.jpg","contentUrl":"https:\/\/jungle-grower.com\/wp-content\/uploads\/2023\/08\/3904b720-b34f-4707-8345-cf9ad0a3bc06.jpg","width":1080,"height":1080,"caption":"Jungle Grower"},"image":{"@id":"https:\/\/jungle-grower.com\/#\/schema\/logo\/image\/"}}]}},"jetpack_sharing_enabled":true,"_links":{"self":[{"href":"https:\/\/jungle-grower.com\/de\/wp-json\/wp\/v2\/product\/5649","targetHints":{"allow":["GET"]}}],"collection":[{"href":"https:\/\/jungle-grower.com\/de\/wp-json\/wp\/v2\/product"}],"about":[{"href":"https:\/\/jungle-grower.com\/de\/wp-json\/wp\/v2\/types\/product"}],"replies":[{"embeddable":true,"href":"https:\/\/jungle-grower.com\/de\/wp-json\/wp\/v2\/comments?post=5649"}],"wp:featuredmedia":[{"embeddable":true,"href":"https:\/\/jungle-grower.com\/de\/wp-json\/wp\/v2\/media\/5998"}],"wp:attachment":[{"href":"https:\/\/jungle-grower.com\/de\/wp-json\/wp\/v2\/media?parent=5649"}],"wp:term":[{"taxonomy":"product_cat","embeddable":true,"href":"https:\/\/jungle-grower.com\/de\/wp-json\/wp\/v2\/product_cat?post=5649"},{"taxonomy":"product_tag","embeddable":true,"href":"https:\/\/jungle-grower.com\/de\/wp-json\/wp\/v2\/product_tag?post=5649"}],"curies":[{"name":"wp","href":"https:\/\/api.w.org\/{rel}","templated":true}]}}