{"id":5644,"date":"2025-11-05T11:59:44","date_gmt":"2025-11-05T11:59:44","guid":{"rendered":"https:\/\/jungle-grower.com\/?post_type=product&#038;p=5644"},"modified":"2026-01-05T23:50:30","modified_gmt":"2026-01-05T23:50:30","slug":"og-kush-nos-valeurs-sures","status":"publish","type":"product","link":"https:\/\/jungle-grower.com\/de\/product\/og-kush-nos-valeurs-sures\/","title":{"rendered":"OG Kush &#8211; USA &#8211; Greenhouse"},"content":{"rendered":"","protected":false},"excerpt":{"rendered":"<p><strong>OG Kush &#8211; USA &#8211; Greenhouse<\/strong><\/p>\n<p data-path-to-node=\"1\">Cultiv\u00e9e \u00e0 l&#8217;abri de nos tunnels dans un \u00e9cosyst\u00e8me ma\u00eetris\u00e9, cette l\u00e9gende de la West Coast s&#8217;enracine dans nos amendements organiques pour restituer sa force originelle. Le travail sur le sol bio permet de booster naturellement sa production de r\u00e9sine, r\u00e9v\u00e9lant des buds \u00e0 la structure typique, impr\u00e9gn\u00e9es de terp\u00e8nes puissants aux effluves de fuel et de citron bois\u00e9. Un s\u00e9chage lent t\u00eate en bas assure une pr\u00e9servation optimale de ses terp\u00e8nes, offrant une exp\u00e9rience brute et sans artifice.<\/p>\n<p data-path-to-node=\"2\">Prix de vente conseill\u00e9 : 4\u20ac \u00e0 6\u20ac \/ gr<\/p>","protected":false},"featured_media":6062,"comment_status":"open","ping_status":"closed","template":"","meta":[],"product_cat":[66],"product_tag":[47],"class_list":{"0":"post-5644","1":"product","2":"type-product","3":"status-publish","4":"has-post-thumbnail","6":"product_cat-usa","7":"product_tag-big","9":"first","10":"instock","11":"taxable","12":"shipping-taxable","13":"purchasable","14":"product-type-variable"},"acf":[],"yoast_head":"<!-- This site is optimized with the Yoast SEO plugin v26.3 - https:\/\/yoast.com\/wordpress\/plugins\/seo\/ -->\n<title>OG Kush - USA - Greenhouse<\/title>\n<meta name=\"robots\" content=\"index, follow, max-snippet:-1, max-image-preview:large, max-video-preview:-1\" \/>\n<link rel=\"canonical\" href=\"https:\/\/jungle-grower.com\/de\/product\/og-kush-nos-valeurs-sures\/\" \/>\n<meta property=\"og:locale\" content=\"de_DE\" \/>\n<meta property=\"og:type\" content=\"article\" \/>\n<meta property=\"og:title\" content=\"OG Kush - USA - Greenhouse\" \/>\n<meta property=\"og:description\" content=\"OG Kush - USA - Greenhouse Cultiv\u00e9e \u00e0 l&#039;abri de nos tunnels dans un \u00e9cosyst\u00e8me ma\u00eetris\u00e9, cette l\u00e9gende de la West Coast s&#039;enracine dans nos amendements organiques pour restituer sa force originelle. Le travail sur le sol bio permet de booster naturellement sa production de r\u00e9sine, r\u00e9v\u00e9lant des buds \u00e0 la structure typique, impr\u00e9gn\u00e9es de terp\u00e8nes puissants aux effluves de fuel et de citron bois\u00e9. Un s\u00e9chage lent t\u00eate en bas assure une pr\u00e9servation optimale de ses terp\u00e8nes, offrant une exp\u00e9rience brute et sans artifice. Prix de vente conseill\u00e9 : 4\u20ac \u00e0 6\u20ac \/ gr\" \/>\n<meta property=\"og:url\" content=\"https:\/\/jungle-grower.com\/de\/product\/og-kush-nos-valeurs-sures\/\" \/>\n<meta property=\"og:site_name\" content=\"Jungle Grower\" \/>\n<meta property=\"article:modified_time\" content=\"2026-01-05T23:50:30+00:00\" \/>\n<meta property=\"og:image\" content=\"https:\/\/jungle-grower.com\/wp-content\/uploads\/2025\/11\/OG-Kush2.png\" \/>\n\t<meta property=\"og:image:width\" content=\"523\" \/>\n\t<meta property=\"og:image:height\" content=\"697\" \/>\n\t<meta property=\"og:image:type\" content=\"image\/png\" \/>\n<meta name=\"twitter:card\" content=\"summary_large_image\" \/>\n<meta name=\"twitter:label1\" content=\"Gesch\u00e4tzte Lesezeit\" \/>\n\t<meta name=\"twitter:data1\" content=\"1\u00a0Minute\" \/>\n<script type=\"application\/ld+json\" class=\"yoast-schema-graph\">{\"@context\":\"https:\/\/schema.org\",\"@graph\":[{\"@type\":\"WebPage\",\"@id\":\"https:\/\/jungle-grower.com\/de\/product\/og-kush-nos-valeurs-sures\/\",\"url\":\"https:\/\/jungle-grower.com\/de\/product\/og-kush-nos-valeurs-sures\/\",\"name\":\"OG Kush - USA - Greenhouse\",\"isPartOf\":{\"@id\":\"https:\/\/jungle-grower.com\/#website\"},\"primaryImageOfPage\":{\"@id\":\"https:\/\/jungle-grower.com\/de\/product\/og-kush-nos-valeurs-sures\/#primaryimage\"},\"image\":{\"@id\":\"https:\/\/jungle-grower.com\/de\/product\/og-kush-nos-valeurs-sures\/#primaryimage\"},\"thumbnailUrl\":\"https:\/\/jungle-grower.com\/wp-content\/uploads\/2025\/11\/OG-Kush2.png\",\"datePublished\":\"2025-11-05T11:59:44+00:00\",\"dateModified\":\"2026-01-05T23:50:30+00:00\",\"breadcrumb\":{\"@id\":\"https:\/\/jungle-grower.com\/de\/product\/og-kush-nos-valeurs-sures\/#breadcrumb\"},\"inLanguage\":\"de\",\"potentialAction\":[{\"@type\":\"ReadAction\",\"target\":[\"https:\/\/jungle-grower.com\/de\/product\/og-kush-nos-valeurs-sures\/\"]}]},{\"@type\":\"ImageObject\",\"inLanguage\":\"de\",\"@id\":\"https:\/\/jungle-grower.com\/de\/product\/og-kush-nos-valeurs-sures\/#primaryimage\",\"url\":\"https:\/\/jungle-grower.com\/wp-content\/uploads\/2025\/11\/OG-Kush2.png\",\"contentUrl\":\"https:\/\/jungle-grower.com\/wp-content\/uploads\/2025\/11\/OG-Kush2.png\",\"width\":523,\"height\":697,\"caption\":\"OG Kush2\"},{\"@type\":\"BreadcrumbList\",\"@id\":\"https:\/\/jungle-grower.com\/de\/product\/og-kush-nos-valeurs-sures\/#breadcrumb\",\"itemListElement\":[{\"@type\":\"ListItem\",\"position\":1,\"name\":\"Accueil\",\"item\":\"https:\/\/jungle-grower.com\/\"},{\"@type\":\"ListItem\",\"position\":2,\"name\":\"Boutique PRO\",\"item\":\"https:\/\/jungle-grower.com\/boutique\/\"},{\"@type\":\"ListItem\",\"position\":3,\"name\":\"OG Kush &#8211; USA &#8211; Greenhouse\"}]},{\"@type\":\"WebSite\",\"@id\":\"https:\/\/jungle-grower.com\/#website\",\"url\":\"https:\/\/jungle-grower.com\/\",\"name\":\"Jungle Grower\",\"description\":\"Grossiste CBD en France\",\"publisher\":{\"@id\":\"https:\/\/jungle-grower.com\/#organization\"},\"potentialAction\":[{\"@type\":\"SearchAction\",\"target\":{\"@type\":\"EntryPoint\",\"urlTemplate\":\"https:\/\/jungle-grower.com\/?s={search_term_string}\"},\"query-input\":{\"@type\":\"PropertyValueSpecification\",\"valueRequired\":true,\"valueName\":\"search_term_string\"}}],\"inLanguage\":\"de\"},{\"@type\":\"Organization\",\"@id\":\"https:\/\/jungle-grower.com\/#organization\",\"name\":\"Jungle Grower\",\"url\":\"https:\/\/jungle-grower.com\/\",\"logo\":{\"@type\":\"ImageObject\",\"inLanguage\":\"de\",\"@id\":\"https:\/\/jungle-grower.com\/#\/schema\/logo\/image\/\",\"url\":\"https:\/\/jungle-grower.com\/wp-content\/uploads\/2023\/08\/3904b720-b34f-4707-8345-cf9ad0a3bc06.jpg\",\"contentUrl\":\"https:\/\/jungle-grower.com\/wp-content\/uploads\/2023\/08\/3904b720-b34f-4707-8345-cf9ad0a3bc06.jpg\",\"width\":1080,\"height\":1080,\"caption\":\"Jungle Grower\"},\"image\":{\"@id\":\"https:\/\/jungle-grower.com\/#\/schema\/logo\/image\/\"}}]}<\/script>\n<!-- \/ Yoast SEO plugin. -->","yoast_head_json":{"title":"OG Kush - USA - Greenhouse","robots":{"index":"index","follow":"follow","max-snippet":"max-snippet:-1","max-image-preview":"max-image-preview:large","max-video-preview":"max-video-preview:-1"},"canonical":"https:\/\/jungle-grower.com\/de\/product\/og-kush-nos-valeurs-sures\/","og_locale":"de_DE","og_type":"article","og_title":"OG Kush - USA - Greenhouse","og_description":"OG Kush - USA - Greenhouse Cultiv\u00e9e \u00e0 l'abri de nos tunnels dans un \u00e9cosyst\u00e8me ma\u00eetris\u00e9, cette l\u00e9gende de la West Coast s'enracine dans nos amendements organiques pour restituer sa force originelle. Le travail sur le sol bio permet de booster naturellement sa production de r\u00e9sine, r\u00e9v\u00e9lant des buds \u00e0 la structure typique, impr\u00e9gn\u00e9es de terp\u00e8nes puissants aux effluves de fuel et de citron bois\u00e9. Un s\u00e9chage lent t\u00eate en bas assure une pr\u00e9servation optimale de ses terp\u00e8nes, offrant une exp\u00e9rience brute et sans artifice. Prix de vente conseill\u00e9 : 4\u20ac \u00e0 6\u20ac \/ gr","og_url":"https:\/\/jungle-grower.com\/de\/product\/og-kush-nos-valeurs-sures\/","og_site_name":"Jungle Grower","article_modified_time":"2026-01-05T23:50:30+00:00","og_image":[{"width":523,"height":697,"url":"https:\/\/jungle-grower.com\/wp-content\/uploads\/2025\/11\/OG-Kush2.png","type":"image\/png"}],"twitter_card":"summary_large_image","twitter_misc":{"Gesch\u00e4tzte Lesezeit":"1\u00a0Minute"},"schema":{"@context":"https:\/\/schema.org","@graph":[{"@type":"WebPage","@id":"https:\/\/jungle-grower.com\/de\/product\/og-kush-nos-valeurs-sures\/","url":"https:\/\/jungle-grower.com\/de\/product\/og-kush-nos-valeurs-sures\/","name":"OG Kush - USA - Greenhouse","isPartOf":{"@id":"https:\/\/jungle-grower.com\/#website"},"primaryImageOfPage":{"@id":"https:\/\/jungle-grower.com\/de\/product\/og-kush-nos-valeurs-sures\/#primaryimage"},"image":{"@id":"https:\/\/jungle-grower.com\/de\/product\/og-kush-nos-valeurs-sures\/#primaryimage"},"thumbnailUrl":"https:\/\/jungle-grower.com\/wp-content\/uploads\/2025\/11\/OG-Kush2.png","datePublished":"2025-11-05T11:59:44+00:00","dateModified":"2026-01-05T23:50:30+00:00","breadcrumb":{"@id":"https:\/\/jungle-grower.com\/de\/product\/og-kush-nos-valeurs-sures\/#breadcrumb"},"inLanguage":"de","potentialAction":[{"@type":"ReadAction","target":["https:\/\/jungle-grower.com\/de\/product\/og-kush-nos-valeurs-sures\/"]}]},{"@type":"ImageObject","inLanguage":"de","@id":"https:\/\/jungle-grower.com\/de\/product\/og-kush-nos-valeurs-sures\/#primaryimage","url":"https:\/\/jungle-grower.com\/wp-content\/uploads\/2025\/11\/OG-Kush2.png","contentUrl":"https:\/\/jungle-grower.com\/wp-content\/uploads\/2025\/11\/OG-Kush2.png","width":523,"height":697,"caption":"OG Kush2"},{"@type":"BreadcrumbList","@id":"https:\/\/jungle-grower.com\/de\/product\/og-kush-nos-valeurs-sures\/#breadcrumb","itemListElement":[{"@type":"ListItem","position":1,"name":"Accueil","item":"https:\/\/jungle-grower.com\/"},{"@type":"ListItem","position":2,"name":"Boutique PRO","item":"https:\/\/jungle-grower.com\/boutique\/"},{"@type":"ListItem","position":3,"name":"OG Kush &#8211; USA &#8211; Greenhouse"}]},{"@type":"WebSite","@id":"https:\/\/jungle-grower.com\/#website","url":"https:\/\/jungle-grower.com\/","name":"Jungle Grower","description":"Grossiste CBD en France","publisher":{"@id":"https:\/\/jungle-grower.com\/#organization"},"potentialAction":[{"@type":"SearchAction","target":{"@type":"EntryPoint","urlTemplate":"https:\/\/jungle-grower.com\/?s={search_term_string}"},"query-input":{"@type":"PropertyValueSpecification","valueRequired":true,"valueName":"search_term_string"}}],"inLanguage":"de"},{"@type":"Organization","@id":"https:\/\/jungle-grower.com\/#organization","name":"Jungle Grower","url":"https:\/\/jungle-grower.com\/","logo":{"@type":"ImageObject","inLanguage":"de","@id":"https:\/\/jungle-grower.com\/#\/schema\/logo\/image\/","url":"https:\/\/jungle-grower.com\/wp-content\/uploads\/2023\/08\/3904b720-b34f-4707-8345-cf9ad0a3bc06.jpg","contentUrl":"https:\/\/jungle-grower.com\/wp-content\/uploads\/2023\/08\/3904b720-b34f-4707-8345-cf9ad0a3bc06.jpg","width":1080,"height":1080,"caption":"Jungle Grower"},"image":{"@id":"https:\/\/jungle-grower.com\/#\/schema\/logo\/image\/"}}]}},"jetpack_sharing_enabled":true,"_links":{"self":[{"href":"https:\/\/jungle-grower.com\/de\/wp-json\/wp\/v2\/product\/5644","targetHints":{"allow":["GET"]}}],"collection":[{"href":"https:\/\/jungle-grower.com\/de\/wp-json\/wp\/v2\/product"}],"about":[{"href":"https:\/\/jungle-grower.com\/de\/wp-json\/wp\/v2\/types\/product"}],"replies":[{"embeddable":true,"href":"https:\/\/jungle-grower.com\/de\/wp-json\/wp\/v2\/comments?post=5644"}],"wp:featuredmedia":[{"embeddable":true,"href":"https:\/\/jungle-grower.com\/de\/wp-json\/wp\/v2\/media\/6062"}],"wp:attachment":[{"href":"https:\/\/jungle-grower.com\/de\/wp-json\/wp\/v2\/media?parent=5644"}],"wp:term":[{"taxonomy":"product_cat","embeddable":true,"href":"https:\/\/jungle-grower.com\/de\/wp-json\/wp\/v2\/product_cat?post=5644"},{"taxonomy":"product_tag","embeddable":true,"href":"https:\/\/jungle-grower.com\/de\/wp-json\/wp\/v2\/product_tag?post=5644"}],"curies":[{"name":"wp","href":"https:\/\/api.w.org\/{rel}","templated":true}]}}