{"id":5598,"date":"2025-11-05T11:22:34","date_gmt":"2025-11-05T11:22:34","guid":{"rendered":"https:\/\/jungle-grower.com\/?post_type=product&#038;p=5598"},"modified":"2026-02-23T17:12:59","modified_gmt":"2026-02-23T17:12:59","slug":"black-devil-glasshouse-classic","status":"publish","type":"product","link":"https:\/\/jungle-grower.com\/de\/product\/black-devil-glasshouse-classic\/","title":{"rendered":"Black Devil &#8211; GlassHouse"},"content":{"rendered":"","protected":false},"excerpt":{"rendered":"<p data-path-to-node=\"1\">V\u00e9ritable curiosit\u00e9 chromatique de nos <b data-path-to-node=\"1\" data-index-in-node=\"39\">GlassHouse<\/b>, cette g\u00e9n\u00e9tique se distingue par une h\u00e9t\u00e9rog\u00e9n\u00e9it\u00e9 visuelle fascinante, m\u00ealant des t\u00eates vert \u00e9meraude \u00e0 des fleurs aux reflets violets et orang\u00e9s profonds, le tout port\u00e9 par un profil terp\u00e9nique explosif aux ar\u00f4mes de fruits sombres et d&#8217;\u00e9pices.<\/p>\n<p data-path-to-node=\"2\">Prix de vente conseill\u00e9 : 4\u20ac \u00e0 6\u20ac \/ gr<\/p>","protected":false},"featured_media":6276,"comment_status":"open","ping_status":"closed","template":"","meta":[],"product_cat":[54],"product_tag":[47],"class_list":{"0":"post-5598","1":"product","2":"type-product","3":"status-publish","4":"has-post-thumbnail","6":"product_cat-france","7":"product_tag-big","9":"first","10":"instock","11":"taxable","12":"shipping-taxable","13":"purchasable","14":"product-type-variable"},"acf":[],"yoast_head":"<!-- This site is optimized with the Yoast SEO plugin v26.3 - https:\/\/yoast.com\/wordpress\/plugins\/seo\/ -->\n<title>Black Devil - GlassHouse Classic<\/title>\n<meta name=\"robots\" content=\"index, follow, max-snippet:-1, max-image-preview:large, max-video-preview:-1\" \/>\n<link rel=\"canonical\" href=\"https:\/\/jungle-grower.com\/de\/product\/black-devil-glasshouse-classic\/\" \/>\n<meta property=\"og:locale\" content=\"de_DE\" \/>\n<meta property=\"og:type\" content=\"article\" \/>\n<meta property=\"og:title\" content=\"Black Devil - GlassHouse Classic\" \/>\n<meta property=\"og:description\" content=\"V\u00e9ritable curiosit\u00e9 chromatique de nos GlassHouse, cette g\u00e9n\u00e9tique se distingue par une h\u00e9t\u00e9rog\u00e9n\u00e9it\u00e9 visuelle fascinante, m\u00ealant des t\u00eates vert \u00e9meraude \u00e0 des fleurs aux reflets violets et orang\u00e9s profonds, le tout port\u00e9 par un profil terp\u00e9nique explosif aux ar\u00f4mes de fruits sombres et d&#039;\u00e9pices. Prix de vente conseill\u00e9 : 4\u20ac \u00e0 6\u20ac \/ gr\" \/>\n<meta property=\"og:url\" content=\"https:\/\/jungle-grower.com\/de\/product\/black-devil-glasshouse-classic\/\" \/>\n<meta property=\"og:site_name\" content=\"Jungle Grower\" \/>\n<meta property=\"article:modified_time\" content=\"2026-02-23T17:12:59+00:00\" \/>\n<meta property=\"og:image\" content=\"https:\/\/jungle-grower.com\/wp-content\/uploads\/2025\/11\/Jungle-Grower-Black-Devil-scaled.jpg\" \/>\n\t<meta property=\"og:image:width\" content=\"1702\" \/>\n\t<meta property=\"og:image:height\" content=\"2560\" \/>\n\t<meta property=\"og:image:type\" content=\"image\/jpeg\" \/>\n<meta name=\"twitter:card\" content=\"summary_large_image\" \/>\n<meta name=\"twitter:label1\" content=\"Gesch\u00e4tzte Lesezeit\" \/>\n\t<meta name=\"twitter:data1\" content=\"1\u00a0Minute\" \/>\n<script type=\"application\/ld+json\" class=\"yoast-schema-graph\">{\"@context\":\"https:\/\/schema.org\",\"@graph\":[{\"@type\":\"WebPage\",\"@id\":\"https:\/\/jungle-grower.com\/produit\/black-devil-glasshouse-classic\/\",\"url\":\"https:\/\/jungle-grower.com\/produit\/black-devil-glasshouse-classic\/\",\"name\":\"Black Devil - GlassHouse Classic\",\"isPartOf\":{\"@id\":\"https:\/\/jungle-grower.com\/#website\"},\"primaryImageOfPage\":{\"@id\":\"https:\/\/jungle-grower.com\/produit\/black-devil-glasshouse-classic\/#primaryimage\"},\"image\":{\"@id\":\"https:\/\/jungle-grower.com\/produit\/black-devil-glasshouse-classic\/#primaryimage\"},\"thumbnailUrl\":\"https:\/\/jungle-grower.com\/wp-content\/uploads\/2025\/11\/Jungle-Grower-Black-Devil-scaled.jpg\",\"datePublished\":\"2025-11-05T11:22:34+00:00\",\"dateModified\":\"2026-02-23T17:12:59+00:00\",\"breadcrumb\":{\"@id\":\"https:\/\/jungle-grower.com\/produit\/black-devil-glasshouse-classic\/#breadcrumb\"},\"inLanguage\":\"de\",\"potentialAction\":[{\"@type\":\"ReadAction\",\"target\":[\"https:\/\/jungle-grower.com\/produit\/black-devil-glasshouse-classic\/\"]}]},{\"@type\":\"ImageObject\",\"inLanguage\":\"de\",\"@id\":\"https:\/\/jungle-grower.com\/produit\/black-devil-glasshouse-classic\/#primaryimage\",\"url\":\"https:\/\/jungle-grower.com\/wp-content\/uploads\/2025\/11\/Jungle-Grower-Black-Devil-scaled.jpg\",\"contentUrl\":\"https:\/\/jungle-grower.com\/wp-content\/uploads\/2025\/11\/Jungle-Grower-Black-Devil-scaled.jpg\",\"width\":1702,\"height\":2560,\"caption\":\"Black Devil\"},{\"@type\":\"BreadcrumbList\",\"@id\":\"https:\/\/jungle-grower.com\/produit\/black-devil-glasshouse-classic\/#breadcrumb\",\"itemListElement\":[{\"@type\":\"ListItem\",\"position\":1,\"name\":\"Accueil\",\"item\":\"https:\/\/jungle-grower.com\/\"},{\"@type\":\"ListItem\",\"position\":2,\"name\":\"Boutique PRO\",\"item\":\"https:\/\/jungle-grower.com\/boutique\/\"},{\"@type\":\"ListItem\",\"position\":3,\"name\":\"Black Devil &#8211; GlassHouse\"}]},{\"@type\":\"WebSite\",\"@id\":\"https:\/\/jungle-grower.com\/#website\",\"url\":\"https:\/\/jungle-grower.com\/\",\"name\":\"Jungle Grower\",\"description\":\"Grossiste CBD en France\",\"publisher\":{\"@id\":\"https:\/\/jungle-grower.com\/#organization\"},\"potentialAction\":[{\"@type\":\"SearchAction\",\"target\":{\"@type\":\"EntryPoint\",\"urlTemplate\":\"https:\/\/jungle-grower.com\/?s={search_term_string}\"},\"query-input\":{\"@type\":\"PropertyValueSpecification\",\"valueRequired\":true,\"valueName\":\"search_term_string\"}}],\"inLanguage\":\"de\"},{\"@type\":\"Organization\",\"@id\":\"https:\/\/jungle-grower.com\/#organization\",\"name\":\"Jungle Grower\",\"url\":\"https:\/\/jungle-grower.com\/\",\"logo\":{\"@type\":\"ImageObject\",\"inLanguage\":\"de\",\"@id\":\"https:\/\/jungle-grower.com\/#\/schema\/logo\/image\/\",\"url\":\"https:\/\/jungle-grower.com\/wp-content\/uploads\/2023\/08\/3904b720-b34f-4707-8345-cf9ad0a3bc06.jpg\",\"contentUrl\":\"https:\/\/jungle-grower.com\/wp-content\/uploads\/2023\/08\/3904b720-b34f-4707-8345-cf9ad0a3bc06.jpg\",\"width\":1080,\"height\":1080,\"caption\":\"Jungle Grower\"},\"image\":{\"@id\":\"https:\/\/jungle-grower.com\/#\/schema\/logo\/image\/\"}}]}<\/script>\n<!-- \/ Yoast SEO plugin. -->","yoast_head_json":{"title":"Black Devil - GlassHouse Classic","robots":{"index":"index","follow":"follow","max-snippet":"max-snippet:-1","max-image-preview":"max-image-preview:large","max-video-preview":"max-video-preview:-1"},"canonical":"https:\/\/jungle-grower.com\/de\/product\/black-devil-glasshouse-classic\/","og_locale":"de_DE","og_type":"article","og_title":"Black Devil - GlassHouse Classic","og_description":"V\u00e9ritable curiosit\u00e9 chromatique de nos GlassHouse, cette g\u00e9n\u00e9tique se distingue par une h\u00e9t\u00e9rog\u00e9n\u00e9it\u00e9 visuelle fascinante, m\u00ealant des t\u00eates vert \u00e9meraude \u00e0 des fleurs aux reflets violets et orang\u00e9s profonds, le tout port\u00e9 par un profil terp\u00e9nique explosif aux ar\u00f4mes de fruits sombres et d'\u00e9pices. Prix de vente conseill\u00e9 : 4\u20ac \u00e0 6\u20ac \/ gr","og_url":"https:\/\/jungle-grower.com\/de\/product\/black-devil-glasshouse-classic\/","og_site_name":"Jungle Grower","article_modified_time":"2026-02-23T17:12:59+00:00","og_image":[{"width":1702,"height":2560,"url":"https:\/\/jungle-grower.com\/wp-content\/uploads\/2025\/11\/Jungle-Grower-Black-Devil-scaled.jpg","type":"image\/jpeg"}],"twitter_card":"summary_large_image","twitter_misc":{"Gesch\u00e4tzte Lesezeit":"1\u00a0Minute"},"schema":{"@context":"https:\/\/schema.org","@graph":[{"@type":"WebPage","@id":"https:\/\/jungle-grower.com\/produit\/black-devil-glasshouse-classic\/","url":"https:\/\/jungle-grower.com\/produit\/black-devil-glasshouse-classic\/","name":"Black Devil - GlassHouse Classic","isPartOf":{"@id":"https:\/\/jungle-grower.com\/#website"},"primaryImageOfPage":{"@id":"https:\/\/jungle-grower.com\/produit\/black-devil-glasshouse-classic\/#primaryimage"},"image":{"@id":"https:\/\/jungle-grower.com\/produit\/black-devil-glasshouse-classic\/#primaryimage"},"thumbnailUrl":"https:\/\/jungle-grower.com\/wp-content\/uploads\/2025\/11\/Jungle-Grower-Black-Devil-scaled.jpg","datePublished":"2025-11-05T11:22:34+00:00","dateModified":"2026-02-23T17:12:59+00:00","breadcrumb":{"@id":"https:\/\/jungle-grower.com\/produit\/black-devil-glasshouse-classic\/#breadcrumb"},"inLanguage":"de","potentialAction":[{"@type":"ReadAction","target":["https:\/\/jungle-grower.com\/produit\/black-devil-glasshouse-classic\/"]}]},{"@type":"ImageObject","inLanguage":"de","@id":"https:\/\/jungle-grower.com\/produit\/black-devil-glasshouse-classic\/#primaryimage","url":"https:\/\/jungle-grower.com\/wp-content\/uploads\/2025\/11\/Jungle-Grower-Black-Devil-scaled.jpg","contentUrl":"https:\/\/jungle-grower.com\/wp-content\/uploads\/2025\/11\/Jungle-Grower-Black-Devil-scaled.jpg","width":1702,"height":2560,"caption":"Black Devil"},{"@type":"BreadcrumbList","@id":"https:\/\/jungle-grower.com\/produit\/black-devil-glasshouse-classic\/#breadcrumb","itemListElement":[{"@type":"ListItem","position":1,"name":"Accueil","item":"https:\/\/jungle-grower.com\/"},{"@type":"ListItem","position":2,"name":"Boutique PRO","item":"https:\/\/jungle-grower.com\/boutique\/"},{"@type":"ListItem","position":3,"name":"Black Devil &#8211; GlassHouse"}]},{"@type":"WebSite","@id":"https:\/\/jungle-grower.com\/#website","url":"https:\/\/jungle-grower.com\/","name":"Jungle Grower","description":"Grossiste CBD en France","publisher":{"@id":"https:\/\/jungle-grower.com\/#organization"},"potentialAction":[{"@type":"SearchAction","target":{"@type":"EntryPoint","urlTemplate":"https:\/\/jungle-grower.com\/?s={search_term_string}"},"query-input":{"@type":"PropertyValueSpecification","valueRequired":true,"valueName":"search_term_string"}}],"inLanguage":"de"},{"@type":"Organization","@id":"https:\/\/jungle-grower.com\/#organization","name":"Jungle Grower","url":"https:\/\/jungle-grower.com\/","logo":{"@type":"ImageObject","inLanguage":"de","@id":"https:\/\/jungle-grower.com\/#\/schema\/logo\/image\/","url":"https:\/\/jungle-grower.com\/wp-content\/uploads\/2023\/08\/3904b720-b34f-4707-8345-cf9ad0a3bc06.jpg","contentUrl":"https:\/\/jungle-grower.com\/wp-content\/uploads\/2023\/08\/3904b720-b34f-4707-8345-cf9ad0a3bc06.jpg","width":1080,"height":1080,"caption":"Jungle Grower"},"image":{"@id":"https:\/\/jungle-grower.com\/#\/schema\/logo\/image\/"}}]}},"jetpack_sharing_enabled":true,"_links":{"self":[{"href":"https:\/\/jungle-grower.com\/de\/wp-json\/wp\/v2\/product\/5598","targetHints":{"allow":["GET"]}}],"collection":[{"href":"https:\/\/jungle-grower.com\/de\/wp-json\/wp\/v2\/product"}],"about":[{"href":"https:\/\/jungle-grower.com\/de\/wp-json\/wp\/v2\/types\/product"}],"replies":[{"embeddable":true,"href":"https:\/\/jungle-grower.com\/de\/wp-json\/wp\/v2\/comments?post=5598"}],"wp:featuredmedia":[{"embeddable":true,"href":"https:\/\/jungle-grower.com\/de\/wp-json\/wp\/v2\/media\/6276"}],"wp:attachment":[{"href":"https:\/\/jungle-grower.com\/de\/wp-json\/wp\/v2\/media?parent=5598"}],"wp:term":[{"taxonomy":"product_cat","embeddable":true,"href":"https:\/\/jungle-grower.com\/de\/wp-json\/wp\/v2\/product_cat?post=5598"},{"taxonomy":"product_tag","embeddable":true,"href":"https:\/\/jungle-grower.com\/de\/wp-json\/wp\/v2\/product_tag?post=5598"}],"curies":[{"name":"wp","href":"https:\/\/api.w.org\/{rel}","templated":true}]}}