{"id":5588,"date":"2025-11-05T11:19:47","date_gmt":"2025-11-05T11:19:47","guid":{"rendered":"https:\/\/jungle-grower.com\/?post_type=product&#038;p=5588"},"modified":"2026-02-23T18:29:25","modified_gmt":"2026-02-23T18:29:25","slug":"girl-scoot-cookies-glasshouse-premium","status":"publish","type":"product","link":"https:\/\/jungle-grower.com\/de\/product\/girl-scoot-cookies-glasshouse-premium\/","title":{"rendered":"Girl Scoot Cookies &#8211; USA &#8211; Glasshouse"},"content":{"rendered":"","protected":false},"excerpt":{"rendered":"<p data-path-to-node=\"1\">Issue de nos <b data-path-to-node=\"1\" data-index-in-node=\"13\">GlassHouse<\/b> de 2500m\u00b2, cette ic\u00f4ne californienne exprime un ph\u00e9notype d&#8217;exception o\u00f9 les terp\u00e8nes sucr\u00e9s et \u00e9pic\u00e9s s&#8217;entrelacent sur des fleurs denses, t\u00e9moignant d&#8217;une g\u00e9n\u00e9tique pure et d&#8217;un savoir-faire de producteur sans compromis.<\/p>\n<p data-path-to-node=\"2\">Prix de vente conseill\u00e9 : 4\u20ac \u00e0 6\u20ac \/ gr<\/p>","protected":false},"featured_media":6182,"comment_status":"open","ping_status":"closed","template":"","meta":[],"product_cat":[66],"product_tag":[47],"class_list":{"0":"post-5588","1":"product","2":"type-product","3":"status-publish","4":"has-post-thumbnail","6":"product_cat-usa","7":"product_tag-big","9":"first","10":"instock","11":"taxable","12":"shipping-taxable","13":"purchasable","14":"product-type-variable"},"acf":[],"yoast_head":"<!-- This site is optimized with the Yoast SEO plugin v26.3 - https:\/\/yoast.com\/wordpress\/plugins\/seo\/ -->\n<title>Girl Scoot Cookies - GlassHouse Premium<\/title>\n<meta name=\"robots\" content=\"index, follow, max-snippet:-1, max-image-preview:large, max-video-preview:-1\" \/>\n<link rel=\"canonical\" href=\"https:\/\/jungle-grower.com\/de\/product\/girl-scoot-cookies-glasshouse-premium\/\" \/>\n<meta property=\"og:locale\" content=\"de_DE\" \/>\n<meta property=\"og:type\" content=\"article\" \/>\n<meta property=\"og:title\" content=\"Girl Scoot Cookies - GlassHouse Premium\" \/>\n<meta property=\"og:description\" content=\"Issue de nos GlassHouse de 2500m\u00b2, cette ic\u00f4ne californienne exprime un ph\u00e9notype d&#039;exception o\u00f9 les terp\u00e8nes sucr\u00e9s et \u00e9pic\u00e9s s&#039;entrelacent sur des fleurs denses, t\u00e9moignant d&#039;une g\u00e9n\u00e9tique pure et d&#039;un savoir-faire de producteur sans compromis. Prix de vente conseill\u00e9 : 4\u20ac \u00e0 6\u20ac \/ gr\" \/>\n<meta property=\"og:url\" content=\"https:\/\/jungle-grower.com\/de\/product\/girl-scoot-cookies-glasshouse-premium\/\" \/>\n<meta property=\"og:site_name\" content=\"Jungle Grower\" \/>\n<meta property=\"article:modified_time\" content=\"2026-02-23T18:29:25+00:00\" \/>\n<meta property=\"og:image\" content=\"https:\/\/jungle-grower.com\/wp-content\/uploads\/2025\/11\/Girl-Scoot-Cookies.jpeg\" \/>\n\t<meta property=\"og:image:width\" content=\"1530\" \/>\n\t<meta property=\"og:image:height\" content=\"2040\" \/>\n\t<meta property=\"og:image:type\" content=\"image\/jpeg\" \/>\n<meta name=\"twitter:card\" content=\"summary_large_image\" \/>\n<meta name=\"twitter:label1\" content=\"Gesch\u00e4tzte Lesezeit\" \/>\n\t<meta name=\"twitter:data1\" content=\"1\u00a0Minute\" \/>\n<script type=\"application\/ld+json\" class=\"yoast-schema-graph\">{\"@context\":\"https:\/\/schema.org\",\"@graph\":[{\"@type\":\"WebPage\",\"@id\":\"https:\/\/jungle-grower.com\/produit\/girl-scoot-cookies-glasshouse-premium\/\",\"url\":\"https:\/\/jungle-grower.com\/produit\/girl-scoot-cookies-glasshouse-premium\/\",\"name\":\"Girl Scoot Cookies - GlassHouse Premium\",\"isPartOf\":{\"@id\":\"https:\/\/jungle-grower.com\/#website\"},\"primaryImageOfPage\":{\"@id\":\"https:\/\/jungle-grower.com\/produit\/girl-scoot-cookies-glasshouse-premium\/#primaryimage\"},\"image\":{\"@id\":\"https:\/\/jungle-grower.com\/produit\/girl-scoot-cookies-glasshouse-premium\/#primaryimage\"},\"thumbnailUrl\":\"https:\/\/jungle-grower.com\/wp-content\/uploads\/2025\/11\/Girl-Scoot-Cookies.jpeg\",\"datePublished\":\"2025-11-05T11:19:47+00:00\",\"dateModified\":\"2026-02-23T18:29:25+00:00\",\"breadcrumb\":{\"@id\":\"https:\/\/jungle-grower.com\/produit\/girl-scoot-cookies-glasshouse-premium\/#breadcrumb\"},\"inLanguage\":\"de\",\"potentialAction\":[{\"@type\":\"ReadAction\",\"target\":[\"https:\/\/jungle-grower.com\/produit\/girl-scoot-cookies-glasshouse-premium\/\"]}]},{\"@type\":\"ImageObject\",\"inLanguage\":\"de\",\"@id\":\"https:\/\/jungle-grower.com\/produit\/girl-scoot-cookies-glasshouse-premium\/#primaryimage\",\"url\":\"https:\/\/jungle-grower.com\/wp-content\/uploads\/2025\/11\/Girl-Scoot-Cookies.jpeg\",\"contentUrl\":\"https:\/\/jungle-grower.com\/wp-content\/uploads\/2025\/11\/Girl-Scoot-Cookies.jpeg\",\"width\":1530,\"height\":2040,\"caption\":\"Girl Scoot Cookies\"},{\"@type\":\"BreadcrumbList\",\"@id\":\"https:\/\/jungle-grower.com\/produit\/girl-scoot-cookies-glasshouse-premium\/#breadcrumb\",\"itemListElement\":[{\"@type\":\"ListItem\",\"position\":1,\"name\":\"Accueil\",\"item\":\"https:\/\/jungle-grower.com\/\"},{\"@type\":\"ListItem\",\"position\":2,\"name\":\"Boutique PRO\",\"item\":\"https:\/\/jungle-grower.com\/boutique\/\"},{\"@type\":\"ListItem\",\"position\":3,\"name\":\"Girl Scoot Cookies &#8211; USA &#8211; Glasshouse\"}]},{\"@type\":\"WebSite\",\"@id\":\"https:\/\/jungle-grower.com\/#website\",\"url\":\"https:\/\/jungle-grower.com\/\",\"name\":\"Jungle Grower\",\"description\":\"Grossiste CBD en France\",\"publisher\":{\"@id\":\"https:\/\/jungle-grower.com\/#organization\"},\"potentialAction\":[{\"@type\":\"SearchAction\",\"target\":{\"@type\":\"EntryPoint\",\"urlTemplate\":\"https:\/\/jungle-grower.com\/?s={search_term_string}\"},\"query-input\":{\"@type\":\"PropertyValueSpecification\",\"valueRequired\":true,\"valueName\":\"search_term_string\"}}],\"inLanguage\":\"de\"},{\"@type\":\"Organization\",\"@id\":\"https:\/\/jungle-grower.com\/#organization\",\"name\":\"Jungle Grower\",\"url\":\"https:\/\/jungle-grower.com\/\",\"logo\":{\"@type\":\"ImageObject\",\"inLanguage\":\"de\",\"@id\":\"https:\/\/jungle-grower.com\/#\/schema\/logo\/image\/\",\"url\":\"https:\/\/jungle-grower.com\/wp-content\/uploads\/2023\/08\/3904b720-b34f-4707-8345-cf9ad0a3bc06.jpg\",\"contentUrl\":\"https:\/\/jungle-grower.com\/wp-content\/uploads\/2023\/08\/3904b720-b34f-4707-8345-cf9ad0a3bc06.jpg\",\"width\":1080,\"height\":1080,\"caption\":\"Jungle Grower\"},\"image\":{\"@id\":\"https:\/\/jungle-grower.com\/#\/schema\/logo\/image\/\"}}]}<\/script>\n<!-- \/ Yoast SEO plugin. -->","yoast_head_json":{"title":"Girl Scoot Cookies - GlassHouse Premium","robots":{"index":"index","follow":"follow","max-snippet":"max-snippet:-1","max-image-preview":"max-image-preview:large","max-video-preview":"max-video-preview:-1"},"canonical":"https:\/\/jungle-grower.com\/de\/product\/girl-scoot-cookies-glasshouse-premium\/","og_locale":"de_DE","og_type":"article","og_title":"Girl Scoot Cookies - GlassHouse Premium","og_description":"Issue de nos GlassHouse de 2500m\u00b2, cette ic\u00f4ne californienne exprime un ph\u00e9notype d'exception o\u00f9 les terp\u00e8nes sucr\u00e9s et \u00e9pic\u00e9s s'entrelacent sur des fleurs denses, t\u00e9moignant d'une g\u00e9n\u00e9tique pure et d'un savoir-faire de producteur sans compromis. Prix de vente conseill\u00e9 : 4\u20ac \u00e0 6\u20ac \/ gr","og_url":"https:\/\/jungle-grower.com\/de\/product\/girl-scoot-cookies-glasshouse-premium\/","og_site_name":"Jungle Grower","article_modified_time":"2026-02-23T18:29:25+00:00","og_image":[{"width":1530,"height":2040,"url":"https:\/\/jungle-grower.com\/wp-content\/uploads\/2025\/11\/Girl-Scoot-Cookies.jpeg","type":"image\/jpeg"}],"twitter_card":"summary_large_image","twitter_misc":{"Gesch\u00e4tzte Lesezeit":"1\u00a0Minute"},"schema":{"@context":"https:\/\/schema.org","@graph":[{"@type":"WebPage","@id":"https:\/\/jungle-grower.com\/produit\/girl-scoot-cookies-glasshouse-premium\/","url":"https:\/\/jungle-grower.com\/produit\/girl-scoot-cookies-glasshouse-premium\/","name":"Girl Scoot Cookies - GlassHouse Premium","isPartOf":{"@id":"https:\/\/jungle-grower.com\/#website"},"primaryImageOfPage":{"@id":"https:\/\/jungle-grower.com\/produit\/girl-scoot-cookies-glasshouse-premium\/#primaryimage"},"image":{"@id":"https:\/\/jungle-grower.com\/produit\/girl-scoot-cookies-glasshouse-premium\/#primaryimage"},"thumbnailUrl":"https:\/\/jungle-grower.com\/wp-content\/uploads\/2025\/11\/Girl-Scoot-Cookies.jpeg","datePublished":"2025-11-05T11:19:47+00:00","dateModified":"2026-02-23T18:29:25+00:00","breadcrumb":{"@id":"https:\/\/jungle-grower.com\/produit\/girl-scoot-cookies-glasshouse-premium\/#breadcrumb"},"inLanguage":"de","potentialAction":[{"@type":"ReadAction","target":["https:\/\/jungle-grower.com\/produit\/girl-scoot-cookies-glasshouse-premium\/"]}]},{"@type":"ImageObject","inLanguage":"de","@id":"https:\/\/jungle-grower.com\/produit\/girl-scoot-cookies-glasshouse-premium\/#primaryimage","url":"https:\/\/jungle-grower.com\/wp-content\/uploads\/2025\/11\/Girl-Scoot-Cookies.jpeg","contentUrl":"https:\/\/jungle-grower.com\/wp-content\/uploads\/2025\/11\/Girl-Scoot-Cookies.jpeg","width":1530,"height":2040,"caption":"Girl Scoot Cookies"},{"@type":"BreadcrumbList","@id":"https:\/\/jungle-grower.com\/produit\/girl-scoot-cookies-glasshouse-premium\/#breadcrumb","itemListElement":[{"@type":"ListItem","position":1,"name":"Accueil","item":"https:\/\/jungle-grower.com\/"},{"@type":"ListItem","position":2,"name":"Boutique PRO","item":"https:\/\/jungle-grower.com\/boutique\/"},{"@type":"ListItem","position":3,"name":"Girl Scoot Cookies &#8211; USA &#8211; Glasshouse"}]},{"@type":"WebSite","@id":"https:\/\/jungle-grower.com\/#website","url":"https:\/\/jungle-grower.com\/","name":"Jungle Grower","description":"Grossiste CBD en France","publisher":{"@id":"https:\/\/jungle-grower.com\/#organization"},"potentialAction":[{"@type":"SearchAction","target":{"@type":"EntryPoint","urlTemplate":"https:\/\/jungle-grower.com\/?s={search_term_string}"},"query-input":{"@type":"PropertyValueSpecification","valueRequired":true,"valueName":"search_term_string"}}],"inLanguage":"de"},{"@type":"Organization","@id":"https:\/\/jungle-grower.com\/#organization","name":"Jungle Grower","url":"https:\/\/jungle-grower.com\/","logo":{"@type":"ImageObject","inLanguage":"de","@id":"https:\/\/jungle-grower.com\/#\/schema\/logo\/image\/","url":"https:\/\/jungle-grower.com\/wp-content\/uploads\/2023\/08\/3904b720-b34f-4707-8345-cf9ad0a3bc06.jpg","contentUrl":"https:\/\/jungle-grower.com\/wp-content\/uploads\/2023\/08\/3904b720-b34f-4707-8345-cf9ad0a3bc06.jpg","width":1080,"height":1080,"caption":"Jungle Grower"},"image":{"@id":"https:\/\/jungle-grower.com\/#\/schema\/logo\/image\/"}}]}},"jetpack_sharing_enabled":true,"_links":{"self":[{"href":"https:\/\/jungle-grower.com\/de\/wp-json\/wp\/v2\/product\/5588","targetHints":{"allow":["GET"]}}],"collection":[{"href":"https:\/\/jungle-grower.com\/de\/wp-json\/wp\/v2\/product"}],"about":[{"href":"https:\/\/jungle-grower.com\/de\/wp-json\/wp\/v2\/types\/product"}],"replies":[{"embeddable":true,"href":"https:\/\/jungle-grower.com\/de\/wp-json\/wp\/v2\/comments?post=5588"}],"wp:featuredmedia":[{"embeddable":true,"href":"https:\/\/jungle-grower.com\/de\/wp-json\/wp\/v2\/media\/6182"}],"wp:attachment":[{"href":"https:\/\/jungle-grower.com\/de\/wp-json\/wp\/v2\/media?parent=5588"}],"wp:term":[{"taxonomy":"product_cat","embeddable":true,"href":"https:\/\/jungle-grower.com\/de\/wp-json\/wp\/v2\/product_cat?post=5588"},{"taxonomy":"product_tag","embeddable":true,"href":"https:\/\/jungle-grower.com\/de\/wp-json\/wp\/v2\/product_tag?post=5588"}],"curies":[{"name":"wp","href":"https:\/\/api.w.org\/{rel}","templated":true}]}}