{"id":5556,"date":"2025-11-04T14:57:25","date_gmt":"2025-11-04T14:57:25","guid":{"rendered":"https:\/\/jungle-grower.com\/?post_type=product&#038;p=5556"},"modified":"2026-02-23T18:30:12","modified_gmt":"2026-02-23T18:30:12","slug":"purple-haze-glasshouse-avec-lampes","status":"publish","type":"product","link":"https:\/\/jungle-grower.com\/de\/product\/purple-haze-glasshouse-avec-lampes\/","title":{"rendered":"Purple Haze &#8211; USA &#8211; GlassHouse lampes"},"content":{"rendered":"","protected":false},"excerpt":{"rendered":"<p data-path-to-node=\"1\"><strong>Purple Haze &#8211; Glasshouse Lampes (USA Genetics)<\/strong><\/p>\n<p data-path-to-node=\"2\">Issue de nos cultures en Glasshouse sous assistance lumineuse, cette g\u00e9n\u00e9tique iconique se distingue par des t\u00eates <b data-path-to-node=\"2\" data-index-in-node=\"125\">extr\u00eamement compactes<\/b> et un profil aromatique intens\u00e9ment fruit\u00e9, offrant une qualit\u00e9 sup\u00e9rieure \u00e0 la Haze classique.<\/p>\n<p data-path-to-node=\"3\">Prix de vente conseill\u00e9 : 5\u20ac \u00e0 8\u20ac \/ gr<\/p>","protected":false},"featured_media":6000,"comment_status":"open","ping_status":"closed","template":"","meta":[],"product_cat":[66],"product_tag":[47],"class_list":{"0":"post-5556","1":"product","2":"type-product","3":"status-publish","4":"has-post-thumbnail","6":"product_cat-usa","7":"product_tag-big","9":"first","10":"instock","11":"taxable","12":"shipping-taxable","13":"purchasable","14":"product-type-variable"},"acf":[],"yoast_head":"<!-- This site is optimized with the Yoast SEO plugin v26.3 - https:\/\/yoast.com\/wordpress\/plugins\/seo\/ -->\n<title>Purple Haze - GlassHouse avec lampes<\/title>\n<meta name=\"robots\" content=\"index, follow, max-snippet:-1, max-image-preview:large, max-video-preview:-1\" \/>\n<link rel=\"canonical\" href=\"https:\/\/jungle-grower.com\/de\/product\/purple-haze-glasshouse-avec-lampes\/\" \/>\n<meta property=\"og:locale\" content=\"de_DE\" \/>\n<meta property=\"og:type\" content=\"article\" \/>\n<meta property=\"og:title\" content=\"Purple Haze - GlassHouse avec lampes\" \/>\n<meta property=\"og:description\" content=\"Purple Haze - Glasshouse Lampes (USA Genetics) Issue de nos cultures en Glasshouse sous assistance lumineuse, cette g\u00e9n\u00e9tique iconique se distingue par des t\u00eates extr\u00eamement compactes et un profil aromatique intens\u00e9ment fruit\u00e9, offrant une qualit\u00e9 sup\u00e9rieure \u00e0 la Haze classique. Prix de vente conseill\u00e9 : 5\u20ac \u00e0 8\u20ac \/ gr\" \/>\n<meta property=\"og:url\" content=\"https:\/\/jungle-grower.com\/de\/product\/purple-haze-glasshouse-avec-lampes\/\" \/>\n<meta property=\"og:site_name\" content=\"Jungle Grower\" \/>\n<meta property=\"article:modified_time\" content=\"2026-02-23T18:30:12+00:00\" \/>\n<meta property=\"og:image\" content=\"https:\/\/jungle-grower.com\/wp-content\/uploads\/2025\/11\/Purple-Haze2-768x1024.png\" \/>\n\t<meta property=\"og:image:width\" content=\"768\" \/>\n\t<meta property=\"og:image:height\" content=\"1024\" \/>\n\t<meta property=\"og:image:type\" content=\"image\/png\" \/>\n<meta name=\"twitter:card\" content=\"summary_large_image\" \/>\n<meta name=\"twitter:label1\" content=\"Gesch\u00e4tzte Lesezeit\" \/>\n\t<meta name=\"twitter:data1\" content=\"1\u00a0Minute\" \/>\n<script type=\"application\/ld+json\" class=\"yoast-schema-graph\">{\"@context\":\"https:\/\/schema.org\",\"@graph\":[{\"@type\":\"WebPage\",\"@id\":\"https:\/\/jungle-grower.com\/produit\/purple-haze-glasshouse-avec-lampes\/\",\"url\":\"https:\/\/jungle-grower.com\/produit\/purple-haze-glasshouse-avec-lampes\/\",\"name\":\"Purple Haze - GlassHouse avec lampes\",\"isPartOf\":{\"@id\":\"https:\/\/jungle-grower.com\/#website\"},\"primaryImageOfPage\":{\"@id\":\"https:\/\/jungle-grower.com\/produit\/purple-haze-glasshouse-avec-lampes\/#primaryimage\"},\"image\":{\"@id\":\"https:\/\/jungle-grower.com\/produit\/purple-haze-glasshouse-avec-lampes\/#primaryimage\"},\"thumbnailUrl\":\"https:\/\/jungle-grower.com\/wp-content\/uploads\/2025\/11\/Purple-Haze2-scaled.png\",\"datePublished\":\"2025-11-04T14:57:25+00:00\",\"dateModified\":\"2026-02-23T18:30:12+00:00\",\"breadcrumb\":{\"@id\":\"https:\/\/jungle-grower.com\/produit\/purple-haze-glasshouse-avec-lampes\/#breadcrumb\"},\"inLanguage\":\"de\",\"potentialAction\":[{\"@type\":\"ReadAction\",\"target\":[\"https:\/\/jungle-grower.com\/produit\/purple-haze-glasshouse-avec-lampes\/\"]}]},{\"@type\":\"ImageObject\",\"inLanguage\":\"de\",\"@id\":\"https:\/\/jungle-grower.com\/produit\/purple-haze-glasshouse-avec-lampes\/#primaryimage\",\"url\":\"https:\/\/jungle-grower.com\/wp-content\/uploads\/2025\/11\/Purple-Haze2-scaled.png\",\"contentUrl\":\"https:\/\/jungle-grower.com\/wp-content\/uploads\/2025\/11\/Purple-Haze2-scaled.png\",\"width\":1920,\"height\":2560,\"caption\":\"Purple Haze2\"},{\"@type\":\"BreadcrumbList\",\"@id\":\"https:\/\/jungle-grower.com\/produit\/purple-haze-glasshouse-avec-lampes\/#breadcrumb\",\"itemListElement\":[{\"@type\":\"ListItem\",\"position\":1,\"name\":\"Accueil\",\"item\":\"https:\/\/jungle-grower.com\/\"},{\"@type\":\"ListItem\",\"position\":2,\"name\":\"Boutique PRO\",\"item\":\"https:\/\/jungle-grower.com\/boutique\/\"},{\"@type\":\"ListItem\",\"position\":3,\"name\":\"Purple Haze &#8211; USA &#8211; GlassHouse lampes\"}]},{\"@type\":\"WebSite\",\"@id\":\"https:\/\/jungle-grower.com\/#website\",\"url\":\"https:\/\/jungle-grower.com\/\",\"name\":\"Jungle Grower\",\"description\":\"Grossiste CBD en France\",\"publisher\":{\"@id\":\"https:\/\/jungle-grower.com\/#organization\"},\"potentialAction\":[{\"@type\":\"SearchAction\",\"target\":{\"@type\":\"EntryPoint\",\"urlTemplate\":\"https:\/\/jungle-grower.com\/?s={search_term_string}\"},\"query-input\":{\"@type\":\"PropertyValueSpecification\",\"valueRequired\":true,\"valueName\":\"search_term_string\"}}],\"inLanguage\":\"de\"},{\"@type\":\"Organization\",\"@id\":\"https:\/\/jungle-grower.com\/#organization\",\"name\":\"Jungle Grower\",\"url\":\"https:\/\/jungle-grower.com\/\",\"logo\":{\"@type\":\"ImageObject\",\"inLanguage\":\"de\",\"@id\":\"https:\/\/jungle-grower.com\/#\/schema\/logo\/image\/\",\"url\":\"https:\/\/jungle-grower.com\/wp-content\/uploads\/2023\/08\/3904b720-b34f-4707-8345-cf9ad0a3bc06.jpg\",\"contentUrl\":\"https:\/\/jungle-grower.com\/wp-content\/uploads\/2023\/08\/3904b720-b34f-4707-8345-cf9ad0a3bc06.jpg\",\"width\":1080,\"height\":1080,\"caption\":\"Jungle Grower\"},\"image\":{\"@id\":\"https:\/\/jungle-grower.com\/#\/schema\/logo\/image\/\"}}]}<\/script>\n<!-- \/ Yoast SEO plugin. -->","yoast_head_json":{"title":"Purple Haze - GlassHouse avec lampes","robots":{"index":"index","follow":"follow","max-snippet":"max-snippet:-1","max-image-preview":"max-image-preview:large","max-video-preview":"max-video-preview:-1"},"canonical":"https:\/\/jungle-grower.com\/de\/product\/purple-haze-glasshouse-avec-lampes\/","og_locale":"de_DE","og_type":"article","og_title":"Purple Haze - GlassHouse avec lampes","og_description":"Purple Haze - Glasshouse Lampes (USA Genetics) Issue de nos cultures en Glasshouse sous assistance lumineuse, cette g\u00e9n\u00e9tique iconique se distingue par des t\u00eates extr\u00eamement compactes et un profil aromatique intens\u00e9ment fruit\u00e9, offrant une qualit\u00e9 sup\u00e9rieure \u00e0 la Haze classique. Prix de vente conseill\u00e9 : 5\u20ac \u00e0 8\u20ac \/ gr","og_url":"https:\/\/jungle-grower.com\/de\/product\/purple-haze-glasshouse-avec-lampes\/","og_site_name":"Jungle Grower","article_modified_time":"2026-02-23T18:30:12+00:00","og_image":[{"width":768,"height":1024,"url":"https:\/\/jungle-grower.com\/wp-content\/uploads\/2025\/11\/Purple-Haze2-768x1024.png","type":"image\/png"}],"twitter_card":"summary_large_image","twitter_misc":{"Gesch\u00e4tzte Lesezeit":"1\u00a0Minute"},"schema":{"@context":"https:\/\/schema.org","@graph":[{"@type":"WebPage","@id":"https:\/\/jungle-grower.com\/produit\/purple-haze-glasshouse-avec-lampes\/","url":"https:\/\/jungle-grower.com\/produit\/purple-haze-glasshouse-avec-lampes\/","name":"Purple Haze - GlassHouse avec lampes","isPartOf":{"@id":"https:\/\/jungle-grower.com\/#website"},"primaryImageOfPage":{"@id":"https:\/\/jungle-grower.com\/produit\/purple-haze-glasshouse-avec-lampes\/#primaryimage"},"image":{"@id":"https:\/\/jungle-grower.com\/produit\/purple-haze-glasshouse-avec-lampes\/#primaryimage"},"thumbnailUrl":"https:\/\/jungle-grower.com\/wp-content\/uploads\/2025\/11\/Purple-Haze2-scaled.png","datePublished":"2025-11-04T14:57:25+00:00","dateModified":"2026-02-23T18:30:12+00:00","breadcrumb":{"@id":"https:\/\/jungle-grower.com\/produit\/purple-haze-glasshouse-avec-lampes\/#breadcrumb"},"inLanguage":"de","potentialAction":[{"@type":"ReadAction","target":["https:\/\/jungle-grower.com\/produit\/purple-haze-glasshouse-avec-lampes\/"]}]},{"@type":"ImageObject","inLanguage":"de","@id":"https:\/\/jungle-grower.com\/produit\/purple-haze-glasshouse-avec-lampes\/#primaryimage","url":"https:\/\/jungle-grower.com\/wp-content\/uploads\/2025\/11\/Purple-Haze2-scaled.png","contentUrl":"https:\/\/jungle-grower.com\/wp-content\/uploads\/2025\/11\/Purple-Haze2-scaled.png","width":1920,"height":2560,"caption":"Purple Haze2"},{"@type":"BreadcrumbList","@id":"https:\/\/jungle-grower.com\/produit\/purple-haze-glasshouse-avec-lampes\/#breadcrumb","itemListElement":[{"@type":"ListItem","position":1,"name":"Accueil","item":"https:\/\/jungle-grower.com\/"},{"@type":"ListItem","position":2,"name":"Boutique PRO","item":"https:\/\/jungle-grower.com\/boutique\/"},{"@type":"ListItem","position":3,"name":"Purple Haze &#8211; USA &#8211; GlassHouse lampes"}]},{"@type":"WebSite","@id":"https:\/\/jungle-grower.com\/#website","url":"https:\/\/jungle-grower.com\/","name":"Jungle Grower","description":"Grossiste CBD en France","publisher":{"@id":"https:\/\/jungle-grower.com\/#organization"},"potentialAction":[{"@type":"SearchAction","target":{"@type":"EntryPoint","urlTemplate":"https:\/\/jungle-grower.com\/?s={search_term_string}"},"query-input":{"@type":"PropertyValueSpecification","valueRequired":true,"valueName":"search_term_string"}}],"inLanguage":"de"},{"@type":"Organization","@id":"https:\/\/jungle-grower.com\/#organization","name":"Jungle Grower","url":"https:\/\/jungle-grower.com\/","logo":{"@type":"ImageObject","inLanguage":"de","@id":"https:\/\/jungle-grower.com\/#\/schema\/logo\/image\/","url":"https:\/\/jungle-grower.com\/wp-content\/uploads\/2023\/08\/3904b720-b34f-4707-8345-cf9ad0a3bc06.jpg","contentUrl":"https:\/\/jungle-grower.com\/wp-content\/uploads\/2023\/08\/3904b720-b34f-4707-8345-cf9ad0a3bc06.jpg","width":1080,"height":1080,"caption":"Jungle Grower"},"image":{"@id":"https:\/\/jungle-grower.com\/#\/schema\/logo\/image\/"}}]}},"jetpack_sharing_enabled":true,"_links":{"self":[{"href":"https:\/\/jungle-grower.com\/de\/wp-json\/wp\/v2\/product\/5556","targetHints":{"allow":["GET"]}}],"collection":[{"href":"https:\/\/jungle-grower.com\/de\/wp-json\/wp\/v2\/product"}],"about":[{"href":"https:\/\/jungle-grower.com\/de\/wp-json\/wp\/v2\/types\/product"}],"replies":[{"embeddable":true,"href":"https:\/\/jungle-grower.com\/de\/wp-json\/wp\/v2\/comments?post=5556"}],"wp:featuredmedia":[{"embeddable":true,"href":"https:\/\/jungle-grower.com\/de\/wp-json\/wp\/v2\/media\/6000"}],"wp:attachment":[{"href":"https:\/\/jungle-grower.com\/de\/wp-json\/wp\/v2\/media?parent=5556"}],"wp:term":[{"taxonomy":"product_cat","embeddable":true,"href":"https:\/\/jungle-grower.com\/de\/wp-json\/wp\/v2\/product_cat?post=5556"},{"taxonomy":"product_tag","embeddable":true,"href":"https:\/\/jungle-grower.com\/de\/wp-json\/wp\/v2\/product_tag?post=5556"}],"curies":[{"name":"wp","href":"https:\/\/api.w.org\/{rel}","templated":true}]}}